{"id":84,"date":"2024-06-05T04:19:29","date_gmt":"2024-06-05T04:19:29","guid":{"rendered":"https:\/\/ensystex.com.vn\/?page_id=84"},"modified":"2025-10-14T11:45:02","modified_gmt":"2025-10-14T11:45:02","slug":"about-us-2","status":"publish","type":"page","link":"https:\/\/ensystex.com.vn\/vi\/about-us-2\/","title":{"rendered":"About Us"},"content":{"rendered":"<div data-elementor-type=\"wp-page\" data-elementor-id=\"84\" class=\"elementor elementor-84\" data-elementor-post-type=\"page\">\n\t\t\t\t<div class=\"elementor-element elementor-element-49d8d45 e-flex e-con-boxed e-con e-parent\" data-id=\"49d8d45\" data-element_type=\"container\">\n\t\t\t\t\t<div class=\"e-con-inner\">\n\t\t\t\t<div class=\"elementor-element elementor-element-ce47e13 elementor-widget elementor-widget-heading\" data-id=\"ce47e13\" data-element_type=\"widget\" data-widget_type=\"heading.default\">\n\t\t\t\t<div class=\"elementor-widget-container\">\n\t\t\t\t\t<h2 class=\"elementor-heading-title elementor-size-default\">Ch\u00e0o m\u1eebng \u0111\u1ebfn v\u1edbi Ensystex<\/h2>\t\t\t\t<\/div>\n\t\t\t\t<\/div>\n\t\t\t\t<div class=\"elementor-element elementor-element-fdb872a elementor-widget__width-initial elementor-widget-mobile__width-initial elementor-widget elementor-widget-text-editor\" data-id=\"fdb872a\" data-element_type=\"widget\" data-widget_type=\"text-editor.default\">\n\t\t\t\t<div class=\"elementor-widget-container\">\n\t\t\t\t\t\t\t\t\t<div class=\"rich-text__text rte\"><p>Ensystex nghi\u00ean c\u1ee9u, ph\u00e1t tri\u1ec3n, x\u00e2y d\u1ef1ng, s\u1ea3n xu\u1ea5t v\u00e0 cung c\u1ea5p c\u00e1c gi\u1ea3i ph\u00e1p qu\u1ea3n l\u00fd d\u1ecbch h\u1ea1i \u0111\u00f4 th\u1ecb ch\u1ea5t l\u01b0\u1ee3ng cao, th\u00e2n thi\u1ec7n v\u00e0 c\u00f3 tr\u00e1ch nhi\u1ec7m v\u1edbi m\u00f4i tr\u01b0\u1eddng \u0111\u1ebfn c\u00e1c nh\u00e0 qu\u1ea3n l\u00fd d\u1ecbch h\u1ea1i chuy\u00ean nghi\u1ec7p; v\u00e0 \u0111\u00e3 \u0111\u1ea1t \u0111\u01b0\u1ee3c danh ti\u1ebfng t\u1ed1t tr\u00ean th\u1ecb tr\u01b0\u1eddng qu\u1ed1c t\u1ebf cho c\u00e1c s\u1ea3n ph\u1ea9m n\u00e0y.<\/p><p>Kh\u00f4ng gi\u1ed1ng nh\u01b0 c\u00e1c c\u00f4ng ty kh\u00e1c khi ki\u1ec3m so\u00e1t d\u1ecbch h\u1ea1i \u0111\u00f4 th\u1ecb l\u00e0 m\u1ed9t s\u1ea3n ph\u1ea9m ph\u00e1i sinh t\u1eeb ho\u1ea1t \u0111\u1ed9ng kinh doanh n\u00f4ng nghi\u1ec7p sinh l\u1ee3i h\u01a1n; Ensystex t\u1eadp trung v\u00e0o th\u1ecb tr\u01b0\u1eddng qu\u1ea3n l\u00fd d\u1ecbch h\u1ea1i \u0111\u00f4 th\u1ecb v\u1edbi \u0111\u1eb7c \u0111i\u1ec3m kh\u00e1c bi\u1ec7t \u0111\u1ed9c \u0111\u00e1o.<\/p><p>T\u1ea7m nh\u00ecn c\u1ee7a Ensystex l\u00e0 tr\u1edf th\u00e0nh \"s\u1ef1 l\u1ef1a ch\u1ecdn h\u00e0ng \u0111\u1ea7u cho c\u00e1c gi\u1ea3i ph\u00e1p qu\u1ea3n l\u00fd d\u1ecbch h\u1ea1i l\u00e2u d\u00e0i, hi\u1ec7u qu\u1ea3 v\u00e0 th\u00e2n thi\u1ec7n, c\u00f3 tr\u00e1ch nhi\u1ec7m v\u1edbi m\u00f4i tr\u01b0\u1eddng\u201d.<\/p><p>Ensystex l\u00e0 m\u1ed9t c\u00f4ng ty t\u01b0 nh\u00e2n, chuy\u00ean cung c\u1ea5p c\u00e1c s\u1ea3n ph\u1ea9m cao c\u1ea5p cho c\u00e1c nh\u00e0 qu\u1ea3n l\u00fd d\u1ecbch h\u1ea1i chuy\u00ean nghi\u1ec7p. L\u00e0 m\u1ed9t c\u00f4ng ty qu\u1ed1c t\u1ebf d\u1ef1a tr\u00ean nghi\u00ean c\u1ee9u, Ensystex c\u00f3 c\u00e1c c\u01a1 s\u1edf t\u1ed5ng h\u1ee3p ho\u1ea1t ch\u1ea5t v\u00e0 s\u1ea3n xu\u1ea5t s\u1ea3n ph\u1ea9m t\u1ea1i nhi\u1ec1u qu\u1ed1c gia kh\u00e1c nhau tr\u00ean th\u1ebf gi\u1edbi bao g\u1ed3m Hoa K\u1ef3, \u00dac, Th\u00e1i Lan, Trung Qu\u1ed1c, New Zealand, v.v. C\u01a1 s\u1edf nghi\u00ean c\u1ee9u \u0111\u01b0\u1ee3c \u0111\u1eb7t t\u1ea1i B\u1eafc Carolina, Hoa K\u1ef3 v\u00e0 t\u1ea1i \u00dac.<\/p><p>Minh ch\u1ee9ng kh\u00e1c v\u1ec1 cam k\u1ebft c\u1ee7a Ensystex \u0111\u01b0\u1ee3c th\u1ec3 hi\u1ec7n th\u00f4ng qua \u0111\u1ed9i ng\u0169 chuy\u00ean gia t\u1eadn t\u00e2m \u0111\u01b0\u1ee3c tuy\u1ec3n d\u1ee5ng tr\u00ean kh\u1eafp th\u1ebf gi\u1edbi. Ch\u00fang t\u00f4i s\u1eb5n s\u00e0ng h\u1ed7 tr\u1ee3 b\u1ea1n n\u1ebfu c\u00f3 v\u1ea5n \u0111\u1ec1 ph\u00e1t sinh.<\/p><p>Ensystex ph\u00e2n ph\u1ed1i s\u1ea3n ph\u1ea9m t\u1ea1i t\u1ea5t c\u1ea3 c\u00e1c th\u1ecb tr\u01b0\u1eddng qu\u1ea3n l\u00fd d\u1ecbch h\u1ea1i l\u1edbn tr\u00ean th\u1ebf gi\u1edbi bao g\u1ed3m Hoa K\u1ef3, Ch\u00e2u \u00c2u, \u0110\u00f4ng Nam \u00c1, khu v\u1ef1c Th\u00e1i B\u00ecnh D\u01b0\u01a1ng, Trung Qu\u1ed1c, M\u1ef9 Latinh, Nam Phi, Nh\u1eadt B\u1ea3n v\u00e0 V\u00f9ng V\u1ecbnh.<\/p><p>Ensystex c\u00f3 b\u1ec1 d\u00e0y kinh nghi\u1ec7m h\u01a1n 80 n\u0103m trong l\u0129nh v\u1ef1c qu\u1ea3n l\u00fd d\u1ecbch h\u1ea1i v\u00e0 c\u00f3 \u0111\u1ed9i ng\u0169 chuy\u00ean gia qu\u1ea3n l\u00fd d\u1ecbch h\u1ea1i t\u1eadn t\u00e2m tr\u00ean to\u00e0n c\u1ea7u.<\/p><p>Ensystex ph\u00e1t tri\u1ec3n v\u00e0 s\u1edf h\u1eefu t\u1ea5t c\u1ea3 c\u00e1c c\u00f4ng th\u1ee9c ri\u00eang c\u1ee7a m\u00ecnh, th\u1ef1c hi\u1ec7n ki\u1ec3m tra ch\u1ea5t l\u01b0\u1ee3ng v\u00e0 ph\u00e2n t\u00edch h\u00e0ng lo\u1ea1t \u0111\u1ed1i v\u1edbi t\u1ea5t c\u1ea3 c\u00e1c l\u00f4 h\u00f3a ch\u1ea5t v\u00e0 \u0111\u1ea3m b\u1ea3o ch\u1ea5t l\u01b0\u1ee3ng \u0111\u1ed3ng nh\u1ea5t c\u1ee7a t\u1ea5t c\u1ea3 s\u1ea3n ph\u1ea9m \u0111\u01b0\u1ee3c b\u00e1n ra. Ensystex l\u00e0 chuy\u00ean gia th\u1ef1c s\u1ef1 trong l\u0129nh v\u1ef1c qu\u1ea3n l\u00fd d\u1ecbch h\u1ea1i chuy\u00ean nghi\u1ec7p trong m\u00f4i tr\u01b0\u1eddng \u0111\u00f4 th\u1ecb.\nLi\u00ean h\u1ec7<\/p><\/div>\t\t\t\t\t\t\t\t<\/div>\n\t\t\t\t<\/div>\n\t\t\t\t<div class=\"elementor-element elementor-element-e837a19 elementor-widget elementor-widget-button\" data-id=\"e837a19\" data-element_type=\"widget\" data-widget_type=\"button.default\">\n\t\t\t\t<div class=\"elementor-widget-container\">\n\t\t\t\t\t\t\t\t\t<div class=\"elementor-button-wrapper\">\n\t\t\t\t\t<a class=\"elementor-button elementor-button-link elementor-size-sm elementor-animation-grow\" href=\"https:\/\/ensystex.com.vn\/vi\/contact-us\/\">\n\t\t\t\t\t\t<span class=\"elementor-button-content-wrapper\">\n\t\t\t\t\t\t\t\t\t<span class=\"elementor-button-text\">Li\u00ean h\u1ec7 ch\u00fang t\u00f4i<\/span>\n\t\t\t\t\t<\/span>\n\t\t\t\t\t<\/a>\n\t\t\t\t<\/div>\n\t\t\t\t\t\t\t\t<\/div>\n\t\t\t\t<\/div>\n\t\t\t\t\t<\/div>\n\t\t\t\t<\/div>\n\t\t\t\t<\/div>","protected":false},"excerpt":{"rendered":"<p>Welcome to Ensystex Ensystex researches, develops, formulates, manufactures and supplies premium quality, environmentally responsible, urban pest management solutions for use by professional pest managers; and has achieved a high international reputation for these products. Unlike other companies where urban pest control is a spin-off from more lucrative agricultural business; Ensystex is focussed on the urban&#8230;<\/p>","protected":false},"author":1,"featured_media":0,"parent":0,"menu_order":0,"comment_status":"closed","ping_status":"closed","template":"","meta":{"_monsterinsights_skip_tracking":false,"_monsterinsights_sitenote_active":false,"_monsterinsights_sitenote_note":"","_monsterinsights_sitenote_category":0,"_kad_post_transparent":"","_kad_post_title":"hide","_kad_post_layout":"fullwidth","_kad_post_sidebar_id":"","_kad_post_content_style":"unboxed","_kad_post_vertical_padding":"hide","_kad_post_feature":"hide","_kad_post_feature_position":"","_kad_post_header":false,"_kad_post_footer":false,"footnotes":""},"class_list":["post-84","page","type-page","status-publish","hentry"],"aioseo_notices":[],"_links":{"self":[{"href":"https:\/\/ensystex.com.vn\/vi\/wp-json\/wp\/v2\/pages\/84","targetHints":{"allow":["GET"]}}],"collection":[{"href":"https:\/\/ensystex.com.vn\/vi\/wp-json\/wp\/v2\/pages"}],"about":[{"href":"https:\/\/ensystex.com.vn\/vi\/wp-json\/wp\/v2\/types\/page"}],"author":[{"embeddable":true,"href":"https:\/\/ensystex.com.vn\/vi\/wp-json\/wp\/v2\/users\/1"}],"replies":[{"embeddable":true,"href":"https:\/\/ensystex.com.vn\/vi\/wp-json\/wp\/v2\/comments?post=84"}],"version-history":[{"count":73,"href":"https:\/\/ensystex.com.vn\/vi\/wp-json\/wp\/v2\/pages\/84\/revisions"}],"predecessor-version":[{"id":2547,"href":"https:\/\/ensystex.com.vn\/vi\/wp-json\/wp\/v2\/pages\/84\/revisions\/2547"}],"wp:attachment":[{"href":"https:\/\/ensystex.com.vn\/vi\/wp-json\/wp\/v2\/media?parent=84"}],"curies":[{"name":"wp","href":"https:\/\/api.w.org\/{rel}","templated":true}]}}