{"id":781,"date":"2024-06-19T11:34:38","date_gmt":"2024-06-19T11:34:38","guid":{"rendered":"https:\/\/ensystex.com.vn\/?page_id=781"},"modified":"2024-09-06T04:55:55","modified_gmt":"2024-09-06T04:55:55","slug":"ecothor-active-nature-no-more-snakes","status":"publish","type":"page","link":"https:\/\/ensystex.com.vn\/vi\/ecothor-active-nature-no-more-snakes\/","title":{"rendered":"S\u1ea3n ph\u1ea9m xua r\u1eafn ECOTHOR ACTIVE NATURE\u00ae NO MORE SNAKES."},"content":{"rendered":"<div data-elementor-type=\"wp-page\" data-elementor-id=\"781\" class=\"elementor elementor-781\" data-elementor-post-type=\"page\">\n\t\t\t\t<div class=\"elementor-element elementor-element-c788070 e-flex e-con-boxed e-con e-parent\" data-id=\"c788070\" data-element_type=\"container\">\n\t\t\t\t\t<div class=\"e-con-inner\">\n\t\t<div class=\"elementor-element elementor-element-ee14a7f e-con-full e-flex e-con e-child\" data-id=\"ee14a7f\" data-element_type=\"container\" data-settings=\"{&quot;background_background&quot;:&quot;classic&quot;}\">\n\t\t\t\t<div class=\"elementor-element elementor-element-3e78881 elementor-widget elementor-widget-image\" data-id=\"3e78881\" data-element_type=\"widget\" data-widget_type=\"image.default\">\n\t\t\t\t<div class=\"elementor-widget-container\">\n\t\t\t\t\t\t\t\t\t\t\t\t\t\t\t<img fetchpriority=\"high\" decoding=\"async\" width=\"1500\" height=\"2000\" src=\"https:\/\/ensystex.com.vn\/wp-content\/uploads\/2024\/08\/EVN_2Mock-up-Ecothor-No-More-Snake-1-L-copy.jpg\" class=\"attachment-full size-full wp-image-1955\" alt=\"\" srcset=\"https:\/\/ensystex.com.vn\/wp-content\/uploads\/2024\/08\/EVN_2Mock-up-Ecothor-No-More-Snake-1-L-copy.jpg 1500w, https:\/\/ensystex.com.vn\/wp-content\/uploads\/2024\/08\/EVN_2Mock-up-Ecothor-No-More-Snake-1-L-copy-225x300.jpg 225w, https:\/\/ensystex.com.vn\/wp-content\/uploads\/2024\/08\/EVN_2Mock-up-Ecothor-No-More-Snake-1-L-copy-768x1024.jpg 768w, https:\/\/ensystex.com.vn\/wp-content\/uploads\/2024\/08\/EVN_2Mock-up-Ecothor-No-More-Snake-1-L-copy-1152x1536.jpg 1152w, https:\/\/ensystex.com.vn\/wp-content\/uploads\/2024\/08\/EVN_2Mock-up-Ecothor-No-More-Snake-1-L-copy-9x12.jpg 9w, https:\/\/ensystex.com.vn\/wp-content\/uploads\/2024\/08\/EVN_2Mock-up-Ecothor-No-More-Snake-1-L-copy-600x800.jpg 600w\" sizes=\"(max-width: 1500px) 100vw, 1500px\" \/>\t\t\t\t\t\t\t\t\t\t\t\t\t\t\t<\/div>\n\t\t\t\t<\/div>\n\t\t\t\t<\/div>\n\t\t<div class=\"elementor-element elementor-element-a5860d2 e-con-full e-flex e-con e-child\" data-id=\"a5860d2\" data-element_type=\"container\">\n\t\t\t\t<div class=\"elementor-element elementor-element-69c2945 elementor-widget__width-initial elementor-widget-tablet__width-initial elementor-widget elementor-widget-heading\" data-id=\"69c2945\" data-element_type=\"widget\" data-widget_type=\"heading.default\">\n\t\t\t\t<div class=\"elementor-widget-container\">\n\t\t\t\t\t<h2 class=\"elementor-heading-title elementor-size-default\">S\u1ea3n ph\u1ea9m xua r\u1eafn ECOTHOR ACTIVE NATURE\u00ae NO MORE SNAKES.<\/h2>\t\t\t\t<\/div>\n\t\t\t\t<\/div>\n\t\t\t\t<div class=\"elementor-element elementor-element-f5b9591 elementor-widget__width-initial elementor-widget-mobile__width-initial elementor-widget elementor-widget-text-editor\" data-id=\"f5b9591\" data-element_type=\"widget\" data-widget_type=\"text-editor.default\">\n\t\t\t\t<div class=\"elementor-widget-container\">\n\t\t\t\t\t\t\t\t\t<div class=\"rich-text__text rte\"><p>ECOTHOR ACTIVE NATURE NO MORE SNAKES l\u00e0 m\u1ed9t gi\u1ea3i ph\u00e1p ph\u00f2ng r\u1eafn an to\u00e0n v\u00e0 hi\u1ec7u qu\u1ea3 v\u1edbi c\u00e1c th\u00e0nh ph\u1ea7n t\u1eeb th\u1ef1c v\u1eadt. Khi \u0111\u01b0\u1ee3c s\u1eed d\u1ee5ng, m\u1ed9t r\u00e0o ch\u1eafn t\u1ef1 nhi\u00ean s\u1ebd \u0111\u01b0\u1ee3c thi\u1ebft l\u1eadp v\u00e0 ng\u0103n r\u1eafn tr\u00e1nh xa kh\u1ecfi ng\u00f4i nh\u00e0 c\u1ee7a b\u1ea1n.<span class=\"Apple-converted-space\">\u00a0<\/span><\/p><p>Nh\u1edd v\u00e0o h\u1ee3p ch\u1ea5t t\u1ef1 nhi\u00ean c\u00f3 ch\u1ee9a Matrice UB - m\u1ed9t th\u00e0nh ph\u1ea7n \u0111\u1ed9c \u0111\u00e1o c\u1ee7a c\u00f4ng ty ch\u00fang t\u00f4i. Th\u00e0nh ph\u1ea7n \u0111\u1ed9c \u0111\u00e1o n\u00e0y k\u1ebft h\u1ee3p t\u1eeb chi\u1ebft xu\u1ea5t t\u1eeb d\u1ea7u \u00f4 liu nguy\u00ean ch\u1ea5t tinh khi\u1ebft nh\u1ea5t v\u1edbi h\u1ed7n h\u1ee3p g\u1ed3m c\u00e1c lo\u1ea1i d\u1ea7u th\u1ef1c v\u1eadt \u0111\u01b0\u1ee3c l\u1ef1a ch\u1ecdn k\u1ef9 c\u00e0ng an to\u00e0n cho con ng\u01b0\u1eddi v\u00e0 v\u1eadt nu\u00f4i, \u0111\u00e3 \u0111\u01b0\u1ee3c ki\u1ec3m tra ch\u1ea5t l\u01b0\u1ee3ng b\u1edfi \u0110\u1ea1i h\u1ecdc Sienna.<span class=\"Apple-converted-space\">\u00a0<\/span><\/p><p>ECOTHOR ACTIVE NATURE NO MORE SNAKES s\u1eed d\u1ee5ng d\u1ea7u th\u1ef1c v\u1eadt \u0111\u1ec3 ph\u00f2ng r\u1eafn b\u1eb1ng c\u00e1ch l\u1ee3i d\u1ee5ng kh\u1ee9u gi\u00e1c c\u1ee7a ch\u00fang. C\u00f4ng th\u1ee9c \u0111\u1eb7c bi\u1ec7t c\u1ee7a ch\u00fang t\u00f4i s\u1ebd gi\u1ea3i ph\u00f3ng ch\u1eadm r\u00e3i t\u1ea1o n\u00ean m\u1ed9t r\u00e0o ch\u1eafn b\u1ec1n b\u1ec9 v\u00e0 v\u1eefng ch\u1eafc.<span class=\"Apple-converted-space\">\u00a0<\/span><\/p><p>Ph\u00f9 h\u1ee3p cho c\u1ea3 trong nh\u00e0 v\u00e0 ngo\u00e0i tr\u1eddi, xung quanh c\u00e1c t\u00f2a nh\u00e0 th\u01b0\u01a1ng m\u1ea1i, khu c\u00f4ng nghi\u1ec7p v\u00e0 khu d\u00e2n c\u01b0 bao g\u1ed3m c\u00e1c c\u01a1 s\u1edf x\u1eed l\u00fd th\u1ef1c ph\u1ea9m.<span class=\"Apple-converted-space\">\u00a0<br \/><\/span><\/p><p><b>\u0110\u1ec3 bi\u1ebft th\u00eam th\u00f4ng tin:<span class=\"Apple-converted-space\">\u00a0<br \/><\/span><\/b><strong><a href=\"https:\/\/ensystex.com.vn\/wp-content\/uploads\/2024\/06\/L-VN-ENMR1004-1.01-12.21-Ecothor-Snake-1-L-23.8cm-x-14.1mm_EVN-v3_pt.pdf\"><span style=\"font-family: var(--global-body-font-family);\"><span class=\"Apple-converted-space\">\u203a<\/span><\/span><\/a><a href=\"https:\/\/ensystex.com.vn\/wp-content\/uploads\/2024\/08\/ECOTHOR-ACTIVE-NATURE-No-More-Lizards-or-Geckos-SDS-03-29.pdf\" target=\"_blank\" rel=\"noopener\"> SDS<\/a><span class=\"Apple-converted-space\"> <br \/><\/span><a href=\"https:\/\/ensystex.com.vn\/wp-content\/uploads\/2024\/06\/L-VN-ENMR1004-1.01-12.21-Ecothor-Snake-1-L-23.8cm-x-14.1mm_EVN-v3_pt.pdf\"><span style=\"font-family: var(--global-body-font-family);\"><span class=\"Apple-converted-space\">\u203a <\/span>LABEL<\/span> : <span style=\"font-family: var(--global-body-font-family);\">1 L<\/span><\/a>\u00a0<\/strong><\/p><\/div>\t\t\t\t\t\t\t\t<\/div>\n\t\t\t\t<\/div>\n\t\t\t\t<div class=\"elementor-element elementor-element-ce19580 elementor-share-buttons--view-text elementor-share-buttons--skin-minimal elementor-share-buttons--shape-square elementor-grid-0 elementor-share-buttons--color-official elementor-widget elementor-widget-share-buttons\" data-id=\"ce19580\" data-element_type=\"widget\" data-widget_type=\"share-buttons.default\">\n\t\t\t\t<div class=\"elementor-widget-container\">\n\t\t\t\t\t\t\t<div class=\"elementor-grid\">\n\t\t\t\t\t\t\t\t<div class=\"elementor-grid-item\">\n\t\t\t\t\t\t<div class=\"elementor-share-btn elementor-share-btn_email\" role=\"button\" tabindex=\"0\" aria-label=\"Share on email\">\n\t\t\t\t\t\t\t\t\t\t\t\t\t\t\t\t\t\t\t\t\t\t<div class=\"elementor-share-btn__text\">\n\t\t\t\t\t\t\t\t\t\t\t\t\t\t\t\t\t\t\t<span class=\"elementor-share-btn__title\">\n\t\t\t\t\t\t\t\t\t\tEmail\t\t\t\t\t\t\t\t\t<\/span>\n\t\t\t\t\t\t\t\t\t\t\t\t\t\t\t\t\t<\/div>\n\t\t\t\t\t\t\t\t\t\t\t\t\t<\/div>\n\t\t\t\t\t<\/div>\n\t\t\t\t\t\t<\/div>\n\t\t\t\t\t\t<\/div>\n\t\t\t\t<\/div>\n\t\t\t\t<\/div>\n\t\t\t\t\t<\/div>\n\t\t\t\t<\/div>\n\t\t\t\t<\/div>","protected":false},"excerpt":{"rendered":"<p>ECOTHOR ACTIVE NATURE\u00ae No More Snakes ECOTHOR ACTIVE NATURE NO MORE SNAKES is a natural botanical solution that is effective and safe. It is applied to create a natural barrier against snakes.\u00a0 Thanks to its natural composition containing our unique Matrice UB, the unique extract from the purest virgin olive oil, that is quality audited&#8230;<\/p>","protected":false},"author":1,"featured_media":0,"parent":0,"menu_order":0,"comment_status":"closed","ping_status":"closed","template":"","meta":{"_monsterinsights_skip_tracking":false,"_monsterinsights_sitenote_active":false,"_monsterinsights_sitenote_note":"","_monsterinsights_sitenote_category":0,"_kad_post_transparent":"","_kad_post_title":"hide","_kad_post_layout":"fullwidth","_kad_post_sidebar_id":"","_kad_post_content_style":"unboxed","_kad_post_vertical_padding":"hide","_kad_post_feature":"hide","_kad_post_feature_position":"","_kad_post_header":false,"_kad_post_footer":false,"footnotes":""},"class_list":["post-781","page","type-page","status-publish","hentry"],"aioseo_notices":[],"_links":{"self":[{"href":"https:\/\/ensystex.com.vn\/vi\/wp-json\/wp\/v2\/pages\/781","targetHints":{"allow":["GET"]}}],"collection":[{"href":"https:\/\/ensystex.com.vn\/vi\/wp-json\/wp\/v2\/pages"}],"about":[{"href":"https:\/\/ensystex.com.vn\/vi\/wp-json\/wp\/v2\/types\/page"}],"author":[{"embeddable":true,"href":"https:\/\/ensystex.com.vn\/vi\/wp-json\/wp\/v2\/users\/1"}],"replies":[{"embeddable":true,"href":"https:\/\/ensystex.com.vn\/vi\/wp-json\/wp\/v2\/comments?post=781"}],"version-history":[{"count":52,"href":"https:\/\/ensystex.com.vn\/vi\/wp-json\/wp\/v2\/pages\/781\/revisions"}],"predecessor-version":[{"id":2373,"href":"https:\/\/ensystex.com.vn\/vi\/wp-json\/wp\/v2\/pages\/781\/revisions\/2373"}],"wp:attachment":[{"href":"https:\/\/ensystex.com.vn\/vi\/wp-json\/wp\/v2\/media?parent=781"}],"curies":[{"name":"wp","href":"https:\/\/api.w.org\/{rel}","templated":true}]}}