{"id":46,"date":"2024-06-04T06:24:18","date_gmt":"2024-06-04T06:24:18","guid":{"rendered":"https:\/\/ensystex.com.vn\/?page_id=46"},"modified":"2025-11-07T09:46:29","modified_gmt":"2025-11-07T09:46:29","slug":"home","status":"publish","type":"page","link":"https:\/\/ensystex.com.vn\/vi\/","title":{"rendered":"Trang ch\u1ee7"},"content":{"rendered":"\t\t<div data-elementor-type=\"wp-page\" data-elementor-id=\"46\" class=\"elementor elementor-46\" data-elementor-post-type=\"page\">\n\t\t\t\t<div class=\"elementor-element elementor-element-d898137 e-flex e-con-boxed e-con e-parent\" data-id=\"d898137\" data-element_type=\"container\" data-settings=\"{&quot;background_background&quot;:&quot;classic&quot;,&quot;background_motion_fx_motion_fx_scrolling&quot;:&quot;yes&quot;,&quot;background_motion_fx_scale_effect&quot;:&quot;yes&quot;,&quot;background_motion_fx_scale_speed&quot;:{&quot;unit&quot;:&quot;px&quot;,&quot;size&quot;:3,&quot;sizes&quot;:[]},&quot;shape_divider_bottom&quot;:&quot;opacity-fan&quot;,&quot;background_motion_fx_scale_direction&quot;:&quot;out-in&quot;,&quot;background_motion_fx_scale_range&quot;:{&quot;unit&quot;:&quot;%&quot;,&quot;size&quot;:&quot;&quot;,&quot;sizes&quot;:{&quot;start&quot;:20,&quot;end&quot;:80}},&quot;background_motion_fx_devices&quot;:[&quot;desktop&quot;,&quot;tablet&quot;,&quot;mobile&quot;]}\">\n\t\t\t\t\t<div class=\"e-con-inner\">\n\t\t\t\t<div class=\"elementor-shape elementor-shape-bottom\" aria-hidden=\"true\" data-negative=\"false\">\n\t\t\t<svg xmlns=\"http:\/\/www.w3.org\/2000\/svg\" viewBox=\"0 0 283.5 19.6\" preserveAspectRatio=\"none\">\n\t<path class=\"elementor-shape-fill\" style=\"opacity:0.33\" d=\"M0 0L0 18.8 141.8 4.1 283.5 18.8 283.5 0z\"\/>\n\t<path class=\"elementor-shape-fill\" style=\"opacity:0.33\" d=\"M0 0L0 12.6 141.8 4 283.5 12.6 283.5 0z\"\/>\n\t<path class=\"elementor-shape-fill\" style=\"opacity:0.33\" d=\"M0 0L0 6.4 141.8 4 283.5 6.4 283.5 0z\"\/>\n\t<path class=\"elementor-shape-fill\" d=\"M0 0L0 1.2 141.8 4 283.5 1.2 283.5 0z\"\/>\n<\/svg>\t\t<\/div>\n\t\t\t\t<div class=\"elementor-element elementor-element-7e11755 elementor-widget__width-initial elementor-widget-mobile__width-initial elementor-widget elementor-widget-heading\" data-id=\"7e11755\" data-element_type=\"widget\" data-widget_type=\"heading.default\">\n\t\t\t\t<div class=\"elementor-widget-container\">\n\t\t\t\t\t<h2 class=\"elementor-heading-title elementor-size-default\">Our vision is to be the \u2018first choice for environmentally responsible, effective, long-term pest management solutions\u2019.<\/h2>\t\t\t\t<\/div>\n\t\t\t\t<\/div>\n\t\t\t\t\t<\/div>\n\t\t\t\t<\/div>\n\t\t<div class=\"elementor-element elementor-element-cb2c136 e-flex e-con-boxed e-con e-parent\" data-id=\"cb2c136\" data-element_type=\"container\" data-settings=\"{&quot;background_background&quot;:&quot;classic&quot;}\">\n\t\t\t\t\t<div class=\"e-con-inner\">\n\t\t\t\t<div class=\"elementor-element elementor-element-c4af20b elementor-widget-mobile__width-initial elementor-widget__width-initial elementor-nav-menu__text-align-aside elementor-widget elementor-widget-nav-menu\" data-id=\"c4af20b\" data-element_type=\"widget\" data-settings=\"{&quot;layout&quot;:&quot;dropdown&quot;,&quot;submenu_icon&quot;:{&quot;value&quot;:&quot;&lt;i class=\\&quot;\\&quot;&gt;&lt;\\\/i&gt;&quot;,&quot;library&quot;:&quot;&quot;}}\" data-widget_type=\"nav-menu.default\">\n\t\t\t\t<div class=\"elementor-widget-container\">\n\t\t\t\t\t\t\t\t<nav class=\"elementor-nav-menu--dropdown elementor-nav-menu__container\" aria-hidden=\"true\">\n\t\t\t\t<ul id=\"menu-2-c4af20b\" class=\"elementor-nav-menu\"><li class=\"menu-item menu-item-type-post_type menu-item-object-page menu-item-has-children menu-item-236\"><a href=\"https:\/\/ensystex.com.vn\/vi\/termites-existing-buildings\/\" class=\"elementor-item\" tabindex=\"-1\">TERMITES EXISTING BUILDINGS<\/a>\n<ul class=\"sub-menu elementor-nav-menu--dropdown\">\n\t<li class=\"menu-item menu-item-type-post_type menu-item-object-page menu-item-234\"><a href=\"https:\/\/ensystex.com.vn\/vi\/labyrinth\/\" class=\"elementor-sub-item\" tabindex=\"-1\">> LABYRINTH<\/a><\/li>\n<\/ul>\n<\/li>\n<li class=\"menu-item menu-item-type-post_type menu-item-object-page menu-item-has-children menu-item-1969\"><a href=\"https:\/\/ensystex.com.vn\/vi\/exterra\/\" class=\"elementor-item\" tabindex=\"-1\">EXTERRA TERMITE COLONY ELINIMATION SYSTEM<\/a>\n<ul class=\"sub-menu elementor-nav-menu--dropdown\">\n\t<li class=\"menu-item menu-item-type-post_type menu-item-object-page menu-item-232\"><a href=\"https:\/\/ensystex.com.vn\/vi\/exterra-termite-colony-elimination-with-requiem-termite-bait\/\" class=\"elementor-sub-item\" tabindex=\"-1\">> EXTERRA \u2013 Termite Colony Elimination with REQUIEM\u00ae Termite Bait<\/a><\/li>\n<\/ul>\n<\/li>\n<li class=\"menu-item menu-item-type-post_type menu-item-object-page menu-item-has-children menu-item-233\"><a href=\"https:\/\/ensystex.com.vn\/vi\/insect-control\/\" class=\"elementor-item\" tabindex=\"-1\">INSECT CONTROL<\/a>\n<ul class=\"sub-menu elementor-nav-menu--dropdown\">\n\t<li class=\"menu-item menu-item-type-post_type menu-item-object-page menu-item-2475\"><a href=\"https:\/\/ensystex.com.vn\/vi\/maxxthor\/\" class=\"elementor-sub-item\" tabindex=\"-1\">> MAXXTHOR Termiticide &#038; Insecticide<\/a><\/li>\n\t<li class=\"menu-item menu-item-type-post_type menu-item-object-page menu-item-231\"><a href=\"https:\/\/ensystex.com.vn\/vi\/bithor-dual-action-insecticide\/\" class=\"elementor-sub-item\" tabindex=\"-1\">> BITHOR DUAL ACTION Insecticide<\/a><\/li>\n\t<li class=\"menu-item menu-item-type-post_type menu-item-object-page menu-item-237\"><a href=\"https:\/\/ensystex.com.vn\/vi\/zenithor-gel-cockroach-bait\/\" class=\"elementor-sub-item\" tabindex=\"-1\">> ZENITHOR Gel Cockroach Bait<\/a><\/li>\n\t<li class=\"menu-item menu-item-type-post_type menu-item-object-page menu-item-593\"><a href=\"https:\/\/ensystex.com.vn\/vi\/permethor-shield-liquid-insecticide\/\" class=\"elementor-sub-item\" tabindex=\"-1\">> PERMETHOR SHIELD Liquid Insecticide<\/a><\/li>\n<\/ul>\n<\/li>\n<li class=\"menu-item menu-item-type-post_type menu-item-object-page menu-item-has-children menu-item-238\"><a href=\"https:\/\/ensystex.com.vn\/vi\/vectothor\/\" class=\"elementor-item\" tabindex=\"-1\">VECTOTHOR INSECT LIGHT TRAPS<\/a>\n<ul class=\"sub-menu elementor-nav-menu--dropdown\">\n\t<li class=\"menu-item menu-item-type-post_type menu-item-object-page menu-item-1133\"><a href=\"https:\/\/ensystex.com.vn\/vi\/vectothor-flying-insect-killer-light-traps\/\" class=\"elementor-sub-item\" tabindex=\"-1\">> VECTOTHOR Flying Insect Killer Light Traps<\/a><\/li>\n<\/ul>\n<\/li>\n<li class=\"menu-item menu-item-type-post_type menu-item-object-page menu-item-has-children menu-item-784\"><a href=\"https:\/\/ensystex.com.vn\/vi\/ecothor\/\" class=\"elementor-item\" tabindex=\"-1\">ECOTHOR<\/a>\n<ul class=\"sub-menu elementor-nav-menu--dropdown\">\n\t<li class=\"menu-item menu-item-type-post_type menu-item-object-page menu-item-783\"><a href=\"https:\/\/ensystex.com.vn\/vi\/ecothor-active-nature-no-more-snakes\/\" class=\"elementor-sub-item\" tabindex=\"-1\">> ECOTHOR ACTIVE NATURE\u00ae No More Snakes<\/a><\/li>\n<\/ul>\n<\/li>\n<\/ul>\t\t\t<\/nav>\n\t\t\t\t\t\t<\/div>\n\t\t\t\t<\/div>\n\t\t\t\t\t<\/div>\n\t\t\t\t<\/div>\n\t\t\t\t<\/div>\n\t\t","protected":false},"excerpt":{"rendered":"<p>T\u1ea7m nh\u00ecn c\u1ee7a ch\u00fang t\u00f4i l\u00e0 tr\u1edf th\u00e0nh\n's\u1ef1 l\u1ef1a ch\u1ecdn h\u00e0ng \u0111\u1ea7u cho c\u00e1c gi\u1ea3i ph\u00e1p qu\u1ea3n l\u00fd d\u1ecbch h\u1ea1i l\u00e2u d\u00e0i,\nhi\u1ec7u qu\u1ea3 v\u00e0 th\u00e2n thi\u1ec7n, c\u00f3 tr\u00e1ch nhi\u1ec7m v\u1edbi m\u00f4i tr\u01b0\u1eddng'.<\/p>","protected":false},"author":1,"featured_media":0,"parent":0,"menu_order":0,"comment_status":"closed","ping_status":"closed","template":"elementor_header_footer","meta":{"_monsterinsights_skip_tracking":false,"_monsterinsights_sitenote_active":false,"_monsterinsights_sitenote_note":"","_monsterinsights_sitenote_category":0,"_kad_post_transparent":"","_kad_post_title":"","_kad_post_layout":"","_kad_post_sidebar_id":"","_kad_post_content_style":"","_kad_post_vertical_padding":"","_kad_post_feature":"","_kad_post_feature_position":"","_kad_post_header":false,"_kad_post_footer":false,"footnotes":""},"class_list":["post-46","page","type-page","status-publish","hentry"],"aioseo_notices":[],"_links":{"self":[{"href":"https:\/\/ensystex.com.vn\/vi\/wp-json\/wp\/v2\/pages\/46","targetHints":{"allow":["GET"]}}],"collection":[{"href":"https:\/\/ensystex.com.vn\/vi\/wp-json\/wp\/v2\/pages"}],"about":[{"href":"https:\/\/ensystex.com.vn\/vi\/wp-json\/wp\/v2\/types\/page"}],"author":[{"embeddable":true,"href":"https:\/\/ensystex.com.vn\/vi\/wp-json\/wp\/v2\/users\/1"}],"replies":[{"embeddable":true,"href":"https:\/\/ensystex.com.vn\/vi\/wp-json\/wp\/v2\/comments?post=46"}],"version-history":[{"count":157,"href":"https:\/\/ensystex.com.vn\/vi\/wp-json\/wp\/v2\/pages\/46\/revisions"}],"predecessor-version":[{"id":2552,"href":"https:\/\/ensystex.com.vn\/vi\/wp-json\/wp\/v2\/pages\/46\/revisions\/2552"}],"wp:attachment":[{"href":"https:\/\/ensystex.com.vn\/vi\/wp-json\/wp\/v2\/media?parent=46"}],"curies":[{"name":"wp","href":"https:\/\/api.w.org\/{rel}","templated":true}]}}