{"id":37,"date":"2024-06-04T05:34:13","date_gmt":"2024-06-04T05:34:13","guid":{"rendered":"https:\/\/ensystex.com.vn\/?page_id=37"},"modified":"2024-09-05T14:42:07","modified_gmt":"2024-09-05T14:42:07","slug":"contact-us","status":"publish","type":"page","link":"https:\/\/ensystex.com.vn\/vi\/contact-us\/","title":{"rendered":"Li\u00ean h\u1ec7 ch\u00fang t\u00f4i"},"content":{"rendered":"<div data-elementor-type=\"wp-page\" data-elementor-id=\"37\" class=\"elementor elementor-37\" data-elementor-post-type=\"page\">\n\t\t\t\t<div class=\"elementor-element elementor-element-6e26721 e-flex e-con-boxed e-con e-parent\" data-id=\"6e26721\" data-element_type=\"container\">\n\t\t\t\t\t<div class=\"e-con-inner\">\n\t\t\t\t<div class=\"elementor-element elementor-element-078ceac elementor-widget__width-initial elementor-widget elementor-widget-text-editor\" data-id=\"078ceac\" data-element_type=\"widget\" data-widget_type=\"text-editor.default\">\n\t\t\t\t<div class=\"elementor-widget-container\">\n\t\t\t\t\t\t\t\t\t<p class=\"h1\">\u0110\u1ed9i ng\u0169 chuy\u00ean nghi\u1ec7p, t\u1eadn t\u00e2m c\u1ee7a ch\u00fang t\u00f4i lu\u00f4n s\u1eb5n s\u00e0ng h\u1ed7 tr\u1ee3 b\u1ea1n trong m\u1ecdi kh\u00eda c\u1ea1nh kinh doanh. <br \/>\u0110i\u1ec7n tho\u1ea1i: <a href=\"tel:+842822539507\">(+84) 28 22539507<\/a><\/p>\t\t\t\t\t\t\t\t<\/div>\n\t\t\t\t<\/div>\n\t\t\t\t\t<\/div>\n\t\t\t\t<\/div>\n\t\t<div class=\"elementor-element elementor-element-94ed3a4 e-flex e-con-boxed e-con e-parent\" data-id=\"94ed3a4\" data-element_type=\"container\">\n\t\t\t\t\t<div class=\"e-con-inner\">\n\t\t\t\t<div class=\"elementor-element elementor-element-f8ab96c elementor-widget elementor-widget-heading\" data-id=\"f8ab96c\" data-element_type=\"widget\" data-widget_type=\"heading.default\">\n\t\t\t\t<div class=\"elementor-widget-container\">\n\t\t\t\t\t<h2 class=\"elementor-heading-title elementor-size-default\">M\u1eabu li\u00ean h\u1ec7<\/h2>\t\t\t\t<\/div>\n\t\t\t\t<\/div>\n\t\t\t\t\t<\/div>\n\t\t\t\t<\/div>\n\t\t<div class=\"elementor-element elementor-element-5a8ae64 e-flex e-con-boxed e-con e-parent\" data-id=\"5a8ae64\" data-element_type=\"container\">\n\t\t\t\t\t<div class=\"e-con-inner\">\n\t\t\t\t<div class=\"elementor-element elementor-element-53e126b fluentform-widget-submit-button-left elementor-widget__width-initial elementor-widget-mobile__width-inherit fluentform-widget-submit-button-custom elementor-widget elementor-widget-fluent-form-widget\" data-id=\"53e126b\" data-element_type=\"widget\" data-widget_type=\"fluent-form-widget.default\">\n\t\t\t\t<div class=\"elementor-widget-container\">\n\t\t\t\t\t\n            <div class=\"fluentform-widget-wrapper fluentform-widget-align-default\">\n\n            \n            <div class='fluentform ff-default fluentform_wrapper_3 ffs_default_wrap'><form data-form_id=\"3\" id=\"fluentform_3\" class=\"frm-fluent-form fluent_form_3 ff-el-form-top ff_form_instance_3_1 ff-form-loading ffs_default\" data-form_instance=\"ff_form_instance_3_1\" method=\"POST\" action=\"\" ><fieldset  style=\"border: none!important;margin: 0!important;padding: 0!important;background-color: transparent!important;box-shadow: none!important;outline: none!important; min-inline-size: 100%;\">\n                    <legend class=\"ff_screen_reader_title\" style=\"display: block; margin: 0!important;padding: 0!important;height: 0!important;text-indent: -999999px;width: 0!important;overflow:hidden;\">M\u1eabu li\u00ean h\u1ec7<\/legend><input type='hidden' name='__fluent_form_embded_post_id' value='37' \/><input type=\"hidden\" id=\"_fluentform_3_fluentformnonce\" name=\"_fluentform_3_fluentformnonce\" value=\"a334db1676\" \/><input type=\"hidden\" name=\"_wp_http_referer\" value=\"\/vi\/wp-json\/wp\/v2\/pages\/37\" \/><div data-name=\"ff_cn_id_1\"  class='ff-t-container ff-column-container ff_columns_total_2'><div class='ff-t-cell ff-t-column-1' style='flex-basis: 50%;'><div class='ff-el-group'><div class='ff-el-input--content'><input type=\"text\" name=\"input_text_2\" class=\"ff-el-form-control\" placeholder=\"T\u00ean\" data-name=\"input_text_2\" id=\"ff_3_input_text_2\"  aria-invalid=\"false\" aria-required=\"false\"><\/div><\/div><\/div><div class='ff-t-cell ff-t-column-2' style='flex-basis: 50%;'><div class='ff-el-group'><div class='ff-el-input--content'><input type=\"email\" name=\"email_1\" id=\"ff_3_email_1\" class=\"ff-el-form-control\" placeholder=\"Email \" data-name=\"email_1\"  aria-invalid=\"false\" aria-required=\"false\"><\/div><\/div><\/div><\/div><div class='ff-el-group'><div class='ff-el-input--content'><input type=\"number\" name=\"numeric_field\" id=\"ff_3_numeric_field\" class=\"ff-el-form-control\" placeholder=\"S\u1ed1 \u0111i\u1ec7n tho\u1ea1i\" data-name=\"numeric_field\" inputmode=\"numeric\" step=\"any\"  aria-invalid=\"false\" aria-required=\"false\"><\/div><\/div><div class='ff-el-group'><div class='ff-el-input--content'><textarea aria-required=\"false\" aria-labelledby=\"label_ff_3_description\" name=\"description\" id=\"ff_3_description\" class=\"ff-el-form-control\" placeholder=\"Comment\" rows=\"8\" cols=\"2\" data-name=\"description\" ><\/textarea><\/div><\/div><div class='ff-el-group' ><div class='ff-el-input--content'><div data-fluent_id='3' name='g-recaptcha-response'><div\n\t\tdata-sitekey='6Le2Ju0rAAAAAGTI9tMEevskLtdYHMkoTfmjwsAR'\n\t\tid='fluentform-recaptcha-3-1'\n\t\tclass='ff-el-recaptcha g-recaptcha'\n\t\tdata-callback='fluentFormrecaptchaSuccessCallback'><\/div><\/div><\/div><\/div><div class='ff-el-group ff-text-left ff_submit_btn_wrapper'><button type=\"submit\" class=\"ff-btn ff-btn-submit ff-btn-sm ff_btn_style\"  aria-label=\"G\u1edfi\">G\u1edfi<\/button><\/div><\/fieldset><input type=\"hidden\" name=\"trp-form-language\" value=\"vi\"\/><\/form><div id='fluentform_3_errors' class='ff-errors-in-stack ff_form_instance_3_1 ff-form-loading_errors ff_form_instance_3_1_errors'><\/div><\/div>            <script type=\"text\/javascript\">\n                window.fluent_form_ff_form_instance_3_1 = {\"id\":\"3\",\"settings\":{\"layout\":{\"labelPlacement\":\"top\",\"helpMessagePlacement\":\"with_label\",\"errorMessagePlacement\":\"inline\",\"cssClassName\":\"\",\"asteriskPlacement\":\"asterisk-right\"},\"restrictions\":{\"denyEmptySubmission\":{\"enabled\":false}}},\"form_instance\":\"ff_form_instance_3_1\",\"form_id_selector\":\"fluentform_3\",\"rules\":{\"input_text_2\":{\"required\":{\"value\":false,\"message\":\"Tr\\u01b0\\u1eddng n\\u00e0y l\\u00e0 b\\u1eaft bu\\u1ed9c\",\"global_message\":\"This field is required\",\"global\":true}},\"email_1\":{\"required\":{\"value\":false,\"message\":\"Tr\\u01b0\\u1eddng n\\u00e0y l\\u00e0 b\\u1eaft bu\\u1ed9c\",\"global_message\":\"This field is required\",\"global\":true},\"email\":{\"value\":true,\"message\":\"Tr\\u01b0\\u1eddng n\\u00e0y ph\\u1ea3i ch\\u1ee9a m\\u1ed9t email h\\u1ee3p l\\u1ec7\",\"global_message\":\"This field must contain a valid email\",\"global\":true}},\"numeric_field\":{\"required\":{\"value\":false,\"message\":\"Tr\\u01b0\\u1eddng n\\u00e0y l\\u00e0 b\\u1eaft bu\\u1ed9c\",\"global_message\":\"This field is required\",\"global\":true},\"numeric\":{\"value\":true,\"message\":\"Tr\\u01b0\\u1eddng n\\u00e0y ph\\u1ea3i ch\\u1ee9a gi\\u00e1 tr\\u1ecb s\\u1ed1\",\"global_message\":\"This field must contain numeric value\",\"global\":true},\"min\":{\"value\":\"\",\"message\":\"X\\u00e1c th\\u1ef1c kh\\u00f4ng th\\u00e0nh c\\u00f4ng \\u0111\\u1ed1i v\\u1edbi gi\\u00e1 tr\\u1ecb t\\u1ed1i thi\\u1ec3u\",\"global_message\":\"Validation fails for minimum value\",\"global\":true},\"max\":{\"value\":\"\",\"message\":\"X\\u00e1c th\\u1ef1c kh\\u00f4ng th\\u00e0nh c\\u00f4ng \\u0111\\u1ed1i v\\u1edbi gi\\u00e1 tr\\u1ecb t\\u1ed1i \\u0111a\",\"global_message\":\"Validation fails for maximum value\",\"global\":true},\"digits\":{\"value\":\"\",\"message\":\"X\\u00e1c th\\u1ef1c kh\\u00f4ng th\\u00e0nh c\\u00f4ng \\u0111\\u1ed1i v\\u1edbi ch\\u1eef s\\u1ed1 gi\\u1edbi h\\u1ea1n\",\"global_message\":\"Validation fails for limited digits\",\"global\":true}},\"description\":{\"required\":{\"value\":false,\"message\":\"Tr\\u01b0\\u1eddng n\\u00e0y l\\u00e0 b\\u1eaft bu\\u1ed9c\",\"global_message\":\"This field is required\",\"global\":true}},\"g-recaptcha-response\":[]},\"debounce_time\":300};\n                            <\/script>\n                        <\/div>\n\n            \t\t\t\t<\/div>\n\t\t\t\t<\/div>\n\t\t\t\t\t<\/div>\n\t\t\t\t<\/div>\n\t\t\t\t<\/div>","protected":false},"excerpt":{"rendered":"<p>Our dedicated, professional team are here to assist you in every aspect of your business. Phone: (+84) 28 22539507 Contact form Contact form Send<\/p>","protected":false},"author":1,"featured_media":0,"parent":0,"menu_order":0,"comment_status":"closed","ping_status":"closed","template":"","meta":{"_monsterinsights_skip_tracking":false,"_monsterinsights_sitenote_active":false,"_monsterinsights_sitenote_note":"","_monsterinsights_sitenote_category":0,"_kad_post_transparent":"","_kad_post_title":"hide","_kad_post_layout":"fullwidth","_kad_post_sidebar_id":"","_kad_post_content_style":"unboxed","_kad_post_vertical_padding":"hide","_kad_post_feature":"hide","_kad_post_feature_position":"","_kad_post_header":false,"_kad_post_footer":false,"footnotes":""},"class_list":["post-37","page","type-page","status-publish","hentry"],"aioseo_notices":[],"_links":{"self":[{"href":"https:\/\/ensystex.com.vn\/vi\/wp-json\/wp\/v2\/pages\/37","targetHints":{"allow":["GET"]}}],"collection":[{"href":"https:\/\/ensystex.com.vn\/vi\/wp-json\/wp\/v2\/pages"}],"about":[{"href":"https:\/\/ensystex.com.vn\/vi\/wp-json\/wp\/v2\/types\/page"}],"author":[{"embeddable":true,"href":"https:\/\/ensystex.com.vn\/vi\/wp-json\/wp\/v2\/users\/1"}],"replies":[{"embeddable":true,"href":"https:\/\/ensystex.com.vn\/vi\/wp-json\/wp\/v2\/comments?post=37"}],"version-history":[{"count":113,"href":"https:\/\/ensystex.com.vn\/vi\/wp-json\/wp\/v2\/pages\/37\/revisions"}],"predecessor-version":[{"id":2543,"href":"https:\/\/ensystex.com.vn\/vi\/wp-json\/wp\/v2\/pages\/37\/revisions\/2543"}],"wp:attachment":[{"href":"https:\/\/ensystex.com.vn\/vi\/wp-json\/wp\/v2\/media?parent=37"}],"curies":[{"name":"wp","href":"https:\/\/api.w.org\/{rel}","templated":true}]}}