{"id":2444,"date":"2025-05-19T03:07:48","date_gmt":"2025-05-19T03:07:48","guid":{"rendered":"https:\/\/ensystex.com.vn\/?page_id=2444"},"modified":"2025-05-19T06:10:55","modified_gmt":"2025-05-19T06:10:55","slug":"fumithor-delta","status":"publish","type":"page","link":"https:\/\/ensystex.com.vn\/vi\/fumithor-delta\/","title":{"rendered":"FUMITHOR\u2122 DELTA"},"content":{"rendered":"<div data-elementor-type=\"wp-page\" data-elementor-id=\"2444\" class=\"elementor elementor-2444\" data-elementor-post-type=\"page\">\n\t\t\t\t<div class=\"elementor-element elementor-element-0e906ee e-flex e-con-boxed e-con e-parent\" data-id=\"0e906ee\" data-element_type=\"container\">\n\t\t\t\t\t<div class=\"e-con-inner\">\n\t\t<div class=\"elementor-element elementor-element-104e634 e-con-full e-flex e-con e-child\" data-id=\"104e634\" data-element_type=\"container\">\n\t\t\t\t<div class=\"elementor-element elementor-element-67b7985 elementor-widget elementor-widget-image\" data-id=\"67b7985\" data-element_type=\"widget\" data-widget_type=\"image.default\">\n\t\t\t\t<div class=\"elementor-widget-container\">\n\t\t\t\t\t\t\t\t\t\t\t\t\t\t\t<img fetchpriority=\"high\" decoding=\"async\" width=\"700\" height=\"847\" src=\"https:\/\/ensystex.com.vn\/wp-content\/uploads\/2025\/05\/EVN_Fumithor-Delta-Mockup-shoot_EDIT-1.png\" class=\"attachment-full size-full wp-image-2442\" alt=\"\" srcset=\"https:\/\/ensystex.com.vn\/wp-content\/uploads\/2025\/05\/EVN_Fumithor-Delta-Mockup-shoot_EDIT-1.png 700w, https:\/\/ensystex.com.vn\/wp-content\/uploads\/2025\/05\/EVN_Fumithor-Delta-Mockup-shoot_EDIT-1-248x300.png 248w, https:\/\/ensystex.com.vn\/wp-content\/uploads\/2025\/05\/EVN_Fumithor-Delta-Mockup-shoot_EDIT-1-10x12.png 10w, https:\/\/ensystex.com.vn\/wp-content\/uploads\/2025\/05\/EVN_Fumithor-Delta-Mockup-shoot_EDIT-1-600x726.png 600w\" sizes=\"(max-width: 700px) 100vw, 700px\" \/>\t\t\t\t\t\t\t\t\t\t\t\t\t\t\t<\/div>\n\t\t\t\t<\/div>\n\t\t\t\t<\/div>\n\t\t<div class=\"elementor-element elementor-element-b26342c e-con-full e-flex e-con e-child\" data-id=\"b26342c\" data-element_type=\"container\">\n\t\t\t\t<div class=\"elementor-element elementor-element-1de3e92 elementor-widget__width-initial elementor-widget-tablet__width-initial elementor-widget elementor-widget-heading\" data-id=\"1de3e92\" data-element_type=\"widget\" data-widget_type=\"heading.default\">\n\t\t\t\t<div class=\"elementor-widget-container\">\n\t\t\t\t\t<h2 class=\"elementor-heading-title elementor-size-default\">Ch\u1ebf Ph\u1ea9m T\u1ea1o Kh\u00f3i Di\u1ec7t C\u00f4n Tr\u00f9ng FUMITHOR\u2122 DELTA<\/h2>\t\t\t\t<\/div>\n\t\t\t\t<\/div>\n\t\t\t\t<div class=\"elementor-element elementor-element-990c191 elementor-widget__width-initial elementor-widget-mobile__width-initial elementor-widget elementor-widget-text-editor\" data-id=\"990c191\" data-element_type=\"widget\" data-widget_type=\"text-editor.default\">\n\t\t\t\t<div class=\"elementor-widget-container\">\n\t\t\t\t\t\t\t\t\t<div class=\"rich-text__text rte\"><p style=\"font-weight: 400;\"><strong>M\u1ed9t gi\u1ea3i ph\u00e1p \u0111\u1ed9t ph\u00e1 m\u1edbi mang t\u00ednh c\u00e1ch m\u1ea1ng gi\u00fap ti\u00eau di\u1ec7t nhi\u1ec1u lo\u1ea1i c\u00f4n tr\u00f9ng bay v\u00e0 c\u00f4n tr\u00f9ng b\u00f2, ngay c\u1ea3 \u1edf nh\u1eefng n\u01a1i tr\u01b0\u1edbc \u0111\u00e2y kh\u00f4ng th\u1ec3 ti\u1ebfp c\u1eadn \u0111\u01b0\u1ee3c.<\/strong><\/p><p>Dynamic Smoke Dispersion Technology\u2122 (C\u00f4ng Ngh\u1ec7 T\u0103ng C\u01b0\u1eddng Ph\u00e2n T\u00e1n Kh\u00f3i\u2122) ti\u00ean ti\u1ebfn \u0111\u01b0\u1ee3c thi\u1ebft k\u1ebf \u0111\u1ec3 d\u1ec5 s\u1eed d\u1ee5ng h\u01a1n v\u00e0 hi\u1ec7u qu\u1ea3 h\u01a1n so v\u1edbi ph\u01b0\u01a1ng ph\u00e1p phun ULV, phun m\u00f9 n\u00f3ng v\u00e0 ch\u1ebf ph\u1ea9m t\u1ea1o kh\u00f3i kh\u00e1c.<\/p><p style=\"font-weight: 400;\">FUMITHOR DELTA cung c\u1ea5p c\u00f4ng ngh\u1ec7 t\u1ea1o kh\u00f3i hi\u1ec7u qu\u1ea3 cao \u0111\u1ec3 ki\u1ec3m so\u00e1t nhi\u1ec1u lo\u1ea1i c\u00f4n tr\u00f9ng g\u00e2y h\u1ea1i. FUMITHOR DELTA kh\u00f4ng s\u1eed d\u1ee5ng dung m\u00f4i, kh\u00f4ng g\u00e2y \u00f4 nhi\u1ec5m v\u00e0 kh\u00f4ng \u0111\u1ec3 l\u1ea1i m\u00f9i kh\u00f3 ch\u1ecbu.<\/p><p><strong>C\u00e1c t\u00ednh n\u0103ng ch\u00ednh<\/strong><\/p><ul style=\"font-weight: 400;\"><li>FUMITHOR DELTA s\u1eed d\u1ee5ng kh\u00f3i \u0111\u1ec3 len l\u1ecfi v\u00e0o c\u00e1c khu v\u1ef1c kh\u00f3 ti\u1ebfp c\u1eadn, th\u00e2m nh\u1eadp s\u00e2u v\u00e0o nh\u1eefng v\u1ebft n\u1ee9t v\u00e0 khe h\u1edf nh\u1ecf nh\u1ea5t n\u01a1i c\u00f4n tr\u00f9ng g\u00e2y h\u1ea1i \u1ea9n n\u00e1u.<\/li><li>V\u1edbi k\u00edch th\u01b0\u1edbc h\u1ea1t nh\u1ecf ch\u1ec9 1 micron, kh\u00f3i c\u00f3 th\u1ec3 x\u00e2m nh\u1eadp v\u00e0o nh\u1eefng n\u01a1i m\u00e0 c\u00e1c lo\u1ea1i phun m\u00f9 n\u00f3ng ho\u1eb7c phun ULV kh\u00f4ng th\u1ec3 ti\u1ebfp c\u1eadn \u0111\u01b0\u1ee3c.<\/li><li>Th\u00e0nh ph\u1ea7n ho\u1ea1t ch\u1ea5t deltamethrin b\u00e1m tr\u00ean b\u1ec1 m\u1eb7t ngang v\u00e0 m\u1eb7t d\u01b0\u1edbi c\u1ee7a b\u1ec1 m\u1eb7t n\u1eb1m ngang, \u0111\u1ea3m b\u1ea3o vi\u1ec7c x\u1eed l\u00fd tri\u1ec7t \u0111\u1ec3 nh\u1ea5t c\u00f3 th\u1ec3.\u00a0<\/li><li>Kh\u00f4ng c\u00f2n n\u01a1i \u0111\u1ec3 c\u00f4n tr\u00f9ng g\u00e2y h\u1ea1i \u1ea9n n\u00e1u tr\u01b0\u1edbc FUMITHOR DELTA!<\/li><li><strong>\u0110\u01b0\u1ee3c t\u0103ng c\u01b0\u1eddng s\u1ee9c m\u1ea1nh b\u1edfi Deltamethrin:<\/strong>:<br \/>FUMITHOR DELTA l\u00e0 ch\u1ebf ph\u1ea9m t\u1ea1o kh\u00f3i di\u1ec7t c\u00f4n tr\u00f9ng duy nh\u1ea5t s\u1eed d\u1ee5ng deltamethrin, m\u1ed9t ho\u1ea1t ch\u1ea5t pyrethroid ph\u1ed5 r\u1ed9ng, l\u00e0m th\u00e0nh ph\u1ea7n ho\u1ea1t ch\u1ea5t:<ul><li>FUMITHOR DELTA \u0111\u00e3 \u0111\u01b0\u1ee3c ch\u1ee9ng minh qua c\u00e1c th\u1eed nghi\u1ec7m \u0111\u1ed9c l\u1eadp l\u00e0 c\u00f3 hi\u1ec7u qu\u1ea3 m\u1ea1nh h\u01a1n g\u1ea5p 10 l\u1ea7n so v\u1edbi c\u00e1c ch\u1ebf ph\u1ea9m t\u1ea1o kh\u00f3i kh\u00e1c.<\/li><li>L\u01b0\u1ee3ng ch\u1ebf ph\u1ea9m di\u1ec7t c\u00f4n tr\u00f9ng \u00edt h\u01a1n tr\u00ean m\u1ed7i m\u00b3 \u0111\u1ed3ng ngh\u0129a v\u1edbi vi\u1ec7c ti\u1ebft ki\u1ec7m h\u01a1n, \u0111\u1ed3ng th\u1eddi gi\u1ea3m s\u1ef1 ti\u1ebfp x\u00fac c\u1ee7a ng\u01b0\u1eddi d\u00f9ng v\u1edbi ch\u1ebf ph\u1ea9m.<\/li><li>Deltamethrin \u0111\u00e3 \u0111\u01b0\u1ee3c ch\u1ee9ng minh l\u00e0 c\u00f3 h\u1ed3 s\u01a1 \u0111\u1ed9c t\u00ednh v\u00e0 m\u00f4i tr\u01b0\u1eddng t\u1ed1t.\u00a0\u00a0<\/li><\/ul><\/li><\/ul><p><b>Hi\u1ec7u su\u1ea5t<\/b><\/p><p style=\"font-weight: 400;\">Ch\u1ebf ph\u1ea9m FUMITHOR DELTA \u0111\u01b0\u1ee3c \u0111\u1ed1t ch\u00e1y \u0111\u1ec3 t\u1ea1o ra kh\u00f3i l\u1ea5p \u0111\u1ea7y kh\u00f4ng kh\u00ed b\u1eb1ng c\u00f4ng ngh\u1ec7 t\u1ea1o kh\u00f3i ti\u00ean ti\u1ebfn.<\/p><p style=\"font-weight: 400;\"><strong>GI\u1ea2M THI\u1ec2U T\u00c1C \u0110\u1ed8NG \u0110\u1ebeN M\u00d4I TR\u01af\u1edcNG:<\/strong>\u00a0H\u01a1i kh\u00f3i l\u00e0 ph\u01b0\u01a1ng ph\u00e1p truy\u1ec1n d\u1eabn t\u1ed1i \u01b0u khi nh\u1eafm \u0111\u1ebfn c\u00e1c khu v\u1ef1c r\u1ed9ng l\u1edbn nh\u1edd s\u1eed d\u1ee5ng l\u01b0\u1ee3ng thu\u1ed1c di\u1ec7t tr\u1eeb c\u00f4n tr\u00f9ng t\u1ed1i thi\u1ec3u - v\u1eeba b\u1ea3o v\u1ec7 t\u00e0i s\u1ea3n c\u1ee7a b\u1ea1n v\u1eeba th\u00e2n thi\u1ec7n v\u1edbi m\u00f4i tr\u01b0\u1eddng.<\/p><\/div><p style=\"font-weight: 400;\"><strong><br \/>N\u01a1i S\u1eed D\u1ee5ng<\/strong><\/p><p>L\u00fd t\u01b0\u1edfng cho c\u00e1c khu v\u1ef1c k\u00edn: ch\u1eb3ng h\u1ea1n nh\u01b0 kho b\u1ea3o qu\u1ea3n, kho h\u00e0ng, container v\u1eadn chuy\u1ec3n, t\u00f2a nh\u00e0 th\u01b0\u01a1ng m\u1ea1i, c\u01a1 s\u1edf c\u00f4ng nghi\u1ec7p v\u00e0 kh\u00f4ng gian c\u00f4ng c\u1ed9ng. B\u1ea3o v\u1ec7 c\u00e1c khu v\u1ef1c n\u00f4ng nghi\u1ec7p: bao g\u1ed3m silo ch\u1ee9a ng\u0169 c\u1ed1c, nh\u00e0 k\u00ednh, chu\u1ed3ng tr\u1ea1i ch\u0103n nu\u00f4i v\u00e0 c\u00e1c c\u00f4ng tr\u00ecnh n\u00f4ng nghi\u1ec7p.<\/p><p>Lo\u1ea1i b\u1ecf nhanh ch\u00f3ng c\u00e1c lo\u1ea1i c\u00f4n tr\u00f9ng g\u00e2y h\u1ea1i: trong m\u00f4i tr\u01b0\u1eddng th\u01b0\u01a1ng m\u1ea1i v\u00e0 trong nh\u00e0 c\u1ea7n \u0111\u01b0\u1ee3c b\u1ea3o v\u1ec7 k\u1ecbp th\u1eddi v\u00e0 hi\u1ec7u qu\u1ea3.<\/p><div class=\"rich-text__text rte\"><p><b>Th\u00f4ng Tin Chi Ti\u1ebft S\u1ea3n Ph\u1ea9m<\/b><\/p><p><b>Th\u00e0nh ph\u1ea7n ho\u1ea1t ch\u1ea5t: <\/b><span lang=\"EN-US\">20 g\/kg deltamethrin \u00a0<\/span><span style=\"font-family: var(--global-body-font-family);\"><br \/><\/span><b>C\u00f4ng th\u1ee9c ch\u1ebf ph\u1ea9m: <\/b><span lang=\"EN-US\">Ch\u1ebf ph\u1ea9m t\u1ea1o kh\u00f3i s\u1eb5n s\u00e0ng s\u1eed d\u1ee5ng<br \/><\/span><b><\/b><b><span lang=\"EN-US\">\u0110\u01b0\u1ee3c \u0111\u0103ng k\u00fd \u0111\u1ec3 di\u1ec7t: <\/span><\/b><span lang=\"EN-US\">Ki\u1ebfn, gi\u00e1n, b\u1ecd ch\u00e9t, ru\u1ed3i, mu\u1ed7i<br \/><\/span><b><span lang=\"EN-US\">Quy c\u00e1ch \u0111\u00f3ng g\u00f3i \/ M\u00e3 s\u1ea3n ph\u1ea9m: <\/span><\/b><span lang=\"EN-US\">FUMITHOR<\/span><span style=\"font-family: var(--global-body-font-family);\">\u2122 <\/span><span lang=\"EN-US\">Delta 40 g x 6 ch\u1ebf ph\u1ea9m t\u1ea1o kh\u00f3i<\/span><\/p><p><strong>\u0110\u1ec3 bi\u1ebft th\u00eam th\u00f4ng tin:<\/strong><\/p><\/div><p><strong><a href=\"https:\/\/ensystex.com.vn\/wp-content\/uploads\/2025\/05\/FUMITHOR-DELTA-Insecticide-SDS-05-29.pdf\" target=\"_blank\" rel=\"noopener\">\u203a SDS-Phi\u00ean b\u1ea3n ti\u1ebfng Anh<\/a><br \/><a href=\"https:\/\/ensystex.com.vn\/wp-content\/uploads\/2025\/05\/FUMITHOR-Delta-SDS-EVN-04-30.pdf\" target=\"_blank\" rel=\"noopener\">\u203a SDS-Phi\u00ean b\u1ea3n ti\u1ebfng Vi\u1ec7t<\/a><br \/><a href=\"https:\/\/ensystex.com.vn\/wp-content\/uploads\/2025\/05\/BROFD1010-1.01-05.25-Fumithor-Delta-brochure_EVN-v3_eml.pdf\" target=\"_blank\" rel=\"noopener\">\u203a Brochure s\u1ea3n ph\u1ea9m<\/a><br \/><a href=\"https:\/\/ensystex.com.vn\/wp-content\/uploads\/2025\/05\/S-VN-CHEFD1020_CHEFD1024-1.02-12.24-FUMITHOR-DELTA_Single-panels-Viet_40-g-167-mm-x-57mm_Flat_EVN-v12_pt.pdf\" target=\"_blank\" rel=\"noopener\">\u203a NH\u00c3N: 240 g<\/a><br \/><a href=\"https:\/\/ensystex.com.vn\/wp-content\/uploads\/2025\/05\/L-A-VN-CHEFD1020-1.02-12.24-FUMITHOR-DELTA_40-g-167mm-x-57mm_Vietnamese_Flat_EVN-v10_pt.pdf\" target=\"_blank\" rel=\"noopener\">\u203a NH\u00c3N: 40 g<\/a><br \/><\/strong><\/p>\t\t\t\t\t\t\t\t<\/div>\n\t\t\t\t<\/div>\n\t\t\t\t<div class=\"elementor-element elementor-element-98ace9b elementor-widget elementor-widget-text-editor\" data-id=\"98ace9b\" data-element_type=\"widget\" data-widget_type=\"text-editor.default\">\n\t\t\t\t<div class=\"elementor-widget-container\">\n\t\t\t\t\t\t\t\t\t<p><a href=\"https:\/\/ensystex.com.vn\/vi\/insect-control\/\">\u2190 Tr\u1edf l\u1ea1i<\/a><\/p>\t\t\t\t\t\t\t\t<\/div>\n\t\t\t\t<\/div>\n\t\t\t\t<\/div>\n\t\t\t\t\t<\/div>\n\t\t\t\t<\/div>\n\t\t\t\t<\/div>","protected":false},"excerpt":{"rendered":"<p>FUMITHOR\u2122 DELTA Insecticide Smoke Generator A revolutionary new way of eliminating a wide range of flying and crawling insect pests, even in previously inaccessible places. Dynamic Smoke Dispersion Technology\u2122 ensures it is easier to use and more effective than ULV Sprays, thermal fogging and other smoke generators. FUMITHOR DELTA provides highly effective smoke generation technology&#8230;<\/p>","protected":false},"author":1,"featured_media":0,"parent":0,"menu_order":0,"comment_status":"closed","ping_status":"closed","template":"","meta":{"_monsterinsights_skip_tracking":false,"_monsterinsights_sitenote_active":false,"_monsterinsights_sitenote_note":"","_monsterinsights_sitenote_category":0,"_kad_post_transparent":"","_kad_post_title":"hide","_kad_post_layout":"fullwidth","_kad_post_sidebar_id":"","_kad_post_content_style":"unboxed","_kad_post_vertical_padding":"hide","_kad_post_feature":"hide","_kad_post_feature_position":"","_kad_post_header":false,"_kad_post_footer":false,"footnotes":""},"class_list":["post-2444","page","type-page","status-publish","hentry"],"aioseo_notices":[],"_links":{"self":[{"href":"https:\/\/ensystex.com.vn\/vi\/wp-json\/wp\/v2\/pages\/2444","targetHints":{"allow":["GET"]}}],"collection":[{"href":"https:\/\/ensystex.com.vn\/vi\/wp-json\/wp\/v2\/pages"}],"about":[{"href":"https:\/\/ensystex.com.vn\/vi\/wp-json\/wp\/v2\/types\/page"}],"author":[{"embeddable":true,"href":"https:\/\/ensystex.com.vn\/vi\/wp-json\/wp\/v2\/users\/1"}],"replies":[{"embeddable":true,"href":"https:\/\/ensystex.com.vn\/vi\/wp-json\/wp\/v2\/comments?post=2444"}],"version-history":[{"count":19,"href":"https:\/\/ensystex.com.vn\/vi\/wp-json\/wp\/v2\/pages\/2444\/revisions"}],"predecessor-version":[{"id":2499,"href":"https:\/\/ensystex.com.vn\/vi\/wp-json\/wp\/v2\/pages\/2444\/revisions\/2499"}],"wp:attachment":[{"href":"https:\/\/ensystex.com.vn\/vi\/wp-json\/wp\/v2\/media?parent=2444"}],"curies":[{"name":"wp","href":"https:\/\/api.w.org\/{rel}","templated":true}]}}