{"id":150,"date":"2024-06-05T12:50:45","date_gmt":"2024-06-05T12:50:45","guid":{"rendered":"https:\/\/ensystex.com.vn\/?page_id=150"},"modified":"2024-09-05T14:35:02","modified_gmt":"2024-09-05T14:35:02","slug":"permethor-shield-liquid-insecticide","status":"publish","type":"page","link":"https:\/\/ensystex.com.vn\/vi\/permethor-shield-liquid-insecticide\/","title":{"rendered":"PERMETHOR\u00a0SHIELD\u00a0Liquid Insecticide"},"content":{"rendered":"<div data-elementor-type=\"wp-page\" data-elementor-id=\"150\" class=\"elementor elementor-150\" data-elementor-post-type=\"page\">\n\t\t\t\t<div class=\"elementor-element elementor-element-e253d89 e-flex e-con-boxed e-con e-parent\" data-id=\"e253d89\" data-element_type=\"container\">\n\t\t\t\t\t<div class=\"e-con-inner\">\n\t\t<div class=\"elementor-element elementor-element-8629948 e-con-full e-flex e-con e-child\" data-id=\"8629948\" data-element_type=\"container\">\n\t\t\t\t<div class=\"elementor-element elementor-element-d811bf3 elementor-widget-mobile__width-initial elementor-widget elementor-widget-image\" data-id=\"d811bf3\" data-element_type=\"widget\" data-widget_type=\"image.default\">\n\t\t\t\t<div class=\"elementor-widget-container\">\n\t\t\t\t\t\t\t\t\t\t\t\t\t\t\t<img fetchpriority=\"high\" decoding=\"async\" width=\"500\" height=\"952\" src=\"https:\/\/ensystex.com.vn\/wp-content\/uploads\/2024\/06\/EVN_permethor-shield-tnm-1L.png\" class=\"attachment-full size-full wp-image-821\" alt=\"\" srcset=\"https:\/\/ensystex.com.vn\/wp-content\/uploads\/2024\/06\/EVN_permethor-shield-tnm-1L.png 500w, https:\/\/ensystex.com.vn\/wp-content\/uploads\/2024\/06\/EVN_permethor-shield-tnm-1L-158x300.png 158w, https:\/\/ensystex.com.vn\/wp-content\/uploads\/2024\/06\/EVN_permethor-shield-tnm-1L-6x12.png 6w\" sizes=\"(max-width: 500px) 100vw, 500px\" \/>\t\t\t\t\t\t\t\t\t\t\t\t\t\t\t<\/div>\n\t\t\t\t<\/div>\n\t\t\t\t<\/div>\n\t\t<div class=\"elementor-element elementor-element-064325e e-con-full e-flex e-con e-child\" data-id=\"064325e\" data-element_type=\"container\">\n\t\t\t\t<div class=\"elementor-element elementor-element-91f0028 elementor-widget__width-initial elementor-widget-tablet__width-initial elementor-widget elementor-widget-heading\" data-id=\"91f0028\" data-element_type=\"widget\" data-widget_type=\"heading.default\">\n\t\t\t\t<div class=\"elementor-widget-container\">\n\t\t\t\t\t<h2 class=\"elementor-heading-title elementor-size-default\">Ch\u1ebf ph\u1ea9m di\u1ec7t c\u00f4n tr\u00f9ng d\u1ea1ng l\u1ecfng PERMETHOR\u00ae SHIELD<\/h2>\t\t\t\t<\/div>\n\t\t\t\t<\/div>\n\t\t\t\t<div class=\"elementor-element elementor-element-b53a28e elementor-widget__width-initial elementor-widget-mobile__width-initial elementor-widget elementor-widget-text-editor\" data-id=\"b53a28e\" data-element_type=\"widget\" data-widget_type=\"text-editor.default\">\n\t\t\t\t<div class=\"elementor-widget-container\">\n\t\t\t\t\t\t\t\t\t<div class=\"rich-text__text rte\"><p>PERMETHOR\u00ae SHIELD l\u00e0 m\u1ed9t lo\u1ea1i ch\u1ebf ph\u1ea9m di\u1ec7t c\u00f4n tr\u00f9ng d\u1ea1ng nh\u0169 t\u01b0\u01a1ng \u0111\u1eadm \u0111\u1eb7c v\u00e0 \u00edt m\u00f9i c\u00f3 kh\u1ea3 n\u0103ng ki\u1ec3m so\u00e1t l\u00e2u d\u00e0i tr\u01b0\u1edbc nhi\u1ec1u lo\u1ea1i c\u00f4n tr\u00f9ng g\u00e2y h\u1ea1i \u1edf nhi\u1ec1u tr\u01b0\u1eddng h\u1ee3p kh\u00e1c nhau. S\u1ea3n ph\u1ea9m n\u00e0y \u0111\u1eb7c bi\u1ec7t ph\u00f9 h\u1ee3p cho c\u00e1c khu th\u01b0\u01a1ng m\u1ea1i v\u00e0 khu d\u00e2n c\u01b0 \u0111\u1ec3 ng\u0103n ch\u1eb7n s\u1ef1 x\u00e2m l\u0103ng c\u1ee7a mu\u1ed7i.<span class=\"Apple-converted-space\">\u00a0<\/span><\/p><ul><li>Kh\u1ea3 n\u0103ng di\u1ec7t mu\u1ed7i nhanh v\u1edbi t\u00e1c d\u1ee5ng b\u1ea3o v\u1ec7 l\u00e2u d\u00e0i v\u01b0\u1ee3t tr\u1ed9i;<span class=\"Apple-converted-space\">\u00a0<\/span><\/li><li>C\u00f3 hi\u1ec7u qu\u1ea3 ngay khi s\u1eed d\u1ee5ng \u1edf n\u1ed3ng \u0111\u1ed9 th\u1ea5p v\u00e0 ti\u00eau di\u1ec7t mu\u1ed7i \u1edf di\u1ec7n r\u1ed9ng.<span class=\"Apple-converted-space\">\u00a0<\/span><\/li><li>M\u1ee9c \u0111\u1ed9 an to\u00e0n cao khi tu\u00e2n th\u1ee7 h\u01b0\u1edbng d\u1eabn s\u1eed d\u1ee5ng tr\u00ean nh\u00e3n s\u1ea3n ph\u1ea9m.<span class=\"Apple-converted-space\">\u00a0<\/span><\/li><li>C\u00f3 kh\u1ea3 n\u0103ng ti\u00eau di\u1ec7t nhanh ch\u00f3ng v\u00e0 ki\u1ec3m so\u00e1t mu\u1ed7i b\u1eb1ng c\u00e1ch phun m\u00f9 n\u00f3ng ho\u1eb7c ULV.<span class=\"Apple-converted-space\">\u00a0<\/span><\/li><li>N\u1ebfu b\u1ea1n t\u00ecm ki\u1ebfm m\u1ed9t gi\u1ea3i ph\u00e1p NHANH CH\u00d3NG \u0111\u1ec3 ti\u00eau di\u1ec7t gi\u00e1n v\u00e0 c\u00e1c lo\u1ea1i c\u00f4n tr\u00f9ng c\u00f3 c\u00e1nh, PERMETHOR SHIELD ch\u00ednh l\u00e0 l\u1ef1a ch\u1ecdn h\u00e0ng \u0111\u1ea7u cho c\u00e1c chi\u1ebfn d\u1ecbch qu\u1ea3n l\u00fd d\u1ecbch h\u1ea1i t\u00edch h\u1ee3p.<span class=\"Apple-converted-space\">\u00a0<\/span><\/li><\/ul><p><b>C\u00e1ch \u0111\u1ec3 \u0111\u1ea1t \u0111\u01b0\u1ee3c k\u1ebft qu\u1ea3 t\u1ed1t nh\u1ea5t v\u1edbi PERMETHOR SHIELD<span class=\"Apple-converted-space\">\u00a0<\/span><\/b><\/p><ul><li>LU\u00d4N ki\u1ec3m tra k\u1ef9 l\u01b0\u1ee1ng tr\u01b0\u1edbc khi x\u1eed l\u00fd.<span class=\"Apple-converted-space\">\u00a0<\/span><\/li><li>S\u1ea3n ph\u1ea9m n\u00e0y c\u00f3 m\u00f9i nh\u1eb9 nh\u01b0ng b\u1ea1n n\u00ean th\u00f4ng b\u00e1o l\u1ea1i v\u1edbi kh\u00e1ch h\u00e0ng tr\u01b0\u1edbc khi x\u1eed l\u00fd.<span class=\"Apple-converted-space\">\u00a0<\/span><\/li><li>Pha v\u1edbi n\u01b0\u1edbc cho ph\u00e9p s\u1eed d\u1ee5ng trong t\u1ea5t c\u1ea3 c\u00e1c lo\u1ea1i ch\u01b0\u01a1ng tr\u00ecnh ki\u1ec3m so\u00e1t c\u00f4n tr\u00f9ng truy\u1ec1n b\u1ec7nh.<span class=\"Apple-converted-space\">\u00a0<\/span><\/li><li>\u0110\u01b0\u1ee3c \u0111\u00f3ng g\u00f3i trong c\u00e1c chai nh\u1ef1a flo h\u00f3a v\u00e0 d\u1ec5 r\u00f3t thu\u1eadn ti\u1ec7n h\u01a1n khi s\u1eed d\u1ee5ng.<span class=\"Apple-converted-space\">\u00a0<\/span><\/li><li>Nh\u00e3n ghi r\u00f5 t\u1ef7 l\u1ec7 \u00e1p d\u1ee5ng linh ho\u1ea1t v\u00ec th\u1ebf b\u1ea1n c\u00f3 th\u1ec3 ch\u1ecdn t\u1ef7 l\u1ec7 pha lo\u00e3ng t\u1ed1i \u01b0u ph\u00f9 h\u1ee3p v\u1edbi thi\u1ebft b\u1ecb v\u00e0 khu v\u1ef1c b\u1ea1n c\u1ea7n x\u1eed l\u00fd.<span class=\"Apple-converted-space\"> <br \/><\/span><\/li><li><span style=\"font-family: var(--global-body-font-family);\">\u0110\u01b0\u1ee3c khoa h\u1ecdc ch\u1ee9ng minh v\u00e0 ph\u00e1t tri\u1ec3n s\u1eed d\u1ee5ng kh\u1eafp n\u01b0\u1edbc \u00dac v\u00e0 \u0110\u00f4ng Nam \u00c1.<\/span><\/li><\/ul><p><span class=\"Apple-converted-space\"><span class=\"Apple-converted-space\"><strong style=\"font-family: var(--global-body-font-family);\">Th\u00f4ng Tin Chi Ti\u1ebft S\u1ea3n Ph\u1ea9m<\/strong><\/span><\/span><\/p><p><b>Th\u00e0nh ph\u1ea7n ho\u1ea1t ch\u1ea5t: <\/b>50% w\/v PERMETHRIN\u00a0<br \/><b>Nh\u00f3m ch\u1ebf ph\u1ea9m: <\/b>Pyrethroid<br \/><b><\/b><b>C\u00f4ng th\u1ee9c ch\u1ebf ph\u1ea9m: <\/b>Nh\u0169 t\u01b0\u01a1ng \u0111\u1eadm \u0111\u1eb7c (EC)<br \/><b>Ki\u1ec3m so\u00e1t c\u00f4n tr\u00f9ng: <\/b>Mu\u1ed7i<b><br \/><\/b><b style=\"font-family: var(--global-body-font-family);\">Quy c\u00e1ch \u0111\u00f3ng g\u00f3i: <\/b><span style=\"font-family: var(--global-body-font-family);\">1 L<\/span><\/p><p><b>\u0110\u1ec3 bi\u1ebft th\u00eam th\u00f4ng tin:<span class=\"Apple-converted-space\"><br \/><\/span><\/b><strong><span class=\"Apple-converted-space\"><a href=\"https:\/\/ensystex.com.vn\/wp-content\/uploads\/2024\/08\/PERMETHOR_SHIELD_Liquid_Insecticide_-_SDS_04-29.pdf\" target=\"_blank\" rel=\"noopener\">\u203a SDS<\/a><br \/><\/span><span class=\"Apple-converted-space\"><a href=\"https:\/\/ensystex.com.vn\/wp-content\/uploads\/2024\/08\/BROPS1002-1.02-06.24-Permethor-Shield-A4-Flyer_2-page_vietnamese-version_EVN-v6_eml.pdf\" target=\"_blank\" rel=\"noopener\">\u203a Brochure s\u1ea3n ph\u1ea9m<\/a><br \/><a href=\"https:\/\/ensystex.com.vn\/wp-content\/uploads\/2024\/06\/L-A-VN-CHEPES1003-1.05-03.24-T-Permethor-Shield-Liquid-1-L-111.125-mm-x-111.125-mm_Eng-Version_EVN-v10_pt.pdf\" target=\"_blank\" rel=\"noopener\">\u203a NH\u00c3N : 1 L<\/a><\/span><\/strong><\/p><p><span style=\"font-family: var(--global-body-font-family);\">\u00a0<\/span><\/p><\/div>\t\t\t\t\t\t\t\t<\/div>\n\t\t\t\t<\/div>\n\t\t\t\t<div class=\"elementor-element elementor-element-ed78ba3 elementor-widget elementor-widget-text-editor\" data-id=\"ed78ba3\" data-element_type=\"widget\" data-widget_type=\"text-editor.default\">\n\t\t\t\t<div class=\"elementor-widget-container\">\n\t\t\t\t\t\t\t\t\t<p><i>PERMETHOR l\u00e0 nh\u00e3n hi\u1ec7u \u0111\u01b0\u1ee3c \u0111\u0103ng k\u00fd c\u1ee7a Ensystex Inc v\u00e0 \u0111\u01b0\u1ee3c s\u1eed d\u1ee5ng theo b\u1ea3n quy\u1ec1n.<span class=\"Apple-converted-space\">\u00a0<\/span><\/i><\/p>\t\t\t\t\t\t\t\t<\/div>\n\t\t\t\t<\/div>\n\t\t\t\t<div class=\"elementor-element elementor-element-a055e47 elementor-widget elementor-widget-text-editor\" data-id=\"a055e47\" data-element_type=\"widget\" data-widget_type=\"text-editor.default\">\n\t\t\t\t<div class=\"elementor-widget-container\">\n\t\t\t\t\t\t\t\t\t<p><a href=\"https:\/\/ensystex.com.vn\/vi\/insect-control\/\">\u2190 Tr\u1edf l\u1ea1i<\/a><\/p>\t\t\t\t\t\t\t\t<\/div>\n\t\t\t\t<\/div>\n\t\t\t\t<\/div>\n\t\t\t\t\t<\/div>\n\t\t\t\t<\/div>\n\t\t\t\t<\/div>","protected":false},"excerpt":{"rendered":"<p>PERMETHOR\u00ae SHIELD Liquid Insecticide PERMETHOR\u00ae SHIELD is a versatile, low odour emulsion concentrate insecticide that provides long-term control of mosquitoes in a wide range of situations. It is particularly suited for protecting commercial and residential properties from mosquito infestations.\u00a0 Provides fast knockdown and outstanding long-lasting residual protection;\u00a0 Effective at low concentrations with broad spectrum mosquito&#8230;<\/p>","protected":false},"author":1,"featured_media":0,"parent":0,"menu_order":0,"comment_status":"closed","ping_status":"closed","template":"","meta":{"_monsterinsights_skip_tracking":false,"_monsterinsights_sitenote_active":false,"_monsterinsights_sitenote_note":"","_monsterinsights_sitenote_category":0,"_kad_post_transparent":"","_kad_post_title":"hide","_kad_post_layout":"fullwidth","_kad_post_sidebar_id":"","_kad_post_content_style":"unboxed","_kad_post_vertical_padding":"hide","_kad_post_feature":"hide","_kad_post_feature_position":"","_kad_post_header":false,"_kad_post_footer":false,"footnotes":""},"class_list":["post-150","page","type-page","status-publish","hentry"],"aioseo_notices":[],"_links":{"self":[{"href":"https:\/\/ensystex.com.vn\/vi\/wp-json\/wp\/v2\/pages\/150","targetHints":{"allow":["GET"]}}],"collection":[{"href":"https:\/\/ensystex.com.vn\/vi\/wp-json\/wp\/v2\/pages"}],"about":[{"href":"https:\/\/ensystex.com.vn\/vi\/wp-json\/wp\/v2\/types\/page"}],"author":[{"embeddable":true,"href":"https:\/\/ensystex.com.vn\/vi\/wp-json\/wp\/v2\/users\/1"}],"replies":[{"embeddable":true,"href":"https:\/\/ensystex.com.vn\/vi\/wp-json\/wp\/v2\/comments?post=150"}],"version-history":[{"count":46,"href":"https:\/\/ensystex.com.vn\/vi\/wp-json\/wp\/v2\/pages\/150\/revisions"}],"predecessor-version":[{"id":2295,"href":"https:\/\/ensystex.com.vn\/vi\/wp-json\/wp\/v2\/pages\/150\/revisions\/2295"}],"wp:attachment":[{"href":"https:\/\/ensystex.com.vn\/vi\/wp-json\/wp\/v2\/media?parent=150"}],"curies":[{"name":"wp","href":"https:\/\/api.w.org\/{rel}","templated":true}]}}