{"id":141,"date":"2024-06-05T12:42:15","date_gmt":"2024-06-05T12:42:15","guid":{"rendered":"https:\/\/ensystex.com.vn\/?page_id=141"},"modified":"2026-03-31T09:03:47","modified_gmt":"2026-03-31T09:03:47","slug":"zenithor-gel-cockroach-bait","status":"publish","type":"page","link":"https:\/\/ensystex.com.vn\/vi\/zenithor-gel-cockroach-bait\/","title":{"rendered":"B\u1ea3 Gel di\u1ec7t gi\u00e1n ZENITHOR\u2122"},"content":{"rendered":"<div data-elementor-type=\"wp-page\" data-elementor-id=\"141\" class=\"elementor elementor-141\" data-elementor-post-type=\"page\">\n\t\t\t\t<div class=\"elementor-element elementor-element-839ab03 e-flex e-con-boxed e-con e-parent\" data-id=\"839ab03\" data-element_type=\"container\">\n\t\t\t\t\t<div class=\"e-con-inner\">\n\t\t<div class=\"elementor-element elementor-element-2740b59 e-con-full e-flex e-con e-child\" data-id=\"2740b59\" data-element_type=\"container\">\n\t\t\t\t<div class=\"elementor-element elementor-element-fc9fac2 elementor-widget elementor-widget-image\" data-id=\"fc9fac2\" data-element_type=\"widget\" data-widget_type=\"image.default\">\n\t\t\t\t<div class=\"elementor-widget-container\">\n\t\t\t\t\t\t\t\t\t\t\t\t\t\t\t<img fetchpriority=\"high\" decoding=\"async\" width=\"1400\" height=\"997\" src=\"https:\/\/ensystex.com.vn\/wp-content\/uploads\/2024\/06\/EVN_Zenithor-Gel-Cockroach-Bait-1.png\" class=\"attachment-full size-full wp-image-965\" alt=\"\" srcset=\"https:\/\/ensystex.com.vn\/wp-content\/uploads\/2024\/06\/EVN_Zenithor-Gel-Cockroach-Bait-1.png 1400w, https:\/\/ensystex.com.vn\/wp-content\/uploads\/2024\/06\/EVN_Zenithor-Gel-Cockroach-Bait-1-300x214.png 300w, https:\/\/ensystex.com.vn\/wp-content\/uploads\/2024\/06\/EVN_Zenithor-Gel-Cockroach-Bait-1-1024x729.png 1024w, https:\/\/ensystex.com.vn\/wp-content\/uploads\/2024\/06\/EVN_Zenithor-Gel-Cockroach-Bait-1-768x547.png 768w, https:\/\/ensystex.com.vn\/wp-content\/uploads\/2024\/06\/EVN_Zenithor-Gel-Cockroach-Bait-1-18x12.png 18w, https:\/\/ensystex.com.vn\/wp-content\/uploads\/2024\/06\/EVN_Zenithor-Gel-Cockroach-Bait-1-600x427.png 600w\" sizes=\"(max-width: 1400px) 100vw, 1400px\" \/>\t\t\t\t\t\t\t\t\t\t\t\t\t\t\t<\/div>\n\t\t\t\t<\/div>\n\t\t\t\t<\/div>\n\t\t<div class=\"elementor-element elementor-element-08ad366 e-con-full e-flex e-con e-child\" data-id=\"08ad366\" data-element_type=\"container\">\n\t\t\t\t<div class=\"elementor-element elementor-element-330e245 elementor-widget__width-initial elementor-widget-tablet__width-initial elementor-widget elementor-widget-heading\" data-id=\"330e245\" data-element_type=\"widget\" data-widget_type=\"heading.default\">\n\t\t\t\t<div class=\"elementor-widget-container\">\n\t\t\t\t\t<h2 class=\"elementor-heading-title elementor-size-default\">B\u1ea3 Gel di\u1ec7t gi\u00e1n ZENITHOR\u2122<\/h2>\t\t\t\t<\/div>\n\t\t\t\t<\/div>\n\t\t\t\t<div class=\"elementor-element elementor-element-f55f17b elementor-widget__width-initial elementor-widget-mobile__width-initial elementor-widget elementor-widget-text-editor\" data-id=\"f55f17b\" data-element_type=\"widget\" data-widget_type=\"text-editor.default\">\n\t\t\t\t<div class=\"elementor-widget-container\">\n\t\t\t\t\t\t\t\t\t<div class=\"rich-text__text rte\"><h6>M\u1ed8T HUY\u1ec0N THO\u1ea0I XU\u1ea4T HI\u1ec6N... ZENITHOR \u0111\u01b0\u1ee3c ph\u00e1t tri\u1ec3n v\u1edbi quan \u0111i\u1ec3m t\u1ea1o ra m\u1ed9t lo\u1ea1i b\u1ea3 di\u1ec7t gi\u00e1n d\u1ea1ng gel, m\u1ed9t lo\u1ea1i b\u1ea3 gel c\u00f3 kh\u1ea3 n\u0103ng v\u01b0\u1ee3t tr\u1ed9i h\u01a1n t\u1ea5t c\u1ea3 c\u00e1c lo\u1ea1i kh\u00e1c.<\/h6><p>Hi\u1ec7u qu\u1ea3 v\u01b0\u1ee3t tr\u1ed9i c\u1ee7a ZENITHOR ph\u00e1t sinh t\u1eeb c\u00f4ng th\u1ee9c gel di\u1ec7t gi\u00e1n ph\u1ee9c t\u1ea1p nh\u1ea5t c\u1ee7a ch\u00fang t\u00f4i cho \u0111\u1ebfn nay. S\u1eed d\u1ee5ng ho\u00e1 gel tinh vi nh\u1ea5t, ZENITHOR n\u00e2ng cao hi\u1ec7u qu\u1ea3 v\u1eadt l\u00fd t\u0103ng c\u01b0\u1eddng c\u1ea3i thi\u1ec7n h\u01b0\u01a1ng v\u1ecb \u0111\u1ed1i v\u1edbi lo\u00e0i gi\u00e1n cho ra k\u1ebft qu\u1ea3 ki\u1ec3m so\u00e1t gi\u00e1n l\u00e2u d\u00e0i.<span class=\"Apple-converted-space\">\u00a0<\/span><\/p><p>ZENITHOR ch\u1ee9a c\u00e1c ch\u1ea5t k\u00edch th\u00edch v\u1ecb gi\u00e1c v\u00e0 ch\u1ea5t d\u1eabn d\u1ee5 c\u00e1c gi\u00e1c quan c\u1ee7a gi\u00e1n t\u1ed1i \u01b0u nh\u1ea5t, mang l\u1ea1i hi\u1ec7u qu\u1ea3 di\u1ec7t gi\u00e1n nhanh v\u00e0 \u0111\u1ea3m b\u1ea3o lo\u1ea1i b\u1ecf ho\u00e0n to\u00e0n gi\u00e1n.<span class=\"Apple-converted-space\">\u00a0<\/span><\/p><p><strong>C\u00e1c t\u00ednh n\u0103ng ch\u00ednh<\/strong><\/p><ul><li><b>\u0110\u1ea3m b\u1ea3o ti\u00eau di\u1ec7t nhanh h\u01a1n; <\/b>Trong c\u00e1c th\u1eed nghi\u1ec7m v\u1edbi lo\u00e0i gi\u00e1n \u0110\u1ee9c (<i>Blattella germanica <\/i>Linneaus), ZENITIBOR \u0111\u00e3 di\u1ec7t h\u01a1n 80% gi\u00e1n trong v\u00f2ng 24 gi\u1edd v\u00e0 100% t\u1eed vong sau 72 gi\u1edd. N\u00f3 ho\u1ea1t \u0111\u1ed9ng t\u1ed1t h\u01a1n c\u1ea3 lo\u1ea1i thu\u1ed1c di\u1ec7t gi\u00e1n g\u1ed1c fipronil h\u00e0ng \u0111\u1ea7u hi\u1ec7n nay.<span class=\"Apple-converted-space\">\u00a0<\/span><\/li><li><b>T\u0103ng c\u01b0\u1eddng v\u1ecb ngon; <\/b>\u0110\u1ec3 t\u1ed1i \u01b0u vi\u1ec7c gi\u00e1n \u0103n b\u1ea3, c\u00f4ng th\u1ee9c ch\u1ea5t l\u01b0\u1ee3ng cao c\u1ee7a ZENITHOR cung c\u1ea5p m\u1ed9t ngu\u1ed3n dinh d\u01b0\u1ee1ng ho\u00e0n ch\u1ec9nh bao g\u1ed3m c\u00e1c th\u00e0nh ph\u1ea7n m\u1edbi l\u1ea1 \u0111\u1ec3 \u0111\u1ea3m b\u1ea3o gi\u00e1n s\u1ebd \u01b0u ti\u00ean \u0103n b\u1ea3 h\u01a1n c\u00e1c th\u1ef1c ph\u1ea9m c\u1ea1nh tranh c\u00f3 trong m\u00f4i tr\u01b0\u1eddng.<span class=\"Apple-converted-space\">\u00a0<\/span><\/li><li><b>C\u00f4ng ngh\u1ec7 b\u1ed5 tr\u1ee3 s\u1ee9c ti\u00eau th\u1ee5 B\u1ea3 cao, \u0111\u1ed9c nh\u1ea5t\u2122 <\/b>cung c\u1ea5p m\u1ed9t lo\u1ea1t ch\u1ea5t d\u1eabn d\u1ee5 gi\u00e1c quan \u0111\u1ed9c \u0111\u00e1o v\u00e0 ti\u00ean ti\u1ebfn \u0111\u1ec3 d\u1eabn d\u1ee5 gi\u00e1n \u0111\u1ebfn c\u00e1c \u0111i\u1ec3m b\u1ea3 m\u1ed3i, c\u00f9ng v\u1edbi m\u1ed9t s\u1ed1 ch\u1ea5t k\u00edch th\u00edch v\u1ecb gi\u00e1c \u0111\u01b0\u1ee3c l\u1ef1a ch\u1ecdn c\u1ea9n th\u1eadn \u0111\u1ec3 gia t\u0103ng s\u1ee9c ti\u00eau th\u1ee5 b\u1ea3 gel, v\u00e0 cho ra hi\u1ec7u qu\u1ea3 v\u01b0\u1ee3t tr\u1ed9i.<span class=\"Apple-converted-space\">\u00a0<\/span><\/li><li><b>Lan truy\u1ec1n B\u00e0i ti\u1ebft Vi r\u00fat\u2122; <\/b>Nh\u1eefng con gi\u00e1n nhi\u1ec5m \u0111\u1ed9c c\u1ee7a ZENITHOR l\u00e2y lan \u0111\u1ed9c t\u1ed1 kh\u1eafp n\u01a1i tr\u00fa \u1ea9n v\u00e0 m\u00f4i tr\u01b0\u1eddng xung quanh t\u1eeb c\u00e1c ho\u1ea1t ch\u1ea5t \u0111\u01b0\u1ee3c c\u01b0\u1eddng ho\u00e1 c\u1ee7a ZENITHOR th\u00f4ng qua c\u00e1c ch\u1ea5t n\u00f4n m\u1eeda v\u00e0 ph\u00e2n, t\u1eeb \u0111\u00f3 t\u1ea1o n\u00ean Hi\u1ec7u \u1ee9ng Lan truy\u1ec1n m\u1ea1nh m\u1ebd nh\u1ea5t. Lan truy\u1ec1n B\u00e0i ti\u1ebft Vi r\u00fat r\u1ea5t quan tr\u1ecdng trong vi\u1ec7c truy\u1ec1n \u0111\u1ed9c t\u1ed1 \u0111\u1ebfn c\u00e1c con nh\u1ed9ng hay gi\u00e1n con kh\u00f4ng m\u1ea1o hi\u1ec3m qu\u00e1 xa \u0111\u1ec3 t\u00ecm ki\u1ebfm ngu\u1ed3n th\u1ee9c \u0103n.<span class=\"Apple-converted-space\">\u00a0<\/span><\/li><li><b>ZENITHOR Enzyme K\u00edch ho\u1ea1t Sinh h\u1ecdc\u2122; <\/b>Sau khi \u0103n b\u1ea3, ZENITHOR \u0111\u01b0\u1ee3c chuy\u1ec3n h\u00f3a th\u00e0nh m\u1ed9t lo\u1ea1i \u0111\u1ed9c t\u1ed1 th\u1ea7n kinh di\u1ec7t c\u00f4n tr\u00f9ng, d\u1ea7n d\u1ea7n ti\u00eau di\u1ec7t ch\u00fang. S\u1ef1 chuy\u1ec3n ho\u00e1 ho\u1ea1t ch\u1ea5t n\u00e0y cung c\u1ea5p m\u1ed9t y\u1ebfu t\u1ed1 an to\u00e0n v\u00ec n\u00f3 \u0111\u01b0\u1ee3c c\u00f4n tr\u00f9ng 'k\u00edch ho\u1ea1t' hi\u1ec7u qu\u1ea3.<span class=\"Apple-converted-space\">\u00a0<\/span><\/li><li><b>Ti\u00eau di\u1ec7t nh\u1eefng lo\u1ea1i gi\u00e1n kh\u00e1ng b\u1ea3; <\/b>c\u00f3 nhi\u1ec1u t\u00e0i li\u1ec7u ch\u1ec9 ra qu\u1ea7n th\u1ec3 gi\u00e1n \u0110\u1ee9c \u0111\u00e3 nhanh ch\u00f3ng ti\u1ebfn ho\u00e1 v\u00e0 th\u00edch nghi v\u1edbi s\u1ef1 kh\u00f4ng t\u01b0\u01a1ng th\u00edch v\u1edbi glucose, m\u1ed9t th\u00e0nh ph\u1ea7n c\u00f3 trong h\u1ea7u h\u1ebft c\u00e1c lo\u1ea1i b\u1ea3 th\u01b0\u01a1ng m\u1ea1i. ZENITHOR kh\u00f4ng s\u1eed d\u1ee5ng glucose\ntrong c\u00f4ng th\n\u1ee9c, v\u00ec v\u1eady n\u00f3 c\u00f3 th\u1ec3 gi\u1ea3i quy\u1ebft tri\u1ec7t \u0111\u1ec3 nh\u1eefng tr\u01b0\u1eddng h\u1ee3p gi\u00e1n kh\u00f3 nh\u1eb1n nh\u1ea5t.<span class=\"Apple-converted-space\">\u00a0<\/span><\/li><\/ul><p class=\"p1\"><b>Hi\u1ec7u su\u1ea5t<\/b><\/p><p>Hi\u1ec7u qu\u1ea3 v\u01b0\u1ee3t tr\u1ed9i c\u1ee7a ZENITHOR ph\u00e1t sinh t\u1eeb c\u00f4ng th\u1ee9c gel di\u1ec7t gi\u00e1n ph\u1ee9c t\u1ea1p nh\u1ea5t c\u1ee7a ch\u00fang t\u00f4i cho \u0111\u1ebfn nay. S\u1eed d\u1ee5ng ho\u00e1 gel tinh vi nh\u1ea5t, ZENITHOR cung c\u1ea5p hi\u1ec7u qu\u1ea3 v\u1eadt l\u00fd t\u0103ng c\u01b0\u1eddng \u0111\u1ed3ng th\u1eddi cung c\u1ea5p c\u00e1c t\u00ednh n\u0103ng h\u1ed7 tr\u1ee3 \u0111\u1ec3 d\u1ec5 d\u00e0ng s\u1eed d\u1ee5ng. C\u00e1c b\u1ea3 gel s\u1ebd t\u1ed3n t\u1ea1i trong kho\u1ea3ng th\u1eddi gian d\u00e0i v\u1edbi \u0111\u1ed9 \u1ea9m kh\u00f4ng suy gi\u1ea3m gi\u00fap duy tr\u00ec v\u00e0 c\u1ea3i thi\u1ec7n h\u01b0\u01a1ng v\u1ecb \u0111\u1ed1i v\u1edbi lo\u00e0i gi\u00e1n \u0111\u1ec3 cho ra k\u1ebft qu\u1ea3 di\u1ec7t gi\u00e1n m\u1ed9t c\u00e1ch t\u1ed1i \u01b0u .<span class=\"Apple-converted-space\">\u00a0<\/span><\/p><p>H\u01a1n th\u1ebf n\u1eefa, ZENITHOR ch\u1ee9a c\u00e1c ch\u1ea5t k\u00edch th\u00edch v\u1ecb gi\u00e1c v\u00e0 c\u00e1c ch\u1ea5t d\u1eabn d\u1ee5 gi\u00e1c quan v\u1edbi s\u1ee9c h\u1ea5p d\u1eabn cao \u0111\u1ed1i v\u1edbi gi\u00e1n gi\u00fap b\u1ea1n di\u1ec7t tr\u1eeb ch\u00fang nhanh ch\u00f3ng v\u00e0 t\u1eadn g\u1ed1c.<span class=\"Apple-converted-space\">\u00a0<\/span><\/p><p>B\u1ea3 gel di\u1ec7t gi\u00e1n ZENITHOR \u0111\u01b0\u1ee3c b\u00e0o ch\u1ebf v\u1edbi c\u00f4ng th\u1ee9c cung c\u1ea5p gel \u1ed5n \u0111\u1ecbnh, ngay c\u1ea3 trong khu v\u1ef1c nh\u00e0 b\u1ebfp n\u00f3ng v\u00e0 m\u00f4i tr\u01b0\u1eddng nhi\u1ec7t \u0111\u1edbi, m\u00e0 v\u1eabn lu\u00f4n duy tr\u00ec m\u1ed9t l\u1edbp \u1ea9m, d\u00ednh \u0111\u1ec3 \u0111\u1ea3m b\u1ea3o gi\u00e1n s\u1ebd \u0103n b\u1ea3 m\u1ea1nh h\u01a1n trong m\u1ed9t kho\u1ea3ng th\u1eddi gian d\u00e0i.<span class=\"Apple-converted-space\">\u00a0<\/span><\/p><p><b>Th\u00f4ng Tin Chi Ti\u1ebft S\u1ea3n Ph\u1ea9m<span class=\"Apple-converted-space\">\u00a0<\/span><\/b><\/p><p><b>Th\u00e0nh ph\u1ea7n ho\u1ea1t ch\u1ea5t: <\/b>6.0 g\/kg (S)-indoxacarb<br \/><b>Nh\u00f3m ch\u1ebf ph\u1ea9m: <\/b>Oxadiazine<span class=\"Apple-converted-space\">\u00a0<br \/><\/span><b>C\u00f4ng th\u1ee9c ch\u1ebf ph\u1ea9m: <\/b>B\u1ea3 m\u1ed3i s\u1eb5n d\u00f9ng<span class=\"Apple-converted-space\">\u00a0<br \/><\/span><b>Ki\u1ec3m so\u00e1t c\u00f4n tr\u00f9ng: <\/b>Gi\u00e1n<span class=\"Apple-converted-space\">\u00a0<br \/><\/span><b>Quy c\u00e1ch \u0111\u00f3ng g\u00f3i: <\/b>4 x 30 g<span class=\"Apple-converted-space\">\u00a0<\/span><\/p><p><strong>\u0110\u1ec3 bi\u1ebft th\u00eam th\u00f4ng tin:<\/strong><\/p><\/div><p><strong><a href=\"https:\/\/ensystex.com.vn\/wp-content\/uploads\/2024\/08\/ZENITHOR_Gel_Cockroach_Bait_-_SDS_06-29.pdf\" target=\"_blank\" rel=\"noopener\">\u203a SDS<\/a><br \/><\/strong><strong style=\"font-family: var(--global-body-font-family);\"><a href=\"https:\/\/ensystex.com.vn\/wp-content\/uploads\/2026\/03\/BROZC1003-1.02-03.26-Zenithor-Cockroach-Bait-brochure_EVN_v3_eml_compressed.pdf\" target=\"_blank\" rel=\"noopener\">\u203a Brochure s\u1ea3n ph\u1ea9m<\/a><br \/><a href=\"https:\/\/ensystex.com.vn\/wp-content\/uploads\/2024\/07\/1-L-A-VN-CHEZA1008-1.02-06.24-PA-Zenithor-Gel-Cockroach-120-g-30g-160mm-x-114mm_Phat-An_EVN-v12_pt.pdf\" target=\"_blank\" rel=\"noopener\">\u203a NH\u00c3N: 120 g &amp; 30 g<\/a><br \/><\/strong><\/p>\t\t\t\t\t\t\t\t<\/div>\n\t\t\t\t<\/div>\n\t\t\t\t<div class=\"elementor-element elementor-element-8adfce8 elementor-widget elementor-widget-text-editor\" data-id=\"8adfce8\" data-element_type=\"widget\" data-widget_type=\"text-editor.default\">\n\t\t\t\t<div class=\"elementor-widget-container\">\n\t\t\t\t\t\t\t\t\t<p><a href=\"https:\/\/ensystex.com.vn\/vi\/insect-control\/\">\u2190 Tr\u1edf l\u1ea1i<\/a><\/p>\t\t\t\t\t\t\t\t<\/div>\n\t\t\t\t<\/div>\n\t\t\t\t<\/div>\n\t\t\t\t\t<\/div>\n\t\t\t\t<\/div>\n\t\t\t\t<\/div>","protected":false},"excerpt":{"rendered":"<p>ZENITHOR\u2122 Gel Cockroach Bait A LEGEND EMERGES&#8230; ZENITHOR was developed with the view of creating a legendary cockroach gel bait, a gel bait that outperforms all others. ZENITHOR\u2019s outstanding performance arises from our most complex cockroach gel formulation to date. Employing the most sophisticated gel chemistry, ZENITHOR provides improved physical performance with improved flavour for&#8230;<\/p>","protected":false},"author":1,"featured_media":0,"parent":0,"menu_order":0,"comment_status":"closed","ping_status":"closed","template":"","meta":{"_monsterinsights_skip_tracking":false,"_monsterinsights_sitenote_active":false,"_monsterinsights_sitenote_note":"","_monsterinsights_sitenote_category":0,"_kad_post_transparent":"","_kad_post_title":"hide","_kad_post_layout":"fullwidth","_kad_post_sidebar_id":"","_kad_post_content_style":"unboxed","_kad_post_vertical_padding":"hide","_kad_post_feature":"hide","_kad_post_feature_position":"","_kad_post_header":false,"_kad_post_footer":false,"footnotes":""},"class_list":["post-141","page","type-page","status-publish","hentry"],"aioseo_notices":[],"_links":{"self":[{"href":"https:\/\/ensystex.com.vn\/vi\/wp-json\/wp\/v2\/pages\/141","targetHints":{"allow":["GET"]}}],"collection":[{"href":"https:\/\/ensystex.com.vn\/vi\/wp-json\/wp\/v2\/pages"}],"about":[{"href":"https:\/\/ensystex.com.vn\/vi\/wp-json\/wp\/v2\/types\/page"}],"author":[{"embeddable":true,"href":"https:\/\/ensystex.com.vn\/vi\/wp-json\/wp\/v2\/users\/1"}],"replies":[{"embeddable":true,"href":"https:\/\/ensystex.com.vn\/vi\/wp-json\/wp\/v2\/comments?post=141"}],"version-history":[{"count":60,"href":"https:\/\/ensystex.com.vn\/vi\/wp-json\/wp\/v2\/pages\/141\/revisions"}],"predecessor-version":[{"id":2610,"href":"https:\/\/ensystex.com.vn\/vi\/wp-json\/wp\/v2\/pages\/141\/revisions\/2610"}],"wp:attachment":[{"href":"https:\/\/ensystex.com.vn\/vi\/wp-json\/wp\/v2\/media?parent=141"}],"curies":[{"name":"wp","href":"https:\/\/api.w.org\/{rel}","templated":true}]}}