{"id":139,"date":"2024-06-05T12:41:58","date_gmt":"2024-06-05T12:41:58","guid":{"rendered":"https:\/\/ensystex.com.vn\/?page_id=139"},"modified":"2024-09-05T14:36:11","modified_gmt":"2024-09-05T14:36:11","slug":"bithor-dual-action-insecticide","status":"publish","type":"page","link":"https:\/\/ensystex.com.vn\/vi\/bithor-dual-action-insecticide\/","title":{"rendered":"Ch\u1ebf ph\u1ea9m di\u1ec7t c\u00f4n tr\u00f9ng BITHOR DUAL ACTION"},"content":{"rendered":"<div data-elementor-type=\"wp-page\" data-elementor-id=\"139\" class=\"elementor elementor-139\" data-elementor-post-type=\"page\">\n\t\t\t\t<div class=\"elementor-element elementor-element-8f9ac8d e-flex e-con-boxed e-con e-parent\" data-id=\"8f9ac8d\" data-element_type=\"container\">\n\t\t\t\t\t<div class=\"e-con-inner\">\n\t\t<div class=\"elementor-element elementor-element-7d12381 e-con-full e-flex e-con e-child\" data-id=\"7d12381\" data-element_type=\"container\">\n\t\t\t\t<div class=\"elementor-element elementor-element-3338b19 elementor-widget-mobile__width-initial elementor-widget elementor-widget-image\" data-id=\"3338b19\" data-element_type=\"widget\" data-widget_type=\"image.default\">\n\t\t\t\t<div class=\"elementor-widget-container\">\n\t\t\t\t\t\t\t\t\t\t\t\t\t\t\t<img fetchpriority=\"high\" decoding=\"async\" width=\"1226\" height=\"1750\" src=\"https:\/\/ensystex.com.vn\/wp-content\/uploads\/2024\/06\/Bithor_evn-1.png\" class=\"attachment-full size-full wp-image-690\" alt=\"\" srcset=\"https:\/\/ensystex.com.vn\/wp-content\/uploads\/2024\/06\/Bithor_evn-1.png 1226w, https:\/\/ensystex.com.vn\/wp-content\/uploads\/2024\/06\/Bithor_evn-1-210x300.png 210w, https:\/\/ensystex.com.vn\/wp-content\/uploads\/2024\/06\/Bithor_evn-1-717x1024.png 717w, https:\/\/ensystex.com.vn\/wp-content\/uploads\/2024\/06\/Bithor_evn-1-768x1096.png 768w, https:\/\/ensystex.com.vn\/wp-content\/uploads\/2024\/06\/Bithor_evn-1-1076x1536.png 1076w, https:\/\/ensystex.com.vn\/wp-content\/uploads\/2024\/06\/Bithor_evn-1-8x12.png 8w, https:\/\/ensystex.com.vn\/wp-content\/uploads\/2024\/06\/Bithor_evn-1-600x856.png 600w\" sizes=\"(max-width: 1226px) 100vw, 1226px\" \/>\t\t\t\t\t\t\t\t\t\t\t\t\t\t\t<\/div>\n\t\t\t\t<\/div>\n\t\t\t\t<\/div>\n\t\t<div class=\"elementor-element elementor-element-53d2e19 e-con-full e-flex e-con e-child\" data-id=\"53d2e19\" data-element_type=\"container\">\n\t\t\t\t<div class=\"elementor-element elementor-element-c70287f elementor-widget__width-initial elementor-widget-tablet__width-initial elementor-widget elementor-widget-heading\" data-id=\"c70287f\" data-element_type=\"widget\" data-widget_type=\"heading.default\">\n\t\t\t\t<div class=\"elementor-widget-container\">\n\t\t\t\t\t<h2 class=\"elementor-heading-title elementor-size-default\">Ch\u1ebf ph\u1ea9m di\u1ec7t c\u00f4n tr\u00f9ng BITHOR DUAL ACTION<\/h2>\t\t\t\t<\/div>\n\t\t\t\t<\/div>\n\t\t\t\t<div class=\"elementor-element elementor-element-7b10eed elementor-widget__width-initial elementor-widget-mobile__width-initial elementor-widget elementor-widget-text-editor\" data-id=\"7b10eed\" data-element_type=\"widget\" data-widget_type=\"text-editor.default\">\n\t\t\t\t<div class=\"elementor-widget-container\">\n\t\t\t\t\t\t\t\t\t<div class=\"rich-text__text rte\"><p><strong>Hai ho\u1ea1t ch\u1ea5t, hai ch\u1ebf \u0111\u1ed9 ho\u1ea1t \u0111\u1ed9ng k\u1ebft h\u1ee3p n\u00ean m\u1ed9t h\u1ee3p ch\u1ea5t kh\u00f4ng th\u1ec3 ng\u0103n c\u1ea3n kh\u00f4ng xua c\u00f4n tr\u00f9ng<\/strong><\/p><p class=\"translation-block\">BITHOR DUAL ACTION c\u00f3 c\u00e1ch th\u1ee9c ho\u1ea1t \u0111\u1ed9ng k\u00e9p \u0111\u1ed9c \u0111\u00e1o k\u1ebft h\u1ee3p t\u1eeb hai lo\u1ea1i ch\u1ebf ph\u1ea9m di\u1ec7t c\u00f4n tr\u00f9ng d\u1ea1ng t\u1ed3n l\u01b0u v\u1edbi c\u01a1 ch\u1ebf di\u1ec7t tr\u1eeb c\u00f4n tr\u00f9ng g\u00e2y h\u1ea1i m\u1ea1nh m\u1ebd, kh\u00f4ng th\u1ec3 ng\u0103n c\u1ea3n.\nC\u00f4ng th\u1ee9c \u0111\u1ed9t ph\u00e1 n\u00e0y s\u1eed d\u1ee5ng C\u00f4ng ngh\u1ec7 Pha tr\u1ed9n ho\u1ea1t ch\u1ea5t c\u00f4 \u0111\u1eb7c (BAC), trong \u0111\u00f3 hai ho\u1ea1t ch\u1ea5t \u0111\u01b0\u1ee3c xay v\u00e0 tr\u1ed9n v\u1edbi nhau \u0111\u1ec3 h\u00f2a th\u00e0nh m\u1ed9t.\nQuy tr\u00ecnh BAC cho ph\u00e9p Ensystex t\u1ea1o ra c\u00e1c S\u00e1t th\u1ee7 Th\u1ea7m l\u1eb7ng t\u1eeb vi huy\u1ec1n ph\u00f9 \u0111\u1eadm \u0111\u1eb7c g\u1ed1c n\u01b0\u1edbc kh\u00f4ng m\u00f9i, kh\u00f4ng xua c\u00f4n tr\u00f9ng. Nh\u1edd \u0111\u00f3 c\u00f4n tr\u00f9ng s\u1ebd v\u1eabn ti\u1ebfp x\u00fac v\u1edbi b\u1ec1 m\u1eb7t \u0111\u01b0\u1ee3c x\u1eed l\u00fd trong th\u1eddi gian d\u00e0i m\u00e0 kh\u00f4ng nh\u1eadn ra ch\u00ednh n\u00f3 \u0111ang h\u1ea5p th\u1ee5 m\u1ed9t li\u1ec1u thu\u1ed1c ch\u00ed m\u1ea1ng.<\/p><p class=\"translation-block\">Khi s\u1eed d\u1ee5ng hai ho\u1ea1t ch\u1ea5t c\u00f2n l\u1ea1i t\u1eeb hai nh\u00f3m h\u00f3a ch\u1ea5t ri\u00eang bi\u1ec7t v\u00e0 k\u1ebft h\u1ee3p ch\u00fang l\u1ea1i th\u00e0nh m\u1ed9t, m\u1ed9t hi\u1ec7u \u1ee9ng hi\u1ec7p \u0111\u1ed3ng \u0111\u01b0\u1ee3c sinh ra, trong \u0111\u00f3 m\u1ed7i ho\u1ea1t ch\u1ea5t s\u1ebd t\u0103ng c\u01b0\u1eddng t\u00e1c d\u1ee5ng c\u1ee7a ho\u1ea1t ch\u1ea5t kia. \u0110i\u1ec1u n\u00e0y c\u00f3 ngh\u0129a l\u00e0 BITHOR DUAL ACTION m\u1ea1nh m\u1ebd h\u01a1n so v\u1edbi m\u1ed9t ho\u1ea1t ch\u1ea5t ri\u00eang l\u1ebb v\u00e0 s\u1ebd gi\u00fap c\u00e1c nh\u00e0 qu\u1ea3n l\u00fd c\u00f4n tr\u00f9ng chuy\u00ean nghi\u1ec7p ti\u00eau di\u1ec7t nh\u1eefng lo\u00e0i c\u00f4n tr\u00f9ng g\u00e2y h\u1ea1i kh\u00f3 di\u1ec7t nh\u1ea5t.\nBITHOR DUAL ACTION \u0111\u01b0\u1ee3c \u0111\u0103ng k\u00fd \u0111\u1ec3 ki\u1ec3m so\u00e1t nhi\u1ec1u lo\u1ea1i c\u00f4n tr\u00f9ng trong nh\u00e0 v\u00e0 ngo\u00e0i tr\u1eddi. C\u00e1c th\u1eed nghi\u1ec7m tr\u01b0\u1edbc c\u00e1c lo\u1ea1i r\u1ec7p gi\u01b0\u1eddng th\u01b0\u1eddng g\u1eb7p (Cimex lectularius Linnaeus) v\u1edbi Khoa Y H\u1ecdc C\u00f4n Tr\u00f9ng, ICPMR, B\u1ec7nh vi\u1ec7n Westmead v\u00e0 c\u00e1c lo\u1ea1i r\u1ec7p gi\u01b0\u1eddng nhi\u1ec7t \u0111\u1edbi (Cimex hemipterus Fabricius) v\u1edbi Khoa Y H\u1ecdc C\u00f4n Tr\u00f9ng \u1edf Th\u00e1i Lan cho th\u1ea5y s\u1ea3n ph\u1ea9m n\u00e0y r\u1ea5t hi\u1ec7u qu\u1ea3 trong vi\u1ec7c ki\u1ec3m so\u00e1t c\u1ea3 hai lo\u1ea1i r\u1ec7p gi\u01b0\u1eddng - bao g\u1ed3m c\u00e1c ch\u1ee7ng kh\u00e1ng pyrethroid.\nImidacloprid l\u00e0 m\u1ed9t ch\u1ebf ph\u1ea9m di\u1ec7t c\u00f4n tr\u00f9ng nh\u00f3m neonicotinoid v\u00e0 \u0111\u00f3ng vai tr\u00f2 nh\u01b0 m\u1ed9t \u0111\u1ed9c t\u1ed1 xinap (\u0111i\u1ec3m ti\u1ebfp h\u1ee3p th\u1ea7n kinh). N\u00f3 m\u00f4 ph\u1ecfng ho\u1ea1t \u0111\u1ed9ng c\u1ee7a m\u1ed9t ch\u1ea5t d\u1eabn truy\u1ec1n th\u1ea7n kinh g\u1ecdi l\u00e0 acetylcholine s\u1eb5n c\u00f3 trong c\u01a1 th\u1ec3 c\u1ee7a c\u00f4n tr\u00f9ng. Imidacloprid \u0111\u00f3ng gi\u1ea3 acetylcholine v\u00e0 truy\u1ec1n th\u00f4ng \u0111i\u1ec7p t\u1edbi t\u1ebf b\u00e0o th\u1ea7n kinh qua khe xinap c\u1ee7a c\u00f4n tr\u00f9ng. Acetylcholine sau \u0111\u00f3 b\u1ecb ph\u00e1 v\u1ee1 b\u1edfi enzyme cholinesterase. Tuy nhi\u00ean, cholinesterase kh\u00f4ng th\u1ec3 ph\u00e2n hu\u1ef7 imidacloprid, v\u00ec v\u1eady c\u00e1c t\u1ebf b\u00e0o th\u1ea7n kinh c\u1ee7a ch\u00fang s\u1ebd li\u00ean t\u1ee5c b\u1ecb k\u00edch th\u00edch v\u00e0 d\u1eabn \u0111\u1ebfn qu\u00e1 li\u1ec1u th\u1ea7n kinh.<\/p><p>Tr\u00e1i v\u1edbi imidacloprid, bifenthrin l\u00e0 m\u1ed9t ch\u1ebf ph\u1ea9m di\u1ec7t c\u00f4n tr\u00f9ng nh\u00f3m pyrethroid ho\u1ea1t \u0111\u1ed9ng nh\u01b0 m\u1ed9t \u0111\u1ed9c t\u1ed1 s\u1ee3i tr\u1ee5c th\u1ea7n kinh. S\u1ee3i tr\u1ee5c th\u1ea7n kinh b\u1ecb ph\u00e2n c\u1ef1c \u0111i\u1ec7n; khi m\u1ed9t th\u00f4ng \u0111i\u1ec7p truy\u1ec1n d\u1ecdc theo s\u1ee3i tr\u1ee5c, n\u00f3 s\u1ebd ph\u1ea3i th\u00f4ng qua c\u00e1c t\u00e1c \u0111\u1ed9ng c\u1ee7a c\u00e1c \u2018c\u1ed5ng\u2019 natri v\u00e0 kali. Nh\u1eefng ho\u1ea1t ch\u1ea5t nh\u00f3m pyrethroid \u1ea3nh h\u01b0\u1edfng \u0111\u1ebfn s\u1ef1 ph\u00e2n c\u1ef1c c\u1ee7a s\u1ee3i tr\u1ee5c th\u1ea7n kinh b\u1eb1ng c\u00e1ch gi\u1eef \u2018c\u1ed5ng natri\u2019 m\u1edf; do \u0111\u00f3, c\u00f4n tr\u00f9ng \u0111i v\u00e0o co gi\u1eadt. Kh\u00f4ng gi\u1ed1ng nh\u01b0 h\u1ea7u h\u1ebft c\u00e1c pyrethroid kh\u00e1c, bifenthrin kh\u00f4ng ch\u1ee9a nh\u00f3m alpha-cyano v\u00e0 nh\u1edd v\u00e0o s\u1ef1 k\u1ebft h\u1ee3p v\u1edbi imidacloprid, n\u00f3 c\u00f3 th\u1ec3 \u0111\u01b0\u1ee3c s\u1eed d\u1ee5ng \u1edf m\u1ee9c gi\u1ea3m nh\u1eb9. \u0110i\u1ec1u \u0111\u00f3 c\u00f3 ngh\u0129a l\u00e0 BITHOR DUAL ACTION v\u1ec1 b\u1ea3n ch\u1ea5t kh\u00f4ng c\u00f3 t\u00ednh xua c\u00f4n tr\u00f9ng.<span class=\"Apple-converted-space\">\u00a0<\/span><\/p><p>\u0110i\u1ec1u n\u00e0y \u0111\u1ea3m b\u1ea3o c\u00f4n tr\u00f9ng s\u1ebd v\u1eabn ti\u1ebfp x\u00fac v\u1edbi b\u1ec1 m\u1eb7t \u0111\u01b0\u1ee3c x\u1eed l\u00fd l\u00e2u h\u01a1n, mang l\u1ea1i hi\u1ec7u su\u1ea5t \u0111\u01b0\u1ee3c c\u1ea3i thi\u1ec7n so v\u1edbi c\u00e1c s\u1ea3n ph\u1ea9m s\u1eed d\u1ee5ng pyrethroid alpha-cyano,v\u00ed d\u1ee5: beta-cyfluthrin, deltamethrin.\nDo \u0111\u00f3, BITHOR DUAL ACTION v\u1eabn s\u1ebd hi\u1ec7u qu\u1ea3 ngay c\u1ea3 khi \u0111\u01b0\u1ee3c d\u00f9ng \u1edf n\u1ed3ng \u0111\u1ed9 th\u1ea5p h\u01a1n, t\u1eeb \u0111\u00f3 gi\u00fap ti\u1ebft ki\u1ec7m chi ph\u00ed nh\u01b0ng v\u1eabn duy tr\u00ec hi\u1ec7u su\u1ea5t.<span class=\"Apple-converted-space\">\u00a0<\/span><\/p><p><strong>C\u00e1c t\u00ednh n\u0103ng ch\u00ednh <\/strong><\/p><ul><li><b>Hai ho\u1ea1t ch\u1ea5t; <\/b>Hai ph\u01b0\u01a1ng th\u1ee9c t\u1ea5n c\u00f4ng ri\u00eang bi\u1ec7t, k\u1ebft h\u1ee3p th\u00e0nh m\u1ed9t lo\u1ea1i ch\u1ebf ph\u1ea9m di\u1ec7t c\u00f4n tr\u00f9ng kh\u00f4ng th\u1ec3 ng\u0103n ch\u1eb7n, m\u1ea1nh h\u01a1n khi s\u1eed d\u1ee5ng t\u1eebng th\u00e0nh ph\u1ea7n ri\u00eang l\u1ebb.<span class=\"Apple-converted-space\">\u00a0<\/span><\/li><li><b>Kh\u00f4ng xua c\u00f4n tr\u00f9ng; <\/b>Bifenthrin \u0111\u01b0\u1ee3c k\u1ebft h\u1ee3p v\u1edbi imidacloprid d\u1ea1ng kh\u00f4ng xua c\u00f4n tr\u00f9ng t\u1ea1o n\u00ean m\u1ed9t s\u1ea3n ph\u1ea9m k\u1ebft h\u1ee3p hi\u1ec7u qu\u1ea3 v\u00e0 ho\u00e0n to\u00e0n kh\u00f4ng xua c\u00f4n tr\u00f9ng.<span class=\"Apple-converted-space\">\u00a0<\/span><\/li><li><b>C\u00f4ng ngh\u1ec7 Pha tr\u1ed9n ho\u1ea1t ch\u1ea5t c\u00f4 \u0111\u1eb7c (BAC); <\/b>hai ho\u1ea1t ch\u1ea5t \u0111\u01b0\u1ee3c xay v\u00e0 tr\u1ed9n v\u1edbi nhau sau \u0111\u00f3 h\u00f2a th\u00e0nh m\u1ed9t gi\u00fap che gi\u1ea5u s\u1ef1 hi\u1ec7n di\u1ec7n c\u1ee7a ch\u00fang.<span class=\"Apple-converted-space\">\u00a0<\/span><\/li><li><b>Ki\u1ec3m so\u00e1t l\u00e2u d\u00e0i; <\/b>Hi\u1ec7u qu\u1ea3 t\u0103ng c\u01b0\u1eddng t\u1eeb hai lo\u1ea1i ho\u1ea1t ch\u1ea5t \u0111\u01b0\u1ee3c c\u00f4ng nh\u1eadn r\u1ed9ng r\u00e3i \u0111\u1ea3m b\u1ea3o t\u00e1c \u0111\u1ed9ng t\u1ed3n l\u01b0u c\u1ee7a s\u1ea3n ph\u1ea9m.<span class=\"Apple-converted-space\">\u00a0<\/span><\/li><li><b>S\u1ee9c m\u1ea1nh t\u1eeb Hi\u1ec7u \u1ee9ng Hi\u1ec7p \u0111\u1ed3ng; <\/b>B\u1eb1ng c\u00e1ch k\u1ebft h\u1ee3p hai ho\u1ea1t ch\u1ea5t t\u1eeb hai nh\u00f3m h\u00f3a ch\u1ea5t ri\u00eang bi\u1ec7t, ch\u00fang t\u00f4i t\u1ea1o ra m\u1ed9t s\u1ea3n ph\u1ea9m \u0111\u1ed9c \u0111\u00e1o ti\u00eau di\u1ec7t ngay c\u1ea3 nh\u1eefng lo\u00e0i g\u00e2y h\u1ea1i kh\u00f3 nh\u1eb1n nh\u1ea5t. Hai ho\u1ea1t ch\u1ea5t k\u1ebft h\u1ee3p v\u1edbi nhau t\u1ea1o ra hi\u1ec7u \u1ee9ng hi\u1ec7p \u0111\u1ed3ng, trong \u0111\u00f3 m\u1ed7i ho\u1ea1t ch\u1ea5t s\u1ebd t\u0103ng c\u01b0\u1eddng t\u00e1c d\u1ee5ng c\u1ee7a ho\u1ea1t ch\u1ea5t kia, d\u1eabn \u0111\u1ebfn m\u1ed9t gi\u1ea3i ph\u00e1p m\u1ea1nh h\u01a1n so v\u1edbi ch\u1ec9 m\u1ed9t ho\u1ea1t ch\u1ea5t \u0111\u01a1n l\u1ebb.<\/li><li><b style=\"font-family: var(--global-body-font-family);\">C\u00e1ch th\u1ee9c ho\u1ea1t \u0111\u1ed9ng k\u00e9p; <\/b><span style=\"font-family: var(--global-body-font-family);\">imidacloprid l\u00e0 m\u1ed9t lo\u1ea1i ch\u1ebf ph\u1ea9m di\u1ec7t c\u00f4n tr\u00f9ng d\u1ea1ng neonicotinoid ho\u1ea1t \u0111\u1ed9ng nh\u01b0 m\u1ed9t ch\u1ea5t \u0111\u1ed9c xinap. N\u00f3 b\u1eaft ch\u01b0\u1edbc ho\u1ea1t \u0111\u1ed9ng c\u1ee7a ch\u1ea5t d\u1eabn truy\u1ec1n th\u1ea7n kinh t\u1ef1 nhi\u00ean \u2013 Acetylcholine. Ng\u01b0\u1ee3c l\u1ea1i, bifenthrin l\u00e0 m\u1ed9t lo\u1ea1i ch\u1ebf ph\u1ea9m di\u1ec7t c\u00f4n tr\u00f9ng d\u1ea1ng pyrethroid ho\u1ea1t \u0111\u1ed9ng nh\u01b0 m\u1ed9t \u0111\u1ed9c t\u1ed1 s\u1ee3i tr\u1ee5c t\u00e1c \u0111\u1ed9ng v\u00e0o natri: C\u1ed5ng kali.<\/span><\/li><\/ul><p><b style=\"font-family: var(--global-body-font-family);\">Hi\u1ec7u su\u1ea5t <\/b><\/p><p><span style=\"font-family: var(--global-body-font-family);\">BITHOR DUAL ACTION pha tr\u1ed9n hai ho\u1ea1t ch\u1ea5t, bifenthrin v\u00e0 imidacloprid, c\u00f9ng nhau \u0111\u1ec3 t\u1ea1o th\u00e0nh vi huy\u1ec1n ph\u00f9 \u0111\u1eadm \u0111\u1eb7c si\u00eau nh\u1ecf, trong \u0111\u00f3 k\u00edch th\u01b0\u1edbc h\u1ea1t \u0111\u01b0\u1ee3c t\u1ed1i \u01b0u h\u00f3a \u0111\u1ec3 th\u00e2m nh\u1eadp v\u00e0o l\u1edbp bi\u1ec3u b\u00ec c\u00f4n tr\u00f9ng d\u1ec5 d\u00e0ng h\u01a1n, \u0111\u1ed3ng th\u1eddi c\u1ea3i thi\u1ec7n hi\u1ec7u su\u1ea5t t\u1ed3n l\u01b0u tr\u00ean m\u1ed9t lo\u1ea1t c\u00e1c b\u1ec1 m\u1eb7t v\u00e0 trong c\u00e1c \u0111i\u1ec1u ki\u1ec7n th\u1eddi ti\u1ebft.<\/span><\/p><p><strong>Th\u00f4ng Tin Chi Ti\u1ebft S\u1ea3n Ph\u1ea9m<\/strong><\/p><p><b>Th\u00e0nh ph\u1ea7n ho\u1ea1t ch\u1ea5t: <\/b>4,5 % (w\/v) bifenthrin, 5,5 % (w\/v) imidacloprid<br \/><b>Nh\u00f3m ch\u1ebf ph\u1ea9m: <\/b>Bifenthrin (pyrethroid), imidacloprid (neonicotinoid)<br \/><b>C\u00f4ng th\u1ee9c ch\u1ebf ph\u1ea9m: <\/b>Vi huy\u1ec1n ph\u00f9 \u0111\u1eadm \u0111\u1eb7c g\u1ed1c n\u01b0\u1edbc, kh\u00f4ng m\u00f9i <br \/><b>Ki\u1ec3m so\u00e1t c\u00f4n tr\u00f9ng: <\/b>R\u1ec7p gi\u01b0\u1eddng, ki\u1ebfn, gi\u00e1n, mu\u1ed7i, b\u1ecd ch\u00e9t, ru\u1ed3i<br \/><b>Quy c\u00e1ch \u0111\u00f3ng g\u00f3i: <\/b>1 L<span class=\"Apple-converted-space\">\u00a0<\/span><\/p><p><strong>\u0110\u1ec3 bi\u1ebft th\u00eam th\u00f4ng tin:<br \/><a href=\"https:\/\/ensystex.com.vn\/wp-content\/uploads\/2024\/08\/BITHOR_Dual_Action_Insecticide_-_SDS_04-29.pdf\" target=\"_blank\" rel=\"noopener\">\u203a SDS<\/a><\/strong><br \/><strong><a href=\"https:\/\/ensystex.com.vn\/wp-content\/uploads\/2024\/06\/BROB2003-1.01-09.22-Bithor-Dual-Action-Brochure_pages_EVN-v8_eml.pdf\" target=\"_blank\" rel=\"noopener\">\u203a Brochure s\u1ea3n ph\u1ea9m<\/a><span class=\"Apple-converted-space\"><br \/><\/span><a href=\"https:\/\/ensystex.com.vn\/wp-content\/uploads\/2024\/08\/Ensystex_Bithor_Dual_Action_Insecticide-HD.mp4\" target=\"_blank\" rel=\"noopener\">\u203a Video Brochure (HD)<\/a>\u00a0<\/strong><br \/><strong><a href=\"https:\/\/ensystex.com.vn\/wp-content\/uploads\/2024\/08\/Ensystex_Bithor_Dual_Action_Insecticide-SD.mp4\" target=\"_blank\" rel=\"noopener\">\u203a<\/a><a href=\"https:\/\/cdn.shopify.com\/s\/files\/1\/0561\/5720\/8620\/files\/Ensystex_Bithor_Dual_Action_Insecticide-SD.mp4?v=1646877415\"> Video Brochure (SD)<\/a><span class=\"Apple-converted-space\"><br \/><a href=\"https:\/\/ensystex.com.vn\/wp-content\/uploads\/2024\/06\/L-VN-CHMBI1037-1.02-04.23-T-Col-PA-Bithor-Dual-Action-1-L-TnM_111.252-mm-x-111.252-mm_Eng-ver_EVN-v2_pt.pdf\" target=\"_blank\" rel=\"noopener\"><span style=\"font-family: var(--global-body-font-family);\">\u203a NH\u00c3N: 1 L<\/span><\/a>\u00a0<br \/><\/span><\/strong><\/p><\/div>\t\t\t\t\t\t\t\t<\/div>\n\t\t\t\t<\/div>\n\t\t\t\t<div class=\"elementor-element elementor-element-6e6cc3f elementor-widget elementor-widget-text-editor\" data-id=\"6e6cc3f\" data-element_type=\"widget\" data-widget_type=\"text-editor.default\">\n\t\t\t\t<div class=\"elementor-widget-container\">\n\t\t\t\t\t\t\t\t\t<p><i>BITHOR l\u00e0 nh\u00e3n hi\u1ec7u \u0111\u01b0\u1ee3c \u0111\u0103ng k\u00fd c\u1ee7a Ensystex Inc v\u00e0 \u0111\u01b0\u1ee3c s\u1eed d\u1ee5ng theo b\u1ea3n quy\u1ec1n.<span class=\"Apple-converted-space\">\u00a0<\/span><\/i><\/p>\t\t\t\t\t\t\t\t<\/div>\n\t\t\t\t<\/div>\n\t\t\t\t<div class=\"elementor-element elementor-element-6ce8251 elementor-widget-mobile__width-inherit elementor-widget elementor-widget-text-editor\" data-id=\"6ce8251\" data-element_type=\"widget\" data-widget_type=\"text-editor.default\">\n\t\t\t\t<div class=\"elementor-widget-container\">\n\t\t\t\t\t\t\t\t\t<p><a href=\"https:\/\/ensystex.com.vn\/vi\/insect-control\/\">\u2190 Tr\u1edf l\u1ea1i<\/a><\/p>\t\t\t\t\t\t\t\t<\/div>\n\t\t\t\t<\/div>\n\t\t\t\t<\/div>\n\t\t\t\t\t<\/div>\n\t\t\t\t<\/div>\n\t\t\t\t<\/div>","protected":false},"excerpt":{"rendered":"<p>BITHOR\u00ae DUAL ACTION Insecticide Two actives, two different modes of action combine into the unstoppable non-repellent. BITHOR DUAL ACTION offers a unique dual mode of action combining two powerful and effective residual insecticides, with two totally different modes of action, to create an unstoppable insecticide. This ground-breaking formulation uses Blended Active Concentrate (BAC) Technology, where&#8230;<\/p>","protected":false},"author":1,"featured_media":0,"parent":0,"menu_order":0,"comment_status":"closed","ping_status":"closed","template":"","meta":{"_monsterinsights_skip_tracking":false,"_monsterinsights_sitenote_active":false,"_monsterinsights_sitenote_note":"","_monsterinsights_sitenote_category":0,"_kad_post_transparent":"","_kad_post_title":"hide","_kad_post_layout":"fullwidth","_kad_post_sidebar_id":"","_kad_post_content_style":"unboxed","_kad_post_vertical_padding":"hide","_kad_post_feature":"hide","_kad_post_feature_position":"","_kad_post_header":false,"_kad_post_footer":false,"footnotes":""},"class_list":["post-139","page","type-page","status-publish","hentry"],"aioseo_notices":[],"_links":{"self":[{"href":"https:\/\/ensystex.com.vn\/vi\/wp-json\/wp\/v2\/pages\/139","targetHints":{"allow":["GET"]}}],"collection":[{"href":"https:\/\/ensystex.com.vn\/vi\/wp-json\/wp\/v2\/pages"}],"about":[{"href":"https:\/\/ensystex.com.vn\/vi\/wp-json\/wp\/v2\/types\/page"}],"author":[{"embeddable":true,"href":"https:\/\/ensystex.com.vn\/vi\/wp-json\/wp\/v2\/users\/1"}],"replies":[{"embeddable":true,"href":"https:\/\/ensystex.com.vn\/vi\/wp-json\/wp\/v2\/comments?post=139"}],"version-history":[{"count":110,"href":"https:\/\/ensystex.com.vn\/vi\/wp-json\/wp\/v2\/pages\/139\/revisions"}],"predecessor-version":[{"id":2298,"href":"https:\/\/ensystex.com.vn\/vi\/wp-json\/wp\/v2\/pages\/139\/revisions\/2298"}],"wp:attachment":[{"href":"https:\/\/ensystex.com.vn\/vi\/wp-json\/wp\/v2\/media?parent=139"}],"curies":[{"name":"wp","href":"https:\/\/api.w.org\/{rel}","templated":true}]}}