{"id":137,"date":"2024-06-05T12:41:35","date_gmt":"2024-06-05T12:41:35","guid":{"rendered":"https:\/\/ensystex.com.vn\/?page_id=137"},"modified":"2026-02-10T09:46:29","modified_gmt":"2026-02-10T09:46:29","slug":"labyrinth","status":"publish","type":"page","link":"https:\/\/ensystex.com.vn\/vi\/labyrinth\/","title":{"rendered":"B\u1ed9 b\u1ea3 m\u1ed1i LABYRINTH\u2122"},"content":{"rendered":"<div data-elementor-type=\"wp-page\" data-elementor-id=\"137\" class=\"elementor elementor-137\" data-elementor-post-type=\"page\">\n\t\t\t\t<div class=\"elementor-element elementor-element-dbbb487 e-flex e-con-boxed e-con e-parent\" data-id=\"dbbb487\" data-element_type=\"container\">\n\t\t\t\t\t<div class=\"e-con-inner\">\n\t\t<div class=\"elementor-element elementor-element-a25233e e-con-full e-flex e-con e-child\" data-id=\"a25233e\" data-element_type=\"container\">\n\t\t\t\t<div class=\"elementor-element elementor-element-0cc7436 elementor-widget-mobile__width-initial elementor-widget elementor-widget-image\" data-id=\"0cc7436\" data-element_type=\"widget\" data-widget_type=\"image.default\">\n\t\t\t\t<div class=\"elementor-widget-container\">\n\t\t\t\t\t\t\t\t\t\t\t\t\t\t\t<img fetchpriority=\"high\" decoding=\"async\" width=\"1920\" height=\"1014\" src=\"https:\/\/ensystex.com.vn\/wp-content\/uploads\/2026\/02\/EVN_Labyrinth-Requiem-BOX-and-Sachet-3_EVN-1.png\" class=\"attachment-full size-full wp-image-2590\" alt=\"\" srcset=\"https:\/\/ensystex.com.vn\/wp-content\/uploads\/2026\/02\/EVN_Labyrinth-Requiem-BOX-and-Sachet-3_EVN-1.png 1920w, https:\/\/ensystex.com.vn\/wp-content\/uploads\/2026\/02\/EVN_Labyrinth-Requiem-BOX-and-Sachet-3_EVN-1-300x158.png 300w, https:\/\/ensystex.com.vn\/wp-content\/uploads\/2026\/02\/EVN_Labyrinth-Requiem-BOX-and-Sachet-3_EVN-1-1024x541.png 1024w, https:\/\/ensystex.com.vn\/wp-content\/uploads\/2026\/02\/EVN_Labyrinth-Requiem-BOX-and-Sachet-3_EVN-1-768x406.png 768w, https:\/\/ensystex.com.vn\/wp-content\/uploads\/2026\/02\/EVN_Labyrinth-Requiem-BOX-and-Sachet-3_EVN-1-1536x811.png 1536w, https:\/\/ensystex.com.vn\/wp-content\/uploads\/2026\/02\/EVN_Labyrinth-Requiem-BOX-and-Sachet-3_EVN-1-18x10.png 18w\" sizes=\"(max-width: 1920px) 100vw, 1920px\" \/>\t\t\t\t\t\t\t\t\t\t\t\t\t\t\t<\/div>\n\t\t\t\t<\/div>\n\t\t\t\t<\/div>\n\t\t<div class=\"elementor-element elementor-element-deba688 e-con-full e-flex e-con e-child\" data-id=\"deba688\" data-element_type=\"container\">\n\t\t\t\t<div class=\"elementor-element elementor-element-b8b7715 elementor-widget__width-initial elementor-widget-tablet__width-initial elementor-widget elementor-widget-heading\" data-id=\"b8b7715\" data-element_type=\"widget\" data-widget_type=\"heading.default\">\n\t\t\t\t<div class=\"elementor-widget-container\">\n\t\t\t\t\t<h2 class=\"elementor-heading-title elementor-size-default\">LABYRINTH\u2122 \u2013 H\u1ec6 TH\u1ed0NG KI\u1ec2M SO\u00c1T M\u1ed0I TRONG NH\u00c0 V\u1edaI B\u1ea2 M\u1ed0I REQUIEM\u00ae<\/h2>\t\t\t\t<\/div>\n\t\t\t\t<\/div>\n\t\t\t\t<div class=\"elementor-element elementor-element-4b5ac81 elementor-widget__width-initial elementor-widget-mobile__width-initial elementor-widget elementor-widget-text-editor\" data-id=\"4b5ac81\" data-element_type=\"widget\" data-widget_type=\"text-editor.default\">\n\t\t\t\t<div class=\"elementor-widget-container\">\n\t\t\t\t\t\t\t\t\t<div class=\"rich-text__text rte\"><p><b style=\"font-family: var(--global-body-font-family);\">LABYRINTH l\u00e0 m\u1ed9t h\u1ec7 th\u1ed1ng an to\u00e0n, hi\u1ec7u qu\u1ea3 v\u00e0 th\u00e2n thi\u1ec7n v\u1edbi m\u00f4i tr\u01b0\u1eddng v\u1edbi kh\u1ea3 n\u0103ng ti\u00eau di\u1ec7t c\u00e1c t\u1ed5 m\u1ed1i m\u1ed9t c\u00e1ch tri\u1ec7t \u0111\u1ec3.\u00a0<\/b><\/p><p>\u0110\u01b0\u1ee3c thi\u1ebft k\u1ebf ri\u00eang cho c\u00e1c khu v\u1ef1c c\u0103n h\u1ed9 v\u00e0 nh\u00e0 ph\u1ed1, h\u1ec7 th\u1ed1ng LABYRINTH ch\u1ee9a B\u1ea3 m\u1ed1i REQUIEM l\u00e0 m\u00f3n m\u1ed3i ngon mi\u1ec7ng nh\u1ea5t tr\u00ean th\u1ebf gi\u1edbi \u0111\u1ed1i v\u1edbi m\u1ed1i. B\u1ea3 m\u1ed1i \u0111\u01b0\u1ee3c \u0111\u1eb7t trong c\u00e1c H\u1ed9p B\u1ea3 M\u1ed1i trong nh\u00e0 v\u00e0 to\u00e1t ra s\u1ee9c h\u1ea5p d\u1eabn v\u00e0 r\u1ea5t ngon kh\u00f4ng th\u1ec3 c\u01b0\u1ee1ng l\u1ea1i \u0111\u01b0\u1ee3c. C\u1ee9 nh\u01b0 v\u1eady, nh\u1eefng con m\u1ed1i s\u1ebd tha nh\u1eefng mi\u1ebfng b\u1ea3 m\u1ed1i n\u00e0y tr\u1edf v\u1ec1 t\u1ed5 c\u1ee7a ch\u00fang, sau \u0111\u00f3 c\u00e1c ho\u1ea1t ch\u1ea5t b\u00ean trong s\u1ebd l\u00e2y lan kh\u1eafp t\u1ed5 m\u1ed1i v\u00e0 ti\u00eau di\u1ec7t c\u1ea3 \u0111\u00e0n m\u1ed1i \u2013 \u0111em \u0111\u1ebfn hi\u1ec7u qu\u1ea3 ki\u1ec3m so\u00e1t m\u1ed1i t\u1ed1i \u01b0u.<span class=\"Apple-converted-space\">\u00a0<\/span><\/p><p>B\u1ea3 m\u1ed1i REQUIEM kh\u00f4ng ch\u1ee9a ho\u00e1 ch\u1ea5t g\u00e2y h\u1ea1i v\u00e0 r\u1ea5t th\u00e2n thi\u1ec7n v\u1edbi m\u00f4i tr\u01b0\u1eddng. Tr\u00ean th\u1ef1c t\u1ebf, lo\u1ea1i b\u1ea3 m\u1ed1i n\u00e0y ch\u1ec9 ch\u1ee9a 1g\/kg ho\u1ea1t ch\u1ea5t (m\u00e0 b\u1ea3n th\u00e2n ho\u1ea1t ch\u1ea5t n\u00e0y c\u00f2n \u00edt \u0111\u1ed9c h\u01a1n mu\u1ed1i tinh!). Thay v\u00ec phun h\u00f3a ch\u1ea5t \u0111\u1ed9c h\u1ea1i trong v\u01b0\u1eddn ho\u1eb7c \u0111\u00e0o r\u00e3nh h\u00f3a ch\u1ea5t xung quanh nh\u00e0 b\u1ea1n, LABYRINTH s\u1eed d\u1ee5ng b\u1ea3 m\u1ed1i REQUIEM \u0111\u1eb7t trong c\u00e1c H\u1ed9p nh\u1ef1a \u0111\u00f3ng k\u00edn, \u0111\u1ea3m b\u1ea3o \u0111\u01b0\u1ee3c \u0111\u1eb7t an to\u00e0n v\u00e0 c\u00e1ch xa gia \u0111\u00ecnh, v\u1eadt nu\u00f4i trong nh\u00e0, v\u00e0 c\u00e1c \u0111\u1ed9ng v\u1eadt kh\u00e1c.<span class=\"Apple-converted-space\">\u00a0<\/span><\/p><p><b>C\u00e1c t\u00ednh n\u0103ng ch\u00ednh<span class=\"Apple-converted-space\">\u00a0<\/span><\/b><\/p><ul><li><b>Th\u00e2n thi\u1ec7n v\u1edbi m\u00f4i tr\u01b0\u1eddng; <\/b>M\u1ed9t ph\u01b0\u01a1ng ph\u00e1p th\u00e2n thi\u1ec7n v\u1edbi m\u00f4i tr\u01b0\u1eddng, \u0111\u1ed9c t\u00ednh th\u1ea5p \u0111\u1ec3 lo\u1ea1i b\u1ecf m\u1ed1i v\u00e0 to\u00e0n b\u1ed9 \u0111\u00e0n m\u1ed1i.<span class=\"Apple-converted-space\">\u00a0<\/span><\/li><li><b>REQUIEM\u00ae; <\/b>l\u00e0 m\u1ed3i h\u1ea5p d\u1eabn nh\u1ea5t \u0111\u1ed1i v\u1edbi m\u1ed1i. \u0110\u01b0\u1ee3c \u0111\u1eb7t trong c\u00e1c H\u1ed9p nh\u1ef1a Di\u1ec7t M\u1ed1i trong nh\u00e0, c\u00e1c lo\u1ea1i b\u1ea3 n\u00e0y l\u00e0 th\u1ee9c \u0103n kh\u00f4ng th\u1ec3 c\u01b0\u1ee1ng l\u1ea1i \u0111\u01b0\u1ee3c \u0111\u1ed1i ch\u00fang.<span class=\"Apple-converted-space\">\u00a0<\/span><\/li><li><b>LABYRINTH\u2122<\/b><b>; <\/b>an to\u00e0n cho b\u1ea1n, gia \u0111\u00ecnh, th\u00fa nu\u00f4i v\u00e0 thi\u00ean nhi\u00ean. LABYRINTH t\u1eadp trung v\u00e0o vi\u1ec7c lo\u1ea1i b\u1ecf to\u00e0n b\u1ed9 \u0111\u00e0n m\u1ed1i, \u0111\u1ea3m b\u1ea3o k\u1ebft qu\u1ea3 hi\u1ec7u qu\u1ea3 nh\u1ea5t.<span class=\"Apple-converted-space\">\u00a0<\/span><\/li><\/ul><p><b>Th\u00f4ng Tin Chi Ti\u1ebft S\u1ea3n Ph\u1ea9m<span class=\"Apple-converted-space\">\u00a0<\/span><\/b><\/p><p><b>Th\u00e0nh ph\u1ea7n ho\u1ea1t ch\u1ea5t: <\/b>1.0 g\/kg chlorfluazuron<span class=\"Apple-converted-space\">\u00a0<br \/><\/span><b>Nh\u00f3m ch\u1ebf ph\u1ea9m: <\/b>Ch\u1ea5t \u0111i\u1ec1u ho\u00e0 sinh tr\u01b0\u1edfng c\u1ee7a c\u00f4n tr\u00f9ng<span class=\"Apple-converted-space\">\u00a0<br \/><\/span><b>C\u00f4ng th\u1ee9c ch\u1ebf ph\u1ea9m: <\/b>M\u1ed3i g\u1ed1c cellulose<span class=\"Apple-converted-space\">\u00a0<br \/><\/span><b>Ki\u1ec3m so\u00e1t c\u00f4n tr\u00f9ng: <\/b>M\u1ed1i \u0111\u1ea5t<span class=\"Apple-converted-space\">\u00a0<\/span><\/p><p><strong>Th\u00f4ng tin th\u00eam:<\/strong><br \/><strong><a href=\"https:\/\/ensystex.com.vn\/wp-content\/uploads\/2024\/06\/BROLY1003-1.01-07.17-Labyrinth_brochure-Apartment_EVN-v2_eml.pdf\" target=\"_blank\" rel=\"noopener\"><span style=\"font-family: var(--global-body-font-family);\">\u203a Brochure s\u1ea3n ph\u1ea9m<\/span><\/a>\u00a0<\/strong><\/p><\/div>\t\t\t\t\t\t\t\t<\/div>\n\t\t\t\t<\/div>\n\t\t\t\t<div class=\"elementor-element elementor-element-864f102 elementor-widget elementor-widget-text-editor\" data-id=\"864f102\" data-element_type=\"widget\" data-widget_type=\"text-editor.default\">\n\t\t\t\t<div class=\"elementor-widget-container\">\n\t\t\t\t\t\t\t\t\t<p><a href=\"https:\/\/ensystex.com.vn\/vi\/termites-existing-buildings\/\">\u2190 Tr\u1edf l\u1ea1i<\/a><\/p>\t\t\t\t\t\t\t\t<\/div>\n\t\t\t\t<\/div>\n\t\t\t\t<\/div>\n\t\t\t\t\t<\/div>\n\t\t\t\t<\/div>\n\t\t\t\t<\/div>","protected":false},"excerpt":{"rendered":"<p>LABYRINTH\u2122 &#8211; Indoor Termite Feeding Stations With Requiem\u00ae Termite Bait LABYRINTH is a safe, effective and environmentally responsible system for reliably eliminating termite colonies.\u00a0 Targeted for Apartments and Townhouses, the LABYRINTH system contains REQUIEM Termite Bait that is the most palatable termite bait in the world . Housed within the Indoor Termite Feeding Stations, the&#8230;<\/p>","protected":false},"author":1,"featured_media":0,"parent":0,"menu_order":0,"comment_status":"closed","ping_status":"closed","template":"","meta":{"_monsterinsights_skip_tracking":false,"_monsterinsights_sitenote_active":false,"_monsterinsights_sitenote_note":"","_monsterinsights_sitenote_category":0,"_kad_post_transparent":"","_kad_post_title":"hide","_kad_post_layout":"fullwidth","_kad_post_sidebar_id":"","_kad_post_content_style":"unboxed","_kad_post_vertical_padding":"hide","_kad_post_feature":"hide","_kad_post_feature_position":"","_kad_post_header":false,"_kad_post_footer":false,"footnotes":""},"class_list":["post-137","page","type-page","status-publish","hentry"],"aioseo_notices":[],"_links":{"self":[{"href":"https:\/\/ensystex.com.vn\/vi\/wp-json\/wp\/v2\/pages\/137","targetHints":{"allow":["GET"]}}],"collection":[{"href":"https:\/\/ensystex.com.vn\/vi\/wp-json\/wp\/v2\/pages"}],"about":[{"href":"https:\/\/ensystex.com.vn\/vi\/wp-json\/wp\/v2\/types\/page"}],"author":[{"embeddable":true,"href":"https:\/\/ensystex.com.vn\/vi\/wp-json\/wp\/v2\/users\/1"}],"replies":[{"embeddable":true,"href":"https:\/\/ensystex.com.vn\/vi\/wp-json\/wp\/v2\/comments?post=137"}],"version-history":[{"count":80,"href":"https:\/\/ensystex.com.vn\/vi\/wp-json\/wp\/v2\/pages\/137\/revisions"}],"predecessor-version":[{"id":2597,"href":"https:\/\/ensystex.com.vn\/vi\/wp-json\/wp\/v2\/pages\/137\/revisions\/2597"}],"wp:attachment":[{"href":"https:\/\/ensystex.com.vn\/vi\/wp-json\/wp\/v2\/media?parent=137"}],"curies":[{"name":"wp","href":"https:\/\/api.w.org\/{rel}","templated":true}]}}