{"id":135,"date":"2024-06-05T12:41:19","date_gmt":"2024-06-05T12:41:19","guid":{"rendered":"https:\/\/ensystex.com.vn\/?page_id=135"},"modified":"2026-03-31T09:08:40","modified_gmt":"2026-03-31T09:08:40","slug":"maxxthor","status":"publish","type":"page","link":"https:\/\/ensystex.com.vn\/vi\/maxxthor\/","title":{"rendered":"Maxxthor"},"content":{"rendered":"<div data-elementor-type=\"wp-page\" data-elementor-id=\"135\" class=\"elementor elementor-135\" data-elementor-post-type=\"page\">\n\t\t\t\t<div class=\"elementor-element elementor-element-8af2b14 e-flex e-con-boxed e-con e-parent\" data-id=\"8af2b14\" data-element_type=\"container\">\n\t\t\t\t\t<div class=\"e-con-inner\">\n\t\t<div class=\"elementor-element elementor-element-f0b5518 e-con-full e-flex e-con e-child\" data-id=\"f0b5518\" data-element_type=\"container\">\n\t\t\t\t<div class=\"elementor-element elementor-element-ce5fafd elementor-widget__width-initial elementor-widget-mobile__width-initial elementor-widget elementor-widget-image\" data-id=\"ce5fafd\" data-element_type=\"widget\" data-widget_type=\"image.default\">\n\t\t\t\t<div class=\"elementor-widget-container\">\n\t\t\t\t\t\t\t\t\t\t\t\t\t\t\t<img fetchpriority=\"high\" decoding=\"async\" width=\"1000\" height=\"2200\" src=\"https:\/\/ensystex.com.vn\/wp-content\/uploads\/2024\/06\/EVN_mockup-Maxxthor-100-1-L_Round-label.png\" class=\"attachment-full size-full wp-image-723\" alt=\"\" srcset=\"https:\/\/ensystex.com.vn\/wp-content\/uploads\/2024\/06\/EVN_mockup-Maxxthor-100-1-L_Round-label.png 1000w, https:\/\/ensystex.com.vn\/wp-content\/uploads\/2024\/06\/EVN_mockup-Maxxthor-100-1-L_Round-label-136x300.png 136w, https:\/\/ensystex.com.vn\/wp-content\/uploads\/2024\/06\/EVN_mockup-Maxxthor-100-1-L_Round-label-465x1024.png 465w, https:\/\/ensystex.com.vn\/wp-content\/uploads\/2024\/06\/EVN_mockup-Maxxthor-100-1-L_Round-label-768x1690.png 768w, https:\/\/ensystex.com.vn\/wp-content\/uploads\/2024\/06\/EVN_mockup-Maxxthor-100-1-L_Round-label-698x1536.png 698w, https:\/\/ensystex.com.vn\/wp-content\/uploads\/2024\/06\/EVN_mockup-Maxxthor-100-1-L_Round-label-931x2048.png 931w, https:\/\/ensystex.com.vn\/wp-content\/uploads\/2024\/06\/EVN_mockup-Maxxthor-100-1-L_Round-label-5x12.png 5w, https:\/\/ensystex.com.vn\/wp-content\/uploads\/2024\/06\/EVN_mockup-Maxxthor-100-1-L_Round-label-600x1320.png 600w\" sizes=\"(max-width: 1000px) 100vw, 1000px\" \/>\t\t\t\t\t\t\t\t\t\t\t\t\t\t\t<\/div>\n\t\t\t\t<\/div>\n\t\t\t\t<\/div>\n\t\t<div class=\"elementor-element elementor-element-011e48a e-con-full e-flex e-con e-child\" data-id=\"011e48a\" data-element_type=\"container\">\n\t\t\t\t<div class=\"elementor-element elementor-element-e9bf9af elementor-widget__width-initial elementor-widget-tablet__width-initial elementor-widget elementor-widget-heading\" data-id=\"e9bf9af\" data-element_type=\"widget\" data-widget_type=\"heading.default\">\n\t\t\t\t<div class=\"elementor-widget-container\">\n\t\t\t\t\t<h2 class=\"elementor-heading-title elementor-size-default\">MAXXTHOR\u00ae 100 Water-based Termiticide &amp; Insecticide<\/h2>\t\t\t\t<\/div>\n\t\t\t\t<\/div>\n\t\t\t\t<div class=\"elementor-element elementor-element-269037c elementor-widget__width-initial elementor-widget-mobile__width-initial elementor-widget elementor-widget-text-editor\" data-id=\"269037c\" data-element_type=\"widget\" data-widget_type=\"text-editor.default\">\n\t\t\t\t<div class=\"elementor-widget-container\">\n\t\t\t\t\t\t\t\t\t<div class=\"rich-text__text rte\"><p><b>Ch\u1ebf ph\u1ea9m di\u1ec7t m\u1ed1i v\u00e0 c\u00f4n tr\u00f9ng g\u00e2y h\u1ea1i hi\u1ec7u su\u1ea5t cao cho c\u1ea3 trong nh\u00e0 v\u00e0 ngo\u00e0i tr\u1eddi. Kh\u1ea3 n\u0103ng th\u1ea9m th\u1ea5u v\u00e0o \u0111\u1ea5t v\u01b0\u1ee3t tr\u1ed9i, hi\u1ec7u su\u1ea5t m\u1ea1nh m\u1ebd, kh\u00f4ng m\u00f9i, g\u1ed1c n\u01b0\u1edbc v\u00e0 t\u1ed3n l\u01b0u l\u00e2u d\u00e0i.<\/b><\/p><p>MAXXTHOR l\u00e0 m\u1ed9t lo\u1ea1i ch\u1ebf ph\u1ea9m di\u1ec7t m\u1ed1i v\u00e0 c\u00f4n tr\u00f9ng g\u00e2y h\u1ea1i chuy\u00ean d\u1ee5ng, c\u00f3 t\u00e1c d\u1ee5ng m\u1ea1nh, v\u00e0 \u0111a d\u1ee5ng \u0111\u01b0\u1ee3c ch\u1ebf t\u1ea1o v\u1edbi c\u00f4ng th\u1ee9c d\u1ea1ng huy\u1ec1n ph\u00f9 \u0111\u1eadm \u0111\u1eb7c g\u1ed1c n\u01b0\u1edbc. N\u1ebfu b\u1ea1n ch\u1ec9 c\u00f3 th\u1ec3 ch\u1ecdn m\u1ed9t s\u1ea3n ph\u1ea9m, MAXXTHOR ch\u00ednh l\u00e0 \u0111i\u1ec1u b\u1ea1n t\u00ecm ki\u1ebfm. \u0110\u00e2y l\u00e0 s\u1ef1 l\u1ef1a ch\u1ecdn ho\u00e0n h\u1ea3o \u0111\u1ec3 ki\u1ec3m so\u00e1t c\u00f4n tr\u00f9ng n\u00f3i chung v\u00e0 qu\u1ea3n l\u00fd m\u1ed1i n\u00f3i ri\u00eang \u2013 cho c\u1ea3 TRONG NH\u00c0 v\u00e0 NGO\u00c0I TR\u1edcI. Kh\u00f4ng c\u00f3 m\u00f9i, hi\u1ec7u su\u1ea5t cao v\u00e0 t\u00e1c \u0111\u1ed9ng t\u1ed3n l\u01b0u l\u00e2u d\u00e0i; \u0110\u1ea2M B\u1ea2O ho\u00e0n thi\u1ec7n t\u1ea5t c\u1ea3 c\u00e1c t\u00ednh n\u0103ng an to\u00e0n m\u00e0 b\u1ea1n y\u00eau c\u1ea7u.<\/p><p>MAXXTHOR l\u00e0 m\u1ed9t dung d\u1ecbch c\u00f4 \u0111\u1eb7c g\u1ed1c n\u01b0\u1edbc, c\u00f3 n\u1ed3ng \u0111\u1ed9 cao (100g \/ L bifenthrin) \u0111\u01b0\u1ee3c \u0111\u1ec7 tr\u00ecnh l\u00ean VPMA. M\u1ed9t minh ch\u1ee9ng thi\u1ebft th\u1ef1c v\u1ec1 s\u1ef1 ti\u00ean ti\u1ebfn v\u00e0 d\u1eabn \u0111\u1ea7u c\u1ee7a Ensystex.<\/p><p>MAXXTHOR l\u00e0 m\u1ed9t lo\u1ea1i ch\u1ebf ph\u1ea9m di\u1ec7t c\u00f4n tr\u00f9ng hi\u1ec7u su\u1ea5t cao, l\u00e2u d\u00e0i. N\u00f3 cung c\u1ea5p kh\u1ea3 n\u0103ng ki\u1ec3m so\u00e1t mu\u1ed7i, ki\u1ebfn, gi\u00e1n, ru\u1ed3i v\u00e0 m\u1ed9t lo\u1ea1t c\u00e1c lo\u1ea1i c\u00f4n tr\u00f9ng kh\u00e1c khi \u0111\u01b0\u1ee3c s\u1eed d\u1ee5ng h\u1ee3p l\u00fd b\u1edfi m\u1ed9t chuy\u00ean gia ki\u1ec3m so\u00e1t d\u1ecbch h\u1ea1i.<\/p><p>MAXXTHOR l\u00e0 m\u1ed9t lo\u1ea1i ch\u1ebf ph\u1ea9m di\u1ec7t c\u00f4n tr\u00f9ng d\u1ea1ng Pyrethroid. \u0110i\u1ec1u n\u00e0y c\u00f3 ngh\u0129a l\u00e0 n\u00f3 \u0111\u01b0\u1ee3c m\u00f4 ph\u1ecfng theo pyrethrum, m\u1ed9t chi\u1ebft xu\u1ea5t t\u1ef1 nhi\u00ean t\u1eeb hoa c\u00fac.<\/p><p>MAXXTHOR \u0111\u01b0\u1ee3c ph\u00e1t tri\u1ec3n v\u1edbi c\u00f4ng th\u1ee9c \u0111\u1eb7c bi\u1ec7t, chuy\u00ean d\u00f9ng \u0111\u1ec3 ki\u1ec3m so\u00e1t c\u00e1c lo\u00e0i c\u00f4n tr\u00f9ng g\u00e2y h\u1ea1i.<\/p><p><b>C\u00e1c t\u00ednh n\u0103ng ch\u00ednh<\/b><\/p><ul><li class=\"translation-block\">C\u00f4ng th\u1ee9c \u0111\u1ed9c \u0111\u00e1o, g\u1ed1c n\u01b0\u1edbc c\u00f3 ch\u1ee9a 100 g\/L bifenthrin c\u00f3 hi\u1ec7u su\u1ea5t cao \u1edf m\u1ee9c gi\u00e1 h\u1ee3p l\u00fd; \u0111i\u1ec1u n\u00e0y mang \u0111\u1ebfn cho b\u1ea1n ch\u1ea5t l\u01b0\u1ee3ng s\u1ea3n ph\u1ea9m cao c\u1ea5p v\u1edbi m\u1ee9c gi\u00e1 ph\u1ea3i ch\u0103ng.<\/li><li><b>V\u00f9ng B\u1ea3o V\u1ec7 Tr\u00e1nh Mu\u1ed7i MAXXTHOR; <\/b>M\u1ed9t ch\u01b0\u01a1ng tr\u00ecnh \u0111\u1eb7c bi\u1ec7t cho ph\u00e9p kh\u00e1ch h\u00e0ng c\u1ee7a b\u1ea1n kh\u00f4ng ph\u1ea3i lo l\u1eafng v\u1ec1 mu\u1ed7i v\u00e0 c\u00e1c lo\u1ea1i c\u00f4n tr\u00f9ng kh\u00e1c trong 8 tu\u1ea7n.<\/li><li><b>Kh\u00f4ng m\u00f9i; <\/b>S\u1ea3n ph\u1ea9m g\u1ed1c n\u01b0\u1edbc v\u1edbi m\u00f9i d\u1ec5 ch\u1ecbu.<\/li><li><b>G\u1ed1c n\u01b0\u1edbc; <\/b>Kh\u00f4ng b\u1ea9n, kh\u00f4ng \u0103n m\u00f2n thi\u1ebft b\u1ecb.<\/li><li><b>\u00cdt b\u1ecb ph\u00e2n h\u1ee7y khi ti\u1ebfp x\u00fac do \u00e1nh n\u1eafng, m\u01b0a v\u00e0 nhi\u1ec7t \u0111\u1ed9 <\/b>V\u00ec v\u1eady b\u1ea1n s\u1ebd \u00edt ph\u1ea3i tr\u1ea3 l\u1eddi l\u1ea1i kh\u00e1ch h\u00e0ng h\u01a1n.<\/li><li><b>Kh\u00f4ng g\u00e2y k\u00edch \u1ee9ng: <\/b>\u0111i\u1ec1u n\u00e0y c\u00f3 ngh\u0129a l\u00e0 b\u1ea1n s\u1ebd kh\u00f4ng b\u1ecb k\u00edch \u1ee9ng hay r\u00e1t da khi ti\u1ebfp x\u00fac v\u1edbi h\u1ea7u h\u1ebft c\u00e1c pyrethroid.<\/li><li><b>An to\u00e0n cho th\u1ef1c v\u1eadt v\u00e0 nhanh ch\u00f3ng \u0111\u01b0\u1ee3c chuy\u1ec3n h\u00f3a b\u1edfi th\u1ef1c v\u1eadt v\u00e0 \u0111\u1ed9ng v\u1eadt; <\/b>tr\u00ean th\u1ef1c t\u1ebf MAXXTHOR \u0111\u01b0\u1ee3c s\u1ea3n xu\u1ea5t \u0111\u1ec3 s\u1eed d\u1ee5ng tr\u1ef1c ti\u1ebfp l\u00ean l\u00e1 c\u00e2y. V\u00e0 l\u00e0 th\u00e0nh ph\u1ea7n ho\u1ea1t ch\u1ea5t \u0111\u01b0\u1ee3c s\u1eed d\u1ee5ng r\u1ed9ng r\u00e3i tr\u00ean m\u1ed9t lo\u1ea1t c\u00e1c lo\u1ea1i c\u00e2y l\u01b0\u01a1ng th\u1ef1c.<\/li><li><b>\u0110\u01b0\u1ee3c ph\u00ea duy\u1ec7t \u0111\u1ec3 s\u1eed d\u1ee5ng trong nh\u00e0 v\u00e0 ngo\u00e0i tr\u1eddi, \u1edf nh\u1eefng khu v\u1ef1c nh\u1ea1y c\u1ea3m nh\u1ea5t; <\/b>v\u00ec v\u1eady b\u1ea1n c\u00f3 th\u1ec3 mang n\u00f3 \u0111\u1ebfn b\u1ea5t c\u1ee9 \u0111\u00e2u.<\/li><li><b>Kh\u00f4ng c\u00f3 dung m\u00f4i hydrocarbon; <\/b>v\u00ec v\u1eady b\u1ea1n kh\u00f4ng ph\u1ea3i lo l\u1eafng v\u1ec1 vi\u1ec7c nhu\u1ed9m m\u00e0u, m\u00f9i h\u00f4i ho\u1eb7c \u0103n m\u00f2n thi\u1ebft b\u1ecb.<\/li><li><b>C\u00f3 ch\u1ee9a Microbial Protection Blend\u2122 \u0111\u1ed9c nh\u1ea5t c\u1ee7a Ensystex; <\/b>\u0111\u1ec3 \u0111\u1ea3m b\u1ea3o s\u1ea3n ph\u1ea9m lu\u00f4n \u1ed5n \u0111\u1ecbnh d\u00f9 \u1edf ngo\u00e0i tr\u1eddi hay trong nh\u00e0.<\/li><\/ul><p><b>Chi ti\u1ebft s\u1ea3n ph\u1ea9m:<span class=\"Apple-converted-space\"><br \/><\/span><\/b><b><br \/>Th\u00e0nh ph\u1ea7n ho\u1ea1t ch\u1ea5t: <\/b>100 g\/L bifenthrin<span class=\"Apple-converted-space\"><br \/><\/span><b>Nh\u00f3m ch\u1ebf ph\u1ea9m: <\/b>Pyrethroid<span class=\"Apple-converted-space\"><br \/><\/span><b>C\u00f4ng th\u1ee9c ch\u1ebf ph\u1ea9m: <\/b>Vi huy\u1ec1n ph\u00f9 \u0111\u1eadm \u0111\u1eb7c<span class=\"Apple-converted-space\"><br \/><\/span><b>Ki\u1ec3m so\u00e1t c\u00f4n tr\u00f9ng: <\/b>Ki\u1ec3m so\u00e1t nhi\u1ec1u lo\u1ea1i c\u00f4n tr\u00f9ng ghi trong nh\u00e3n s\u1ea3n ph\u1ea9m<span class=\"Apple-converted-space\"><br \/><\/span><b>Quy c\u00e1ch \u0111\u00f3ng g\u00f3i: <\/b>1 L<\/p><h6><b>\u0110\u1ec3 bi\u1ebft th\u00eam th\u00f4ng tin:<\/b><\/h6><\/div><p><strong><a title=\"SDS\" href=\"https:\/\/ensystex.com.vn\/wp-content\/uploads\/2026\/01\/MAXXTHOR-100-Water-based-Termiticide-and-Insecticide-SDS-EVN-01-31-Eng-version.pdf\" target=\"_blank\" rel=\"noopener\">\u203a SDS &#8211; <\/a><\/strong><span style=\"text-decoration: underline;\"><a title=\"SDS\" href=\"https:\/\/ensystex.com.vn\/wp-content\/uploads\/2026\/01\/MAXXTHOR-100-Water-based-Termiticide-and-Insecticide-SDS-EVN-01-31-Eng-version.pdf\" target=\"_blank\" rel=\"noopener\">B\u1ea3n ti\u1ebfng Anh<\/a><\/span><strong><br \/><a title=\"SDS\" href=\"https:\/\/ensystex.com.vn\/wp-content\/uploads\/2026\/01\/MAXXTHOR-100-Water-based-Termiticide-and-Insecticide-SDS-EVN-01-31.pdf\" target=\"_blank\" rel=\"noopener\">\u203a SDS &#8211; <\/a><\/strong><span style=\"text-decoration: underline;\"><a title=\"SDS\" href=\"https:\/\/ensystex.com.vn\/wp-content\/uploads\/2026\/01\/MAXXTHOR-100-Water-based-Termiticide-and-Insecticide-SDS-EVN-01-31.pdf\" target=\"_blank\" rel=\"noopener\">B\u1ea3n ti\u1ebfng Vi\u1ec7t<\/a><\/span><strong><br \/><\/strong><a href=\"https:\/\/ensystex.com.vn\/wp-content\/uploads\/2026\/01\/L-VN-CHEMX1015-4.03-05.25-R-VF-Maxxthor-100-1-L_-Round-label_VFCs-toxic-text-size_EVN-v41_pt_compressed.pdf\" target=\"_blank\" rel=\"noopener\"><b><span class=\"Apple-converted-space\"><strong>\u203a <\/strong><\/span>LABEL: <\/b><span style=\"text-decoration: underline;\">1 L &#8211; Round<\/span><\/a><span class=\"Apple-converted-space\"><br \/><a href=\"https:\/\/ensystex.com.vn\/wp-content\/uploads\/2026\/01\/L-VN-CHEMX1042-2.01-05.25-T-PA-Maxxthor-1-L-TnM_12-x-10.5-cm_EVN-v3_pt_compressed.pdf\" target=\"_blank\" rel=\"noopener\"><b><strong>\u203a <\/strong>LABEL: <\/b><\/a><a href=\"https:\/\/ensystex.com.vn\/wp-content\/uploads\/2026\/01\/L-VN-CHEMX1042-2.01-05.25-T-PA-Maxxthor-1-L-TnM_12-x-10.5-cm_EVN-v3_pt_compressed.pdf\" target=\"_blank\" rel=\"noopener\"><b><\/b><span style=\"text-decoration: underline;\">1 L &#8211; TnM<\/span><\/a><br \/><span style=\"text-decoration: underline;\"><strong style=\"font-family: var(--global-body-font-family);\"><a href=\"https:\/\/ensystex.com.vn\/wp-content\/uploads\/2026\/03\/BROM1014-1.03-03.26-Maxxthor-Brochure_Vietnamese-ver_EVN-v6_eml_compressed.pdf\" target=\"_blank\" rel=\"noopener\">\u203a Brochure s\u1ea3n ph\u1ea9m<\/a><\/strong><\/span><br \/><\/span><\/p>\t\t\t\t\t\t\t\t<\/div>\n\t\t\t\t<\/div>\n\t\t\t\t<div class=\"elementor-element elementor-element-91cfbe9 elementor-widget elementor-widget-text-editor\" data-id=\"91cfbe9\" data-element_type=\"widget\" data-widget_type=\"text-editor.default\">\n\t\t\t\t<div class=\"elementor-widget-container\">\n\t\t\t\t\t\t\t\t\t<p>MAXXTHOR l\u00e0 nh\u00e3n hi\u1ec7u \u0111\u01b0\u1ee3c \u0111\u0103ng k\u00fd c\u1ee7a Ensystex Inc v\u00e0 \u0111\u01b0\u1ee3c s\u1eed d\u1ee5ng theo b\u1ea3n quy\u1ec1n.<span class=\"Apple-converted-space\">\u00a0<\/span><\/p>\t\t\t\t\t\t\t\t<\/div>\n\t\t\t\t<\/div>\n\t\t\t\t<div class=\"elementor-element elementor-element-5cf0b43 elementor-widget elementor-widget-text-editor\" data-id=\"5cf0b43\" data-element_type=\"widget\" data-widget_type=\"text-editor.default\">\n\t\t\t\t<div class=\"elementor-widget-container\">\n\t\t\t\t\t\t\t\t\t<p><a href=\"https:\/\/ensystex.com.vn\/vi\/termites-existing-buildings\/\">\u2190 Tr\u1edf l\u1ea1i<\/a><\/p>\t\t\t\t\t\t\t\t<\/div>\n\t\t\t\t<\/div>\n\t\t\t\t<\/div>\n\t\t\t\t\t<\/div>\n\t\t\t\t<\/div>\n\t\t\t\t<\/div>","protected":false},"excerpt":{"rendered":"<p>MAXXTHOR\u00ae 100 Water-based Termiticide &amp; Insecticide High performance termiticide and insecticide for indoors &amp; outdoors. Superior soil penetration, powerful performance, odourless, professional strength, water-based and long-term residual. MAXXTHOR is a professional strength, multi-purpose termiticide and insecticide formulated as a water-based suspension concentrate. If you could only have one product it would have to be MAXXTHOR&#8230;.<\/p>","protected":false},"author":1,"featured_media":0,"parent":0,"menu_order":0,"comment_status":"closed","ping_status":"closed","template":"","meta":{"_monsterinsights_skip_tracking":false,"_monsterinsights_sitenote_active":false,"_monsterinsights_sitenote_note":"","_monsterinsights_sitenote_category":0,"_kad_post_transparent":"","_kad_post_title":"hide","_kad_post_layout":"fullwidth","_kad_post_sidebar_id":"","_kad_post_content_style":"unboxed","_kad_post_vertical_padding":"hide","_kad_post_feature":"hide","_kad_post_feature_position":"","_kad_post_header":false,"_kad_post_footer":false,"footnotes":""},"class_list":["post-135","page","type-page","status-publish","hentry"],"aioseo_notices":[],"_links":{"self":[{"href":"https:\/\/ensystex.com.vn\/vi\/wp-json\/wp\/v2\/pages\/135","targetHints":{"allow":["GET"]}}],"collection":[{"href":"https:\/\/ensystex.com.vn\/vi\/wp-json\/wp\/v2\/pages"}],"about":[{"href":"https:\/\/ensystex.com.vn\/vi\/wp-json\/wp\/v2\/types\/page"}],"author":[{"embeddable":true,"href":"https:\/\/ensystex.com.vn\/vi\/wp-json\/wp\/v2\/users\/1"}],"replies":[{"embeddable":true,"href":"https:\/\/ensystex.com.vn\/vi\/wp-json\/wp\/v2\/comments?post=135"}],"version-history":[{"count":130,"href":"https:\/\/ensystex.com.vn\/vi\/wp-json\/wp\/v2\/pages\/135\/revisions"}],"predecessor-version":[{"id":2617,"href":"https:\/\/ensystex.com.vn\/vi\/wp-json\/wp\/v2\/pages\/135\/revisions\/2617"}],"wp:attachment":[{"href":"https:\/\/ensystex.com.vn\/vi\/wp-json\/wp\/v2\/media?parent=135"}],"curies":[{"name":"wp","href":"https:\/\/api.w.org\/{rel}","templated":true}]}}