{"id":129,"date":"2024-06-05T12:40:01","date_gmt":"2024-06-05T12:40:01","guid":{"rendered":"https:\/\/ensystex.com.vn\/?page_id=129"},"modified":"2026-02-09T08:00:14","modified_gmt":"2026-02-09T08:00:14","slug":"vectothor","status":"publish","type":"page","link":"https:\/\/ensystex.com.vn\/vi\/vectothor\/","title":{"rendered":"Vectothor"},"content":{"rendered":"<div data-elementor-type=\"wp-page\" data-elementor-id=\"129\" class=\"elementor elementor-129\" data-elementor-post-type=\"page\">\n\t\t\t\t<div class=\"elementor-element elementor-element-2bfea09 e-flex e-con-boxed e-con e-parent\" data-id=\"2bfea09\" data-element_type=\"container\">\n\t\t\t\t\t<div class=\"e-con-inner\">\n\t\t\t\t<div class=\"elementor-element elementor-element-6b61db6 elementor-widget elementor-widget-heading\" data-id=\"6b61db6\" data-element_type=\"widget\" data-widget_type=\"heading.default\">\n\t\t\t\t<div class=\"elementor-widget-container\">\n\t\t\t\t\t<h2 class=\"elementor-heading-title elementor-size-default\">B\u1eaby \u0110\u00e8n C\u00f4n Tr\u00f9ng VECTOTHOR\n<\/h2>\t\t\t\t<\/div>\n\t\t\t\t<\/div>\n\t\t\t\t\t<\/div>\n\t\t\t\t<\/div>\n\t\t<div class=\"elementor-element elementor-element-93bac06 e-flex e-con-boxed e-con e-parent\" data-id=\"93bac06\" data-element_type=\"container\">\n\t\t\t\t\t<div class=\"e-con-inner\">\n\t\t<div class=\"elementor-element elementor-element-bea59b5 e-con-full e-flex e-con e-child\" data-id=\"bea59b5\" data-element_type=\"container\">\n\t\t\t\t<div class=\"elementor-element elementor-element-84ee2c5 elementor-widget elementor-widget-image\" data-id=\"84ee2c5\" data-element_type=\"widget\" data-widget_type=\"image.default\">\n\t\t\t\t<div class=\"elementor-widget-container\">\n\t\t\t\t\t\t\t\t\t\t\t\t\t\t\t\t<a href=\"https:\/\/ensystex.com.vn\/vi\/vectothor-flying-insect-killer-light-traps\/\">\n\t\t\t\t\t\t\t<img fetchpriority=\"high\" decoding=\"async\" width=\"1514\" height=\"1920\" src=\"https:\/\/ensystex.com.vn\/wp-content\/uploads\/2026\/02\/image_flying-insect2.jpg\" class=\"elementor-animation-grow attachment-full size-full wp-image-2576\" alt=\"\" srcset=\"https:\/\/ensystex.com.vn\/wp-content\/uploads\/2026\/02\/image_flying-insect2.jpg 1514w, https:\/\/ensystex.com.vn\/wp-content\/uploads\/2026\/02\/image_flying-insect2-237x300.jpg 237w, https:\/\/ensystex.com.vn\/wp-content\/uploads\/2026\/02\/image_flying-insect2-807x1024.jpg 807w, https:\/\/ensystex.com.vn\/wp-content\/uploads\/2026\/02\/image_flying-insect2-768x974.jpg 768w, https:\/\/ensystex.com.vn\/wp-content\/uploads\/2026\/02\/image_flying-insect2-1211x1536.jpg 1211w, https:\/\/ensystex.com.vn\/wp-content\/uploads\/2026\/02\/image_flying-insect2-9x12.jpg 9w\" sizes=\"(max-width: 1514px) 100vw, 1514px\" \/>\t\t\t\t\t\t\t\t<\/a>\n\t\t\t\t\t\t\t\t\t\t\t\t\t\t\t<\/div>\n\t\t\t\t<\/div>\n\t\t\t\t<div class=\"elementor-element elementor-element-df89955 elementor-widget-tablet__width-initial elementor-widget elementor-widget-heading\" data-id=\"df89955\" data-element_type=\"widget\" data-widget_type=\"heading.default\">\n\t\t\t\t<div class=\"elementor-widget-container\">\n\t\t\t\t\t<h2 class=\"elementor-heading-title elementor-size-default\">B\u1eaby \u0111\u00e8n ki\u1ec3m so\u00e1t c\u00f4n tr\u00f9ng bay VECTOTHOR\u00ae<\/h2>\t\t\t\t<\/div>\n\t\t\t\t<\/div>\n\t\t\t\t<\/div>\n\t\t\t\t\t<\/div>\n\t\t\t\t<\/div>\n\t\t\t\t<\/div>","protected":false},"excerpt":{"rendered":"<p>VECTOTHOR Insect Light Traps VECTOTHOR\u00ae Flying Insect Killer Light Traps<\/p>","protected":false},"author":1,"featured_media":0,"parent":0,"menu_order":0,"comment_status":"closed","ping_status":"closed","template":"","meta":{"_monsterinsights_skip_tracking":false,"_monsterinsights_sitenote_active":false,"_monsterinsights_sitenote_note":"","_monsterinsights_sitenote_category":0,"_kad_post_transparent":"","_kad_post_title":"hide","_kad_post_layout":"fullwidth","_kad_post_sidebar_id":"","_kad_post_content_style":"unboxed","_kad_post_vertical_padding":"hide","_kad_post_feature":"hide","_kad_post_feature_position":"","_kad_post_header":false,"_kad_post_footer":false,"footnotes":""},"class_list":["post-129","page","type-page","status-publish","hentry"],"aioseo_notices":[],"_links":{"self":[{"href":"https:\/\/ensystex.com.vn\/vi\/wp-json\/wp\/v2\/pages\/129","targetHints":{"allow":["GET"]}}],"collection":[{"href":"https:\/\/ensystex.com.vn\/vi\/wp-json\/wp\/v2\/pages"}],"about":[{"href":"https:\/\/ensystex.com.vn\/vi\/wp-json\/wp\/v2\/types\/page"}],"author":[{"embeddable":true,"href":"https:\/\/ensystex.com.vn\/vi\/wp-json\/wp\/v2\/users\/1"}],"replies":[{"embeddable":true,"href":"https:\/\/ensystex.com.vn\/vi\/wp-json\/wp\/v2\/comments?post=129"}],"version-history":[{"count":73,"href":"https:\/\/ensystex.com.vn\/vi\/wp-json\/wp\/v2\/pages\/129\/revisions"}],"predecessor-version":[{"id":2582,"href":"https:\/\/ensystex.com.vn\/vi\/wp-json\/wp\/v2\/pages\/129\/revisions\/2582"}],"wp:attachment":[{"href":"https:\/\/ensystex.com.vn\/vi\/wp-json\/wp\/v2\/media?parent=129"}],"curies":[{"name":"wp","href":"https:\/\/api.w.org\/{rel}","templated":true}]}}