{"id":127,"date":"2024-06-05T12:39:29","date_gmt":"2024-06-05T12:39:29","guid":{"rendered":"https:\/\/ensystex.com.vn\/?page_id=127"},"modified":"2024-09-06T04:46:23","modified_gmt":"2024-09-06T04:46:23","slug":"exterra-termite-colony-elimination-with-requiem-termite-bait","status":"publish","type":"page","link":"https:\/\/ensystex.com.vn\/vi\/exterra-termite-colony-elimination-with-requiem-termite-bait\/","title":{"rendered":"EXTERRA &#8211; Termite Colony Elimination with REQUIEM\u00ae Termite Bait"},"content":{"rendered":"<div data-elementor-type=\"wp-page\" data-elementor-id=\"127\" class=\"elementor elementor-127\" data-elementor-post-type=\"page\">\n\t\t\t\t<div class=\"elementor-element elementor-element-d9c0d0b e-flex e-con-boxed e-con e-parent\" data-id=\"d9c0d0b\" data-element_type=\"container\">\n\t\t\t\t\t<div class=\"e-con-inner\">\n\t\t<div class=\"elementor-element elementor-element-5d43c73 e-con-full e-flex e-con e-child\" data-id=\"5d43c73\" data-element_type=\"container\">\n\t\t\t\t<div class=\"elementor-element elementor-element-edc2b70 elementor--h-position-center elementor-arrows-position-inside elementor-pagination-position-inside elementor-widget elementor-widget-slides\" data-id=\"edc2b70\" data-element_type=\"widget\" data-settings=\"{&quot;navigation&quot;:&quot;both&quot;,&quot;transition&quot;:&quot;slide&quot;,&quot;transition_speed&quot;:500}\" data-widget_type=\"slides.default\">\n\t\t\t\t<div class=\"elementor-widget-container\">\n\t\t\t\t\t\t\t\t\t<div class=\"elementor-swiper\">\n\t\t\t\t\t<div class=\"elementor-slides-wrapper elementor-main-swiper swiper\" role=\"region\" aria-roledescription=\"carousel\" aria-label=\"Slides\" dir=\"ltr\" data-animation=\"\" data-no-translation-aria-label=\"\">\n\t\t\t\t<div class=\"swiper-wrapper elementor-slides\">\n\t\t\t\t\t\t\t\t\t\t<div class=\"elementor-repeater-item-ff12e8d swiper-slide\" role=\"group\" aria-roledescription=\"slide\"><div class=\"swiper-slide-bg\" role=\"img\"><\/div><div class=\"swiper-slide-inner\" ><div class=\"swiper-slide-contents\"><\/div><\/div><\/div><div class=\"elementor-repeater-item-91f4ce6 swiper-slide\" role=\"group\" aria-roledescription=\"slide\"><div class=\"swiper-slide-bg\" role=\"img\"><\/div><div class=\"swiper-slide-inner\" ><div class=\"swiper-slide-contents\"><\/div><\/div><\/div>\t\t\t\t<\/div>\n\t\t\t\t\t\t\t\t\t\t\t\t\t\t\t<div class=\"elementor-swiper-button elementor-swiper-button-prev\" role=\"button\" tabindex=\"0\" aria-label=\"Previous slide\" data-no-translation-aria-label=\"\">\n\t\t\t\t\t\t\t<svg aria-hidden=\"true\" class=\"e-font-icon-svg e-eicon-chevron-left\" viewbox=\"0 0 1000 1000\" xmlns=\"http:\/\/www.w3.org\/2000\/svg\"><path d=\"M646 125C629 125 613 133 604 142L308 442C296 454 292 471 292 487 292 504 296 521 308 533L604 854C617 867 629 875 646 875 663 875 679 871 692 858 704 846 713 829 713 812 713 796 708 779 692 767L438 487 692 225C700 217 708 204 708 187 708 171 704 154 692 142 675 129 663 125 646 125Z\"><\/path><\/svg>\t\t\t\t\t\t<\/div>\n\t\t\t\t\t\t<div class=\"elementor-swiper-button elementor-swiper-button-next\" role=\"button\" tabindex=\"0\" aria-label=\"Next slide\" data-no-translation-aria-label=\"\">\n\t\t\t\t\t\t\t<svg aria-hidden=\"true\" class=\"e-font-icon-svg e-eicon-chevron-right\" viewbox=\"0 0 1000 1000\" xmlns=\"http:\/\/www.w3.org\/2000\/svg\"><path d=\"M696 533C708 521 713 504 713 487 713 471 708 454 696 446L400 146C388 133 375 125 354 125 338 125 325 129 313 142 300 154 292 171 292 187 292 204 296 221 308 233L563 492 304 771C292 783 288 800 288 817 288 833 296 850 308 863 321 871 338 875 354 875 371 875 388 867 400 854L696 533Z\"><\/path><\/svg>\t\t\t\t\t\t<\/div>\n\t\t\t\t\t\t\t\t\t\t\t\t\t\t\t\t<div class=\"swiper-pagination\"><\/div>\n\t\t\t\t\t\t\t\t\t\t\t\t<\/div>\n\t\t\t\t<\/div>\n\t\t\t\t\t\t\t\t<\/div>\n\t\t\t\t<\/div>\n\t\t\t\t<div class=\"elementor-element elementor-element-e8fd332 elementor-widget-mobile__width-initial elementor-widget elementor-widget-video\" data-id=\"e8fd332\" data-element_type=\"widget\" data-settings=\"{&quot;youtube_url&quot;:&quot;https:\\\/\\\/www.youtube.com\\\/watch?v=4TFZenKneWU&quot;,&quot;video_type&quot;:&quot;youtube&quot;,&quot;controls&quot;:&quot;yes&quot;}\" data-widget_type=\"video.default\">\n\t\t\t\t<div class=\"elementor-widget-container\">\n\t\t\t\t\t\t\t<div class=\"elementor-wrapper elementor-open-inline\">\n\t\t\t<div class=\"elementor-video\"><\/div>\t\t<\/div>\n\t\t\t\t\t\t<\/div>\n\t\t\t\t<\/div>\n\t\t\t\t<\/div>\n\t\t<div class=\"elementor-element elementor-element-510f693 e-con-full e-flex e-con e-child\" data-id=\"510f693\" data-element_type=\"container\">\n\t\t\t\t<div class=\"elementor-element elementor-element-bb2a97a elementor-widget__width-initial elementor-widget-mobile__width-initial elementor-widget elementor-widget-heading\" data-id=\"bb2a97a\" data-element_type=\"widget\" data-widget_type=\"heading.default\">\n\t\t\t\t<div class=\"elementor-widget-container\">\n\t\t\t\t\t<h2 class=\"elementor-heading-title elementor-size-default\">EXTERRA - Lo\u1ea1i b\u1ecf t\u1ed5 m\u1ed1i v\u1edbi B\u1ea3 M\u1ed1i REQUIEM\u00ae<\/h2>\t\t\t\t<\/div>\n\t\t\t\t<\/div>\n\t\t\t\t<div class=\"elementor-element elementor-element-23b6ead elementor-widget elementor-widget-text-editor\" data-id=\"23b6ead\" data-element_type=\"widget\" data-widget_type=\"text-editor.default\">\n\t\t\t\t<div class=\"elementor-widget-container\">\n\t\t\t\t\t\t\t\t\t<p><span style=\"color: #808080;\"><a style=\"color: #808080;\" href=\"https:\/\/www.ensystex.com.au\/pages\/exterra-home\" target=\"_blank\" rel=\"noopener\"><span style=\"text-decoration: underline;\"><b>TRUY C\u1eacP WWW.EXTERRA.COM.VN<\/b><\/span><\/a><\/span><\/p>\t\t\t\t\t\t\t\t<\/div>\n\t\t\t\t<\/div>\n\t\t\t\t<div class=\"elementor-element elementor-element-1c95e67 elementor-widget__width-initial elementor-widget-mobile__width-inherit elementor-widget elementor-widget-text-editor\" data-id=\"1c95e67\" data-element_type=\"widget\" data-widget_type=\"text-editor.default\">\n\t\t\t\t<div class=\"elementor-widget-container\">\n\t\t\t\t\t\t\t\t\t<div class=\"rich-text__text rte\"><h3 class=\"vc_custom_heading section-title\">H\u1ec7 th\u1ed1ng b\u1eaby m\u1ed1i s\u1ed1 m\u1ed9t th\u1ebf gi\u1edbi, B\u1ea2O \u0110\u1ea2M ti\u00eau di\u1ec7t to\u00e0n b\u1ed9 t\u1ed5 m\u1ed1i<\/h3><h6><strong><span style=\"color: #808080;\">H\u1ec7 th\u1ed1ng Ti\u00eau di\u1ec7t M\u1ed1i EXTERRA lu\u00f4n c\u00f3 m\u1eb7t \u0111\u1ec3 b\u1ea3o v\u1ec7 b\u1ea1n kh\u1ecfi s\u1ef1 x\u00e2m l\u0103ng c\u1ee7a \u0111\u00e0n m\u1ed1i.<\/span><\/strong><\/h6><div class=\"vc_row wpb_row vc_inner vc_row-fluid\"><div class=\"wpb_column vc_column_container vc_col-sm-8\"><div class=\"vc_column-inner\"><div class=\"wpb_wrapper\"><div class=\"wpb_text_column wpb_content_element\"><div class=\"wpb_wrapper\"><p><br \/>T\u1ea5t c\u1ea3 c\u00e1c Chuy\u00ean gia qu\u1ea3n l\u00fd c\u00f4n tr\u00f9ng g\u00e2y h\u1ea1i EXTERRA \u0111\u00e3 ho\u00e0n th\u00e0nh ch\u01b0\u01a1ng tr\u00ecnh \u0111\u00e0o t\u1ea1o\nchuy\u00ean s\u00e2u \u0111\u1ec3 s\u1eed d\u1ee5ng H\u1ec7 th\u1ed1ng n\u00e0y.<span class=\"Apple-converted-space\">\u00a0<\/span><\/p><p>H\u1ec7 th\u1ed1ng Ti\u00eau di\u1ec7t M\u1ed1i EXTERRA l\u00e0 h\u1ec7 th\u1ed1ng DUY NH\u1ea4T t\u1ea1o ra m\u1ed9t V\u00f9ng Ch\u1eb7n M\u1ed1i tuy\u1ec7t \u0111\u1ed1i. V\u00f9ng\nCh\u1eb7n M\u1ed1i s\u1ebd \u0111\u01b0\u1ee3c \u0111\u1eb7t xung quanh nh\u00e0 b\u1ea1n \u0111\u1ec3 \u0111\u1ea3m b\u1ea3o t\u00e0i s\u1ea3n c\u1ee7a b\u1ea1n \u0111\u01b0\u1ee3c b\u1ea3o v\u1ec7 t\u1ed1i \u0111a kh\u1ecfi s\u1ef1\nt\u1ed5n th\u1ea5t do m\u1ed1i g\u00e2y ra.<span class=\"Apple-converted-space\">\u00a0<\/span><\/p><p>V\u00f9ng Ch\u1eb7n M\u1ed1i n\u00e0y \u0111\u01b0\u1ee3c t\u1ea1o ra b\u1eb1ng c\u00e1ch s\u1eed d\u1ee5ng ch\u1ea5t d\u1eabn d\u1ee5 m\u1ed1i FOCUS Termite Attractant\u2122\nl\u1eafp \u0111\u1eb7t trong m\u1ed7i Tr\u1ea1m ki\u1ec3m so\u00e1t m\u1ed1i \u0111\u1ea3m b\u1ea3o t\u00ednh l\u00e2u d\u00e0i v\u00e0 li\u00ean t\u1ee5c \u0111\u1ec3 ng\u0103n ch\u1eb7n m\u1ed1i k\u1ecbp th\u1eddi\nv\u00e0 hi\u1ec7u qu\u1ea3. Nh\u1eefng con m\u1ed1i s\u1ebd b\u1ecb ng\u0103n ch\u1eb7n tr\u01b0\u1edbc khi ch\u00fang c\u00f3 th\u1ec3 ti\u1ebfp c\u1eadn c\u0103n nh\u00e0 c\u1ee7a b\u1ea1n.<span class=\"Apple-converted-space\">\u00a0<\/span><\/p><p>Ho\u1ea1t \u0111\u1ed9ng c\u1ee7a m\u1ed1i s\u1ebd b\u1ecb ch\u1eb7n l\u1ea1i tr\u00ean \u0111\u01b0\u1eddng \u0111i c\u1ee7a ch\u00fang b\u1edfi nh\u1eefng Tr\u1ea1m ki\u1ec3m so\u00e1t d\u1ecbch h\u1ea1i\nchuy\u00ean nghi\u1ec7p c\u1ee7a ch\u00fang t\u00f4i. B\u1ea3 m\u1ed1i REQUIEM\u00ae Termite Bait \u0111\u01b0\u1ee3c \u0111\u1eb7t v\u00e0o trong c\u00e1c Tr\u1ea1m\nEXTERRA \u0111\u00f3ng k\u00edn n\u00e0y s\u1ebd th\u1ebft \u0111\u00e3i nh\u1eefng con m\u1ed1i h\u00e1u \u0103n \"B\u1eefa \u0103n t\u1ed1i cu\u1ed1i c\u00f9ng\" c\u1ee7a ch\u00fang. Nh\u1eefng\ncon m\u1ed1i \u0111\u00f3i s\u1ebd \u0103n REQUIEM v\u00e0 tha v\u1ec1 t\u1ed5 c\u1ee7a ch\u00fang khi\u1ebfn cho to\u00e0n b\u1ed9 t\u1ed5 m\u1ed1i b\u1ecb ti\u00eau di\u1ec7t v\u00e0 ng\u00f4i\nnh\u00e0 c\u1ee7a b\u1ea1n s\u1ebd \u0111\u01b0\u1ee3c b\u1ea3o v\u1ec7 an to\u00e0n, ho\u00e0n to\u00e0n kh\u00f4ng c\u00f2n m\u1ed1i.<span class=\"Apple-converted-space\">\u00a0<\/span><\/p><h6><span style=\"color: #000000;\">\u0110\u1ec3 b\u1ea3o v\u1ec7 t\u00e0i s\u1ea3n c\u1ee7a b\u1ea1n h\u00e3y gia nh\u1eadp gia \u0111\u00ecnh EXTERRA<\/span><\/h6><p>V\u1edbi ch\u1ea5t l\u01b0\u1ee3ng h\u00e0ng \u0111\u1ea7u v\u00e0 hi\u1ec7u qu\u1ea3 v\u01b0\u1ee3t tr\u1ed9i \u0111\u00e3 ch\u1ee9ng minh EXTERRA l\u00e0 s\u1ef1 l\u1ef1a ch\u1ecdn \u0111\u00fang \u0111\u1eafn v\u00e0\nd\u1ec5 d\u00e0ng \u0111\u1ec3 b\u1ea3o v\u1ec7 c\u01a1 ng\u01a1i c\u1ee7a b\u1ea1n kh\u1ecfi nh\u1eefng nguy c\u01a1 t\u1ed5n h\u1ea1i t\u1eeb m\u1ed1i.<span class=\"Apple-converted-space\">\u00a0<br \/><br \/><\/span>Nhi\u1ec1u c\u00f4ng tr\u00ecnh mang t\u00ednh bi\u1ec3u t\u01b0\u1ee3ng tr\u00ean to\u00e0n th\u1ebf gi\u1edbi \u0111\u00e3 tin t\u01b0\u1edfng v\u00e0 s\u1eed d\u1ee5ng EXTERRA \u0111\u1ec3 b\u1ea3o\nv\u1ec7 nh\u1eefng ki\u1ebfn tr\u00fac qu\u00fd gi\u00e1 n\u00e0y.<span class=\"Apple-converted-space\">\u00a0<\/span><\/p><p><b>C\u00e1c t\u00ednh n\u0103ng ch\u00ednh<span class=\"Apple-converted-space\">\u00a0<\/span><\/b><\/p><ul><li><b>Th\u00e2n thi\u1ec7n v\u1edbi m\u00f4i tr\u01b0\u1eddng; <\/b>EXTERRA r\u1ea5t kh\u00e1c bi\u1ec7t. M\u1ed9t ph\u01b0\u01a1ng ph\u00e1p di\u1ec7t m\u1ed1i t\u1eadn g\u1ed1c m\u00e0\nho\u00e0n to\u00e0n an to\u00e0n v\u00e0 th\u00e2n thi\u1ec7n v\u1edbi m\u00f4i tr\u01b0\u1eddng<span class=\"Apple-converted-space\">\u00a0<\/span><\/li><li><b>An t\u00e2m ho\u00e0n to\u00e0n; <\/b>b\u1ea3o v\u1ec7 b\u1ea1n kh\u1ecfi s\u1ef1 x\u00e2m nh\u1eadp dai d\u1eb3ng c\u1ee7a m\u1ed1i. Ngay c\u1ea3 sau khi \u0111\u00e0n\nm\u1ed1i b\u1ecb ti\u00eau di\u1ec7t, c\u00e1c Tr\u1ea1m EXTERRA v\u1eabn b\u1ea3o v\u1ec7 b\u1ea1n ch\u1ed1ng l\u1ea1i s\u1ef1 x\u00e2m nh\u1eadp v\u00e0 t\u1ea5n c\u00f4ng c\u1ee7a\nm\u1ed1i trong l\u01b0\u01a1ng lai m\u00e0 kh\u00f4ng c\u1ea7n d\u00f9ng l\u1ea1i h\u00f3a ch\u1ea5t. EXTERRA cung c\u1ea5p gi\u1ea3i ph\u00e1p lo\u1ea1i b\u1ecf\nm\u1ed1i l\u00e2u d\u00e0i d\u1ec5 d\u00e0ng cho c\u1ea3 b\u1ea1n v\u00e0 m\u00f4i tr\u01b0\u1eddng.<span class=\"Apple-converted-space\">\u00a0<\/span><\/li><li><b>REQUIEM\u00ae; <\/b>l\u00e0 b\u1ea3 m\u1ed3i ngon mi\u1ec7ng nh\u1ea5t tr\u00ean th\u1ebf gi\u1edbi d\u00e0nh cho lo\u00e0i m\u1ed1i, khi\u1ebfn ch\u00fang kh\u00f4ng\nth\u1ec3 c\u01b0\u1ee1ng l\u1ea1i \u0111\u01b0\u1ee3c. \u0110\u01b0\u1ee3c \u0111\u1eb7t trong Tr\u1ea1m EXTERRA, ch\u00ednh h\u01b0\u01a1ng v\u1ecb ngon mi\u1ec7ng v\u01b0\u1ee3t tr\u1ed9i n\u00e0y\n\u0111\u00e3 khi\u1ebfn EXTERRA tr\u1edf th\u00e0nh h\u1ec7 th\u1ed1ng s\u1ed1 m\u1ed9t tr\u00ean th\u1ebf gi\u1edbi.<span class=\"Apple-converted-space\">\u00a0<\/span><\/li><li><b>EXTERRA; <\/b>is safe for you, your family, pets and nature. EXTERRA focuses on total termite colony elimination, guaranteeing the most effective results.<span class=\"Apple-converted-space\">\u00a0<\/span><\/li><li><b>FOCUS Termite Attractant\u2122; <\/b>EXTERRA l\u00e0 h\u1ec7 th\u1ed1ng duy nh\u1ea5t s\u1eed d\u1ee5ng CO2 trong kh\u00f4ng kh\u00ed\n\u0111\u1ec3 thu h\u00fat m\u1ed1i v\u00e0o c\u00e1c Tr\u1ea1m b\u1eaby. Ng\u0103n ch\u1eb7n ch\u00fang k\u1ecbp th\u1eddi v\u00e0 \u0111em \u0111\u1ebfn hi\u1ec7u qu\u1ea3 t\u1ed1t h\u01a1n.<span class=\"Apple-converted-space\">\u00a0<\/span><\/li><li><b>C\u00e1c Tr\u1ea1m b\u1eaby l\u1edbn h\u01a1n; <\/b>thu h\u00fat m\u1ed1i t\u1ed1t h\u01a1n \u0111\u1ec3 t\u0103ng cao hi\u1ec7u su\u1ea5t.<span class=\"Apple-converted-space\">\u00a0<\/span><\/li><\/ul><p><b>Hi\u1ec7u su\u1ea5t<span class=\"Apple-converted-space\">\u00a0<br \/><\/span><\/b><br \/>C\u00e1c Tr\u1ea1m d\u01b0\u1edbi m\u1eb7t \u0111\u1ea5t c\u00f3 c\u00e1c thanh ch\u1eb7n b\u1eb1ng g\u1ed7 c\u1ee9ng \u0111\u01b0\u1ee3c \u0111\u1eb7t d\u01b0\u1edbi m\u1eb7t \u0111\u1ea5t \u0111\u1ec3 ng\u0103n ch\u1eb7n m\u1ed1i\nt\u00ecm ki\u1ebfm th\u1ee9c \u0103n v\u00e0 b\u1ea3o v\u1ec7 c\u01a1 ng\u01a1i c\u1ee7a b\u1ea1n. C\u00e1c Tr\u1ea1m tr\u00ean m\u1eb7t \u0111\u1ea5t l\u00e0 c\u00e1ch ti\u1ebfp c\u1eadn \u01b0u ti\u00ean khi\nm\u1ed1i \u0111\u00e3 ho\u1ea1t \u0111\u1ed9ng trong nh\u00e0. B\u1ea3 REQUIEM Termite Bait \u0111\u01b0\u1ee3c \u0111\u1eb7t v\u00e0o Tr\u1ea1m b\u1eaby b\u00ean tr\u00ean m\u1eb7t \u0111\u1ea5t v\u00e0\n\u0111\u1eady k\u00edn l\u1ea1i khi ho\u00e0n thi\u1ec7n vi\u1ec7c l\u1eafp \u0111\u1eb7t. C\u00e1c Tr\u1ea1m tr\u00ean m\u1eb7t \u0111\u1ea5t t\u0103ng t\u1ed1c qu\u00e1 tr\u00ecnh lo\u1ea1i b\u1ecf \u0111\u00e0n m\u1ed1i.\nSau khi \u0111\u00e0n m\u1ed1i b\u1ecb ti\u00eau di\u1ec7t, c\u00e1c Tr\u1ea1m tr\u00ean m\u1eb7t \u0111\u1ea5t c\u0169ng s\u1ebd \u0111\u01b0\u1ee3c th\u00e1o b\u1ecf.<span class=\"Apple-converted-space\">\u00a0<\/span><\/p><p>Khi m\u1ed1i b\u1ecb ch\u1eb7n, ch\u00fang d\u1ec5 d\u00e0ng \u0111\u01b0\u1ee3c ph\u00e1t hi\u1ec7n trong c\u00e1c Tr\u1ea1m EXTERRA. Thi\u1ebft k\u1ebf \u0111\u1ed9c \u0111\u00e1o cho\nph\u00e9p nh\u00ecn th\u1ea5y m\u1ed1i m\u00e0 kh\u00f4ng l\u00e0m gi\u00e1n \u0111o\u1ea1n ho\u1ea1t \u0111\u1ed9ng ch\u00fang. V\u00e0 m\u1ed1i kh\u00f4ng b\u1ecb x\u00e1o tr\u1ed9n khi th\u00eam\nb\u1ea3 REQUIEM Termite Bait v\u00e0o. B\u1ea3 REQUIEM Termite Bait r\u1ea5t ngon mi\u1ec7ng v\u00e0 \u0111\u01b0\u1ee3c m\u1ed1i \u01b0a th\u00edch h\u01a1n\nc\u1ea3 g\u1ed7. Tr\u00ean th\u1ef1c t\u1ebf, m\u1ed1i kh\u00f4ng th\u1ec3 c\u01b0\u1ee1ng l\u1ea1i v\u1edbi REQUIEM, d\u1eabn \u0111\u1ebfn c\u1ea3 \u0111\u00e0n m\u1ed1i s\u1ebd b\u1ecb d\u00ednh b\u1eaby\nnhanh ch\u00f3ng.<span class=\"Apple-converted-space\">\u00a0<\/span><\/p><p><b>Th\u00f4ng Tin Chi Ti\u1ebft S\u1ea3n Ph\u1ea9m<span class=\"Apple-converted-space\">\u00a0<\/span><\/b><\/p><p><b style=\"font-family: var(--global-body-font-family);\">Th\u00e0nh ph\u1ea7n ho\u1ea1t ch\u1ea5t: <\/b><span style=\"font-family: var(--global-body-font-family);\">1.0 g\/kg chlorfluazuron<\/span>\u00a0<br \/><b>Nh\u00f3m ch\u1ebf ph\u1ea9m: <\/b>Ch\u1ea5t \u0111i\u1ec1u ho\u00e0 sinh tr\u01b0\u1edfng c\u1ee7a c\u00f4n tr\u00f9ng<span class=\"Apple-converted-space\">\u00a0<br \/><\/span><b>C\u00f4ng th\u1ee9c ch\u1ebf ph\u1ea9m: <\/b>M\u1ed3i g\u1ed1c cellulose<span class=\"Apple-converted-space\">\u00a0<br \/><\/span><b>Ki\u1ec3m so\u00e1t c\u00f4n tr\u00f9ng: <\/b>M\u1ed1i \u0111\u1ea5t<span class=\"Apple-converted-space\">\u00a0<\/span><\/p><p><strong style=\"font-family: var(--global-body-font-family);\">Th\u00f4ng tin th\u00eam:<br \/><\/strong><a href=\"https:\/\/www.ensystex.com.au\/pages\/exterra-home\" target=\"_blank\" rel=\"noopener\"><span style=\"text-decoration: underline;\"><b>TRUY C\u1eacP WWW.EXTERRA.COM.VN<\/b><\/span><\/a><\/p><\/div><\/div><\/div><\/div><\/div><\/div><\/div>\t\t\t\t\t\t\t\t<\/div>\n\t\t\t\t<\/div>\n\t\t\t\t<\/div>\n\t\t\t\t\t<\/div>\n\t\t\t\t<\/div>\n\t\t\t\t<\/div>","protected":false},"excerpt":{"rendered":"<p>Previous slide Next slide EXTERRA &#8211; Termite Colony Elimination with REQUIEM\u00ae Termite Bait VISIT WWW.EXTERRA.COM.VN The World\u2019s Number One Termite Baiting System, Total Elimination of Termites \u2013 GUARANTEED. Your EXTERRA Termite Interception and Termite Baiting System is there to protect you from the invasion of termites, continually. All EXTERRA Trained Professional Pest Managers have completed&#8230;<\/p>","protected":false},"author":1,"featured_media":0,"parent":0,"menu_order":0,"comment_status":"closed","ping_status":"closed","template":"","meta":{"_monsterinsights_skip_tracking":false,"_monsterinsights_sitenote_active":false,"_monsterinsights_sitenote_note":"","_monsterinsights_sitenote_category":0,"_kad_post_transparent":"","_kad_post_title":"hide","_kad_post_layout":"fullwidth","_kad_post_sidebar_id":"","_kad_post_content_style":"unboxed","_kad_post_vertical_padding":"hide","_kad_post_feature":"hide","_kad_post_feature_position":"","_kad_post_header":false,"_kad_post_footer":false,"footnotes":""},"class_list":["post-127","page","type-page","status-publish","hentry"],"aioseo_notices":[],"_links":{"self":[{"href":"https:\/\/ensystex.com.vn\/vi\/wp-json\/wp\/v2\/pages\/127","targetHints":{"allow":["GET"]}}],"collection":[{"href":"https:\/\/ensystex.com.vn\/vi\/wp-json\/wp\/v2\/pages"}],"about":[{"href":"https:\/\/ensystex.com.vn\/vi\/wp-json\/wp\/v2\/types\/page"}],"author":[{"embeddable":true,"href":"https:\/\/ensystex.com.vn\/vi\/wp-json\/wp\/v2\/users\/1"}],"replies":[{"embeddable":true,"href":"https:\/\/ensystex.com.vn\/vi\/wp-json\/wp\/v2\/comments?post=127"}],"version-history":[{"count":203,"href":"https:\/\/ensystex.com.vn\/vi\/wp-json\/wp\/v2\/pages\/127\/revisions"}],"predecessor-version":[{"id":2367,"href":"https:\/\/ensystex.com.vn\/vi\/wp-json\/wp\/v2\/pages\/127\/revisions\/2367"}],"wp:attachment":[{"href":"https:\/\/ensystex.com.vn\/vi\/wp-json\/wp\/v2\/media?parent=127"}],"curies":[{"name":"wp","href":"https:\/\/api.w.org\/{rel}","templated":true}]}}