{"id":125,"date":"2024-06-05T12:38:23","date_gmt":"2024-06-05T12:38:23","guid":{"rendered":"https:\/\/ensystex.com.vn\/?page_id=125"},"modified":"2025-05-19T06:01:20","modified_gmt":"2025-05-19T06:01:20","slug":"insect-control","status":"publish","type":"page","link":"https:\/\/ensystex.com.vn\/vi\/insect-control\/","title":{"rendered":"Ki\u1ec3m So\u00e1t C\u00f4n Tr\u00f9ng"},"content":{"rendered":"<div data-elementor-type=\"wp-page\" data-elementor-id=\"125\" class=\"elementor elementor-125\" data-elementor-post-type=\"page\">\n\t\t\t\t<div class=\"elementor-element elementor-element-045590d e-flex e-con-boxed e-con e-parent\" data-id=\"045590d\" data-element_type=\"container\">\n\t\t\t\t\t<div class=\"e-con-inner\">\n\t\t\t\t<div class=\"elementor-element elementor-element-d41a8f0 elementor-widget elementor-widget-heading\" data-id=\"d41a8f0\" data-element_type=\"widget\" data-widget_type=\"heading.default\">\n\t\t\t\t<div class=\"elementor-widget-container\">\n\t\t\t\t\t<h2 class=\"elementor-heading-title elementor-size-default\">Ki\u1ec3m So\u00e1t C\u00f4n Tr\u00f9ng<\/h2>\t\t\t\t<\/div>\n\t\t\t\t<\/div>\n\t\t\t\t\t<\/div>\n\t\t\t\t<\/div>\n\t\t<div class=\"elementor-element elementor-element-b65438b e-flex e-con-boxed e-con e-parent\" data-id=\"b65438b\" data-element_type=\"container\">\n\t\t\t\t\t<div class=\"e-con-inner\">\n\t\t<div class=\"elementor-element elementor-element-a72a096 e-con-full e-flex e-con e-child\" data-id=\"a72a096\" data-element_type=\"container\">\n\t\t\t\t<div class=\"elementor-element elementor-element-d0f2793 elementor-widget elementor-widget-image\" data-id=\"d0f2793\" data-element_type=\"widget\" data-widget_type=\"image.default\">\n\t\t\t\t<div class=\"elementor-widget-container\">\n\t\t\t\t\t\t\t\t\t\t\t\t\t\t\t\t<a href=\"https:\/\/ensystex.com.vn\/vi\/bithor-dual-action-insecticide\/\">\n\t\t\t\t\t\t\t<img fetchpriority=\"high\" decoding=\"async\" width=\"1226\" height=\"1750\" src=\"https:\/\/ensystex.com.vn\/wp-content\/uploads\/2024\/06\/Bithor_evn.png\" class=\"elementor-animation-grow attachment-full size-full wp-image-595\" alt=\"\" srcset=\"https:\/\/ensystex.com.vn\/wp-content\/uploads\/2024\/06\/Bithor_evn.png 1226w, https:\/\/ensystex.com.vn\/wp-content\/uploads\/2024\/06\/Bithor_evn-210x300.png 210w, https:\/\/ensystex.com.vn\/wp-content\/uploads\/2024\/06\/Bithor_evn-717x1024.png 717w, https:\/\/ensystex.com.vn\/wp-content\/uploads\/2024\/06\/Bithor_evn-768x1096.png 768w, https:\/\/ensystex.com.vn\/wp-content\/uploads\/2024\/06\/Bithor_evn-1076x1536.png 1076w, https:\/\/ensystex.com.vn\/wp-content\/uploads\/2024\/06\/Bithor_evn-8x12.png 8w, https:\/\/ensystex.com.vn\/wp-content\/uploads\/2024\/06\/Bithor_evn-600x856.png 600w\" sizes=\"(max-width: 1226px) 100vw, 1226px\" \/>\t\t\t\t\t\t\t\t<\/a>\n\t\t\t\t\t\t\t\t\t\t\t\t\t\t\t<\/div>\n\t\t\t\t<\/div>\n\t\t\t\t<div class=\"elementor-element elementor-element-29ebfbb text-underline elementor-widget elementor-widget-text-editor\" data-id=\"29ebfbb\" data-element_type=\"widget\" data-widget_type=\"text-editor.default\">\n\t\t\t\t<div class=\"elementor-widget-container\">\n\t\t\t\t\t\t\t\t\t<p>Ch\u1ebf ph\u1ea9m di\u1ec7t c\u00f4n tr\u00f9ng BITHOR DUAL ACTION<span class=\"Apple-converted-space\">\u00a0<\/span><\/p>\t\t\t\t\t\t\t\t<\/div>\n\t\t\t\t<\/div>\n\t\t\t\t<\/div>\n\t\t<div class=\"elementor-element elementor-element-004a5f4 e-con-full e-flex e-con e-child\" data-id=\"004a5f4\" data-element_type=\"container\">\n\t\t\t\t<div class=\"elementor-element elementor-element-e73cf8c elementor-widget elementor-widget-image\" data-id=\"e73cf8c\" data-element_type=\"widget\" data-widget_type=\"image.default\">\n\t\t\t\t<div class=\"elementor-widget-container\">\n\t\t\t\t\t\t\t\t\t\t\t\t\t\t\t\t<a href=\"https:\/\/ensystex.com.vn\/vi\/zenithor-gel-cockroach-bait\/\">\n\t\t\t\t\t\t\t<img decoding=\"async\" width=\"1400\" height=\"997\" src=\"https:\/\/ensystex.com.vn\/wp-content\/uploads\/2024\/06\/EVN_Zenithor-Gel-Cockroach-Bait-1.png\" class=\"elementor-animation-grow attachment-full size-full wp-image-965\" alt=\"\" srcset=\"https:\/\/ensystex.com.vn\/wp-content\/uploads\/2024\/06\/EVN_Zenithor-Gel-Cockroach-Bait-1.png 1400w, https:\/\/ensystex.com.vn\/wp-content\/uploads\/2024\/06\/EVN_Zenithor-Gel-Cockroach-Bait-1-300x214.png 300w, https:\/\/ensystex.com.vn\/wp-content\/uploads\/2024\/06\/EVN_Zenithor-Gel-Cockroach-Bait-1-1024x729.png 1024w, https:\/\/ensystex.com.vn\/wp-content\/uploads\/2024\/06\/EVN_Zenithor-Gel-Cockroach-Bait-1-768x547.png 768w, https:\/\/ensystex.com.vn\/wp-content\/uploads\/2024\/06\/EVN_Zenithor-Gel-Cockroach-Bait-1-18x12.png 18w, https:\/\/ensystex.com.vn\/wp-content\/uploads\/2024\/06\/EVN_Zenithor-Gel-Cockroach-Bait-1-600x427.png 600w\" sizes=\"(max-width: 1400px) 100vw, 1400px\" \/>\t\t\t\t\t\t\t\t<\/a>\n\t\t\t\t\t\t\t\t\t\t\t\t\t\t\t<\/div>\n\t\t\t\t<\/div>\n\t\t\t\t<div class=\"elementor-element elementor-element-c633b21 text-underline elementor-widget elementor-widget-text-editor\" data-id=\"c633b21\" data-element_type=\"widget\" data-widget_type=\"text-editor.default\">\n\t\t\t\t<div class=\"elementor-widget-container\">\n\t\t\t\t\t\t\t\t\t<p>B\u1ea3 Gel di\u1ec7t gi\u00e1n ZENITHOR\u2122<span class=\"Apple-converted-space\">\u00a0<\/span><\/p>\t\t\t\t\t\t\t\t<\/div>\n\t\t\t\t<\/div>\n\t\t\t\t<\/div>\n\t\t<div class=\"elementor-element elementor-element-8bb10c1 e-con-full e-flex e-con e-child\" data-id=\"8bb10c1\" data-element_type=\"container\">\n\t\t\t\t<div class=\"elementor-element elementor-element-bacea17 elementor-widget elementor-widget-image\" data-id=\"bacea17\" data-element_type=\"widget\" data-widget_type=\"image.default\">\n\t\t\t\t<div class=\"elementor-widget-container\">\n\t\t\t\t\t\t\t\t\t\t\t\t\t\t\t\t<a href=\"https:\/\/ensystex.com.vn\/vi\/permethor-shield-liquid-insecticide\/\">\n\t\t\t\t\t\t\t<img decoding=\"async\" width=\"500\" height=\"952\" src=\"https:\/\/ensystex.com.vn\/wp-content\/uploads\/2024\/06\/EVN_permethor-shield-tnm-1L.png\" class=\"elementor-animation-grow attachment-full size-full wp-image-821\" alt=\"\" srcset=\"https:\/\/ensystex.com.vn\/wp-content\/uploads\/2024\/06\/EVN_permethor-shield-tnm-1L.png 500w, https:\/\/ensystex.com.vn\/wp-content\/uploads\/2024\/06\/EVN_permethor-shield-tnm-1L-158x300.png 158w, https:\/\/ensystex.com.vn\/wp-content\/uploads\/2024\/06\/EVN_permethor-shield-tnm-1L-6x12.png 6w\" sizes=\"(max-width: 500px) 100vw, 500px\" \/>\t\t\t\t\t\t\t\t<\/a>\n\t\t\t\t\t\t\t\t\t\t\t\t\t\t\t<\/div>\n\t\t\t\t<\/div>\n\t\t\t\t<div class=\"elementor-element elementor-element-16fd473 text-underline elementor-widget elementor-widget-text-editor\" data-id=\"16fd473\" data-element_type=\"widget\" data-widget_type=\"text-editor.default\">\n\t\t\t\t<div class=\"elementor-widget-container\">\n\t\t\t\t\t\t\t\t\t<p>Ch\u1ebf ph\u1ea9m di\u1ec7t c\u00f4n tr\u00f9ng d\u1ea1ng l\u1ecfng PERMETHOR\u00ae SHIELD<\/p>\t\t\t\t\t\t\t\t<\/div>\n\t\t\t\t<\/div>\n\t\t\t\t<\/div>\n\t\t\t\t\t<\/div>\n\t\t\t\t<\/div>\n\t\t<div class=\"elementor-element elementor-element-a519d6a e-flex e-con-boxed e-con e-parent\" data-id=\"a519d6a\" data-element_type=\"container\">\n\t\t\t\t\t<div class=\"e-con-inner\">\n\t\t<div class=\"elementor-element elementor-element-5c942bb e-con-full e-flex e-con e-child\" data-id=\"5c942bb\" data-element_type=\"container\">\n\t\t\t\t<div class=\"elementor-element elementor-element-0fcffbc elementor-widget elementor-widget-image\" data-id=\"0fcffbc\" data-element_type=\"widget\" data-widget_type=\"image.default\">\n\t\t\t\t<div class=\"elementor-widget-container\">\n\t\t\t\t\t\t\t\t\t\t\t\t\t\t\t\t<a href=\"https:\/\/ensystex.com.vn\/vi\/fumithor-delta\/\">\n\t\t\t\t\t\t\t<img loading=\"lazy\" decoding=\"async\" width=\"700\" height=\"847\" src=\"https:\/\/ensystex.com.vn\/wp-content\/uploads\/2025\/05\/EVN_Fumithor-Delta-Mockup-shoot_EDIT-1.png\" class=\"elementor-animation-grow attachment-full size-full wp-image-2442\" alt=\"\" srcset=\"https:\/\/ensystex.com.vn\/wp-content\/uploads\/2025\/05\/EVN_Fumithor-Delta-Mockup-shoot_EDIT-1.png 700w, https:\/\/ensystex.com.vn\/wp-content\/uploads\/2025\/05\/EVN_Fumithor-Delta-Mockup-shoot_EDIT-1-248x300.png 248w, https:\/\/ensystex.com.vn\/wp-content\/uploads\/2025\/05\/EVN_Fumithor-Delta-Mockup-shoot_EDIT-1-10x12.png 10w, https:\/\/ensystex.com.vn\/wp-content\/uploads\/2025\/05\/EVN_Fumithor-Delta-Mockup-shoot_EDIT-1-600x726.png 600w\" sizes=\"(max-width: 700px) 100vw, 700px\" \/>\t\t\t\t\t\t\t\t<\/a>\n\t\t\t\t\t\t\t\t\t\t\t\t\t\t\t<\/div>\n\t\t\t\t<\/div>\n\t\t\t\t<div class=\"elementor-element elementor-element-80d6055 text-underline elementor-widget elementor-widget-text-editor\" data-id=\"80d6055\" data-element_type=\"widget\" data-widget_type=\"text-editor.default\">\n\t\t\t\t<div class=\"elementor-widget-container\">\n\t\t\t\t\t\t\t\t\t<p style=\"font-weight: 400;\">Ch\u1ebf Ph\u1ea9m T\u1ea1o Kh\u00f3i Di\u1ec7t C\u00f4n Tr\u00f9ng FUMITHOR\u2122 DELTA<\/p>\t\t\t\t\t\t\t\t<\/div>\n\t\t\t\t<\/div>\n\t\t\t\t<\/div>\n\t\t<div class=\"elementor-element elementor-element-1925fee e-con-full e-flex e-con e-child\" data-id=\"1925fee\" data-element_type=\"container\">\n\t\t\t\t<div class=\"elementor-element elementor-element-9bb4364 elementor-widget__width-initial elementor-widget elementor-widget-image\" data-id=\"9bb4364\" data-element_type=\"widget\" data-widget_type=\"image.default\">\n\t\t\t\t<div class=\"elementor-widget-container\">\n\t\t\t\t\t\t\t\t\t\t\t\t\t\t\t\t<a href=\"https:\/\/ensystex.com.vn\/vi\/maxxthor\/\">\n\t\t\t\t\t\t\t<img loading=\"lazy\" decoding=\"async\" width=\"1000\" height=\"2200\" src=\"https:\/\/ensystex.com.vn\/wp-content\/uploads\/2024\/06\/EVN_mockup-Maxxthor-100-1-L_Round-label.png\" class=\"elementor-animation-grow attachment-full size-full wp-image-723\" alt=\"\" srcset=\"https:\/\/ensystex.com.vn\/wp-content\/uploads\/2024\/06\/EVN_mockup-Maxxthor-100-1-L_Round-label.png 1000w, https:\/\/ensystex.com.vn\/wp-content\/uploads\/2024\/06\/EVN_mockup-Maxxthor-100-1-L_Round-label-136x300.png 136w, https:\/\/ensystex.com.vn\/wp-content\/uploads\/2024\/06\/EVN_mockup-Maxxthor-100-1-L_Round-label-465x1024.png 465w, https:\/\/ensystex.com.vn\/wp-content\/uploads\/2024\/06\/EVN_mockup-Maxxthor-100-1-L_Round-label-768x1690.png 768w, https:\/\/ensystex.com.vn\/wp-content\/uploads\/2024\/06\/EVN_mockup-Maxxthor-100-1-L_Round-label-698x1536.png 698w, https:\/\/ensystex.com.vn\/wp-content\/uploads\/2024\/06\/EVN_mockup-Maxxthor-100-1-L_Round-label-931x2048.png 931w, https:\/\/ensystex.com.vn\/wp-content\/uploads\/2024\/06\/EVN_mockup-Maxxthor-100-1-L_Round-label-5x12.png 5w, https:\/\/ensystex.com.vn\/wp-content\/uploads\/2024\/06\/EVN_mockup-Maxxthor-100-1-L_Round-label-600x1320.png 600w\" sizes=\"(max-width: 1000px) 100vw, 1000px\" \/>\t\t\t\t\t\t\t\t<\/a>\n\t\t\t\t\t\t\t\t\t\t\t\t\t\t\t<\/div>\n\t\t\t\t<\/div>\n\t\t\t\t<div class=\"elementor-element elementor-element-f6de5d2 text-underline elementor-widget elementor-widget-text-editor\" data-id=\"f6de5d2\" data-element_type=\"widget\" data-widget_type=\"text-editor.default\">\n\t\t\t\t<div class=\"elementor-widget-container\">\n\t\t\t\t\t\t\t\t\t<p>Ch\u1ebf ph\u1ea9m di\u1ec7t c\u00f4n tr\u00f9ng MAXXTHOR\u00ae  100 Water-based Termiticide &amp; Insecticide<\/p>\t\t\t\t\t\t\t\t<\/div>\n\t\t\t\t<\/div>\n\t\t\t\t<\/div>\n\t\t\t\t\t<\/div>\n\t\t\t\t<\/div>\n\t\t\t\t<\/div>","protected":false},"excerpt":{"rendered":"<p>Insect Control BITHOR\u00ae DUAL ACTION Insecticide\u00a0 ZENITHOR\u2122 Gel Cockroach Bait\u00a0 PERMETHOR\u00ae SHIELD Liquid Insecticide FUMITHOR\u2122 DELTA Insecticide Smoke Generator MAXXTHOR\u00ae Termiticide &amp; Insecticide<\/p>","protected":false},"author":1,"featured_media":0,"parent":0,"menu_order":0,"comment_status":"closed","ping_status":"closed","template":"","meta":{"_monsterinsights_skip_tracking":false,"_monsterinsights_sitenote_active":false,"_monsterinsights_sitenote_note":"","_monsterinsights_sitenote_category":0,"_kad_post_transparent":"","_kad_post_title":"hide","_kad_post_layout":"fullwidth","_kad_post_sidebar_id":"","_kad_post_content_style":"unboxed","_kad_post_vertical_padding":"hide","_kad_post_feature":"hide","_kad_post_feature_position":"","_kad_post_header":false,"_kad_post_footer":false,"footnotes":""},"class_list":["post-125","page","type-page","status-publish","hentry"],"aioseo_notices":[],"_links":{"self":[{"href":"https:\/\/ensystex.com.vn\/vi\/wp-json\/wp\/v2\/pages\/125","targetHints":{"allow":["GET"]}}],"collection":[{"href":"https:\/\/ensystex.com.vn\/vi\/wp-json\/wp\/v2\/pages"}],"about":[{"href":"https:\/\/ensystex.com.vn\/vi\/wp-json\/wp\/v2\/types\/page"}],"author":[{"embeddable":true,"href":"https:\/\/ensystex.com.vn\/vi\/wp-json\/wp\/v2\/users\/1"}],"replies":[{"embeddable":true,"href":"https:\/\/ensystex.com.vn\/vi\/wp-json\/wp\/v2\/comments?post=125"}],"version-history":[{"count":104,"href":"https:\/\/ensystex.com.vn\/vi\/wp-json\/wp\/v2\/pages\/125\/revisions"}],"predecessor-version":[{"id":2537,"href":"https:\/\/ensystex.com.vn\/vi\/wp-json\/wp\/v2\/pages\/125\/revisions\/2537"}],"wp:attachment":[{"href":"https:\/\/ensystex.com.vn\/vi\/wp-json\/wp\/v2\/media?parent=125"}],"curies":[{"name":"wp","href":"https:\/\/api.w.org\/{rel}","templated":true}]}}