{"id":1128,"date":"2024-06-25T13:42:20","date_gmt":"2024-06-25T13:42:20","guid":{"rendered":"https:\/\/ensystex.com.vn\/?page_id=1128"},"modified":"2026-03-31T09:12:22","modified_gmt":"2026-03-31T09:12:22","slug":"vectothor-flying-insect-killer-light-traps","status":"publish","type":"page","link":"https:\/\/ensystex.com.vn\/vi\/vectothor-flying-insect-killer-light-traps\/","title":{"rendered":"&gt; B\u1eaby \u0111\u00e8n ki\u1ec3m so\u00e1t c\u00f4n tr\u00f9ng bay VECTOTHOR\u00ae"},"content":{"rendered":"<div data-elementor-type=\"wp-page\" data-elementor-id=\"1128\" class=\"elementor elementor-1128\" data-elementor-post-type=\"page\">\n\t\t\t\t<div class=\"elementor-element elementor-element-71c7092 e-flex e-con-boxed e-con e-parent\" data-id=\"71c7092\" data-element_type=\"container\">\n\t\t\t\t\t<div class=\"e-con-inner\">\n\t\t<div class=\"elementor-element elementor-element-0f1040f e-con-full e-flex e-con e-child\" data-id=\"0f1040f\" data-element_type=\"container\" data-settings=\"{&quot;background_background&quot;:&quot;classic&quot;}\">\n\t\t\t\t<div class=\"elementor-element elementor-element-411c926 elementor--h-position-center elementor--v-position-middle elementor-arrows-position-inside elementor-pagination-position-inside elementor-widget elementor-widget-slides\" data-id=\"411c926\" data-element_type=\"widget\" data-settings=\"{&quot;navigation&quot;:&quot;both&quot;,&quot;transition&quot;:&quot;slide&quot;,&quot;transition_speed&quot;:500}\" data-widget_type=\"slides.default\">\n\t\t\t\t<div class=\"elementor-widget-container\">\n\t\t\t\t\t\t\t\t\t<div class=\"elementor-swiper\">\n\t\t\t\t\t<div class=\"elementor-slides-wrapper elementor-main-swiper swiper\" role=\"region\" aria-roledescription=\"carousel\" aria-label=\"Slides\" dir=\"ltr\" data-animation=\"\">\n\t\t\t\t<div class=\"swiper-wrapper elementor-slides\">\n\t\t\t\t\t\t\t\t\t\t<div class=\"elementor-repeater-item-ff12e8d swiper-slide\" role=\"group\" aria-roledescription=\"slide\"><div class=\"swiper-slide-bg\" role=\"img\"><\/div><a class=\"swiper-slide-inner\" href=\"https:\/\/ensystex.com.vn\/wp-content\/uploads\/2024\/09\/Vectothor_fe29b8ca-62bb-4058-858c-bacfd15480d7.jpeg\" target=\"_blank\"><div class=\"swiper-slide-contents\"><\/div><\/a><\/div><div class=\"elementor-repeater-item-f61bdbf swiper-slide\" role=\"group\" aria-roledescription=\"slide\"><div class=\"swiper-slide-bg\" role=\"img\"><\/div><div class=\"swiper-slide-inner\" ><div class=\"swiper-slide-contents\"><\/div><\/div><\/div>\t\t\t\t<\/div>\n\t\t\t\t\t\t\t\t\t\t\t\t\t\t\t<div class=\"elementor-swiper-button elementor-swiper-button-prev\" role=\"button\" tabindex=\"0\" aria-label=\"Previous slide\">\n\t\t\t\t\t\t\t<svg aria-hidden=\"true\" class=\"e-font-icon-svg e-eicon-chevron-left\" viewbox=\"0 0 1000 1000\" xmlns=\"http:\/\/www.w3.org\/2000\/svg\"><path d=\"M646 125C629 125 613 133 604 142L308 442C296 454 292 471 292 487 292 504 296 521 308 533L604 854C617 867 629 875 646 875 663 875 679 871 692 858 704 846 713 829 713 812 713 796 708 779 692 767L438 487 692 225C700 217 708 204 708 187 708 171 704 154 692 142 675 129 663 125 646 125Z\"><\/path><\/svg>\t\t\t\t\t\t<\/div>\n\t\t\t\t\t\t<div class=\"elementor-swiper-button elementor-swiper-button-next\" role=\"button\" tabindex=\"0\" aria-label=\"Next slide\">\n\t\t\t\t\t\t\t<svg aria-hidden=\"true\" class=\"e-font-icon-svg e-eicon-chevron-right\" viewbox=\"0 0 1000 1000\" xmlns=\"http:\/\/www.w3.org\/2000\/svg\"><path d=\"M696 533C708 521 713 504 713 487 713 471 708 454 696 446L400 146C388 133 375 125 354 125 338 125 325 129 313 142 300 154 292 171 292 187 292 204 296 221 308 233L563 492 304 771C292 783 288 800 288 817 288 833 296 850 308 863 321 871 338 875 354 875 371 875 388 867 400 854L696 533Z\"><\/path><\/svg>\t\t\t\t\t\t<\/div>\n\t\t\t\t\t\t\t\t\t\t\t\t\t\t\t\t<div class=\"swiper-pagination\"><\/div>\n\t\t\t\t\t\t\t\t\t\t\t\t<\/div>\n\t\t\t\t<\/div>\n\t\t\t\t\t\t\t\t<\/div>\n\t\t\t\t<\/div>\n\t\t\t\t<\/div>\n\t\t<div class=\"elementor-element elementor-element-f05555c e-con-full e-flex e-con e-child\" data-id=\"f05555c\" data-element_type=\"container\">\n\t\t\t\t<div class=\"elementor-element elementor-element-bfcca28 elementor-widget__width-initial elementor-widget-tablet__width-initial elementor-widget elementor-widget-heading\" data-id=\"bfcca28\" data-element_type=\"widget\" data-widget_type=\"heading.default\">\n\t\t\t\t<div class=\"elementor-widget-container\">\n\t\t\t\t\t<h2 class=\"elementor-heading-title elementor-size-default\">B\u1eaby \u0111\u00e8n ki\u1ec3m so\u00e1t c\u00f4n tr\u00f9ng bay VECTOTHOR\u00ae<\/h2>\t\t\t\t<\/div>\n\t\t\t\t<\/div>\n\t\t\t\t<div class=\"elementor-element elementor-element-ccdacec elementor-widget elementor-widget-text-editor\" data-id=\"ccdacec\" data-element_type=\"widget\" data-widget_type=\"text-editor.default\">\n\t\t\t\t<div class=\"elementor-widget-container\">\n\t\t\t\t\t\t\t\t\t<p><a href=\"https:\/\/www.ensystex.com.au\/pages\/vectothor-products-region-8-australia-and-new-zealand\" target=\"_blank\" rel=\"noopener\">Truy c\u1eadp www.Vectothor.com \u0111\u1ec3 bi\u1ebft to\u00e0n b\u1ed9 d\u00f2ng s\u1ea3n ph\u1ea9m c\u1ee7a ch\u00fang t\u00f4i<\/a><\/p>\t\t\t\t\t\t\t\t<\/div>\n\t\t\t\t<\/div>\n\t\t\t\t<div class=\"elementor-element elementor-element-41a8180 elementor-widget__width-initial elementor-widget-mobile__width-initial elementor-widget elementor-widget-text-editor\" data-id=\"41a8180\" data-element_type=\"widget\" data-widget_type=\"text-editor.default\">\n\t\t\t\t<div class=\"elementor-widget-container\">\n\t\t\t\t\t\t\t\t\t<div class=\"rich-text__text rte\"><p>V\u1edbi c\u00e1c gi\u1ea3i ph\u00e1p ti\u00ean ti\u1ebfn h\u00e0ng \u0111\u1ea7u \u0111\u1ea3m b\u1ea3o t\u1ef7 l\u1ec7 b\u1eaft c\u00f4n tr\u00f9ng bay hi\u1ec7u qu\u1ea3 nh\u1ea5t gi\u00fap cho nh\u1eefng s\u1ea3n ph\u1ea9m B\u1eaby \u0111\u00e8n ki\u1ec3m so\u00e1t c\u00f4n tr\u00f9ng bay VECTOTHOR\u00ae tr\u1edf th\u00e0nh s\u1ef1 l\u1ef1a ch\u1ecdn h\u00e0ng \u0111\u1ea7u cho nh\u1eefng ch\u01b0\u01a1ng tr\u00ecnh qu\u1ea3n l\u00fd th\u1ef1c ph\u1ea9m HACCP, ng\u00e0nh d\u1ecbch v\u1ee5 kh\u00e1ch s\u1ea1n, b\u1ec7nh vi\u1ec7n, ho\u1eb7c d\u00e0nh cho nh\u1eefng ai mu\u1ed1n \u0111\u1ea1t \u0111\u01b0\u1ee3c hi\u1ec7u qu\u1ea3 cao nh\u1ea5t trong ch\u01b0\u01a1ng tr\u00ecnh ki\u1ec3m so\u00e1t c\u00f4n tr\u00f9ng bay c\u1ee7a h\u1ecd.<span class=\"Apple-converted-space\">\u00a0<\/span><\/p><p>C\u00e1c lo\u1ea1i thi\u1ebft b\u1ecb \u0111i\u1ec7n t\u1eed ki\u1ec3m so\u00e1t c\u00f4n tr\u00f9ng bay h\u00e0ng \u0111\u1ea7u c\u1ee7a ch\u00fang t\u00f4i tu\u00e2n th\u1ee7 theo HACCP v\u00e0 \u0111\u01b0\u1ee3c thi\u1ebft k\u1ebf ph\u00f9 h\u1ee3p v\u1edbi m\u00f4i tr\u01b0\u1eddng. S\u1ea3n ph\u1ea9m l\u00e0 l\u1ef1a ch\u1ecdn l\u00fd t\u01b0\u1edfng cho v\u0103n ph\u00f2ng kinh doanh, nh\u00e0 h\u00e0ng, qu\u00e1n c\u00e0 ph\u00ea, b\u1ec7nh vi\u1ec7n, c\u1eeda h\u00e0ng, b\u1ebfp \u0103n, khu v\u1ef1c s\u1ea3n xu\u1ea5t th\u1ef1c ph\u1ea9m v\u00e0 m\u00f4i tr\u01b0\u1eddng c\u00f4ng nghi\u1ec7p \u1ea9m \u01b0\u1edbt.<span class=\"Apple-converted-space\">\u00a0<\/span><\/p><p>C\u00e1c s\u1ea3n ph\u1ea9m c\u1ee7a ch\u00fang t\u00f4i \u0111\u01b0\u1ee3c thi\u1ebft k\u1ebf \u0111\u1ec3 \u0111\u01b0a v\u00e0o s\u1eed d\u1ee5ng cho c\u00e1c ng\u00e0nh c\u00f4ng nghi\u1ec7p v\u1edbi y\u00eau c\u1ea7u kh\u1eaft khe nh\u1ea5t hi\u1ec7n nay. S\u1ea3n ph\u1ea9m c\u00f3 th\u1ec3 \u0111\u01b0\u1ee3c s\u1eed d\u1ee5ng trong c\u00e1c c\u01a1 s\u1edf s\u1ea3n xu\u1ea5t h\u00e0ng ti\u00eau d\u00f9ng v\u00e0 h\u00e0ng c\u00f4ng nghi\u1ec7p.<span class=\"Apple-converted-space\">\u00a0<\/span><\/p><p>D\u00f9 l\u00e0 c\u01a1 s\u1edf ch\u1ebf bi\u1ebfn th\u1ef1c ph\u1ea9m hay x\u1eed l\u00fd m\u00f4i tr\u01b0\u1eddng, c\u00e1c s\u1ea3n ph\u1ea9m c\u1ee7a ch\u00fang t\u00f4i \u0111\u1ec1u \u0111\u00f3ng vai tr\u00f2 quan tr\u1ecdng trong vi\u1ec7c ki\u1ec3m so\u00e1t c\u00f4n tr\u00f9ng bay nh\u1eb1m ng\u0103n t\u00ecnh tr\u1ea1ng nhi\u1ec5m b\u1ea9n v\u00e0 c\u00e1c m\u1ed1i nguy h\u1ea1i kh\u00e1c.<span class=\"Apple-converted-space\">\u00a0<\/span><\/p><p>V\u1edbi c\u00e1c \u0111\u00e8n ph\u00e1t s\u00e1ng nh\u1eafm v\u00e0o v\u00f9ng quang ph\u1ed5 nh\u00ecn th\u1ea5y c\u1ee7a ru\u1ed3i nh\u00e0 (c\u00f3 b\u01b0\u1edbc s\u00f3ng t\u1eeb 300-420 nm) v\u00e0 ph\u00e1t x\u1ea1 \u00e1nh s\u00e1ng li\u00ean t\u1ee5c (10.000 chu k\u1ef3 m\u1ed7i gi\u00e2y b\u1eb1ng Xung \u0110i\u1ec7n \u00c1nh S\u00e1ng T\u1ea7n S\u1ed1 cao), c\u00e1c s\u1ea3n ph\u1ea9m chuy\u00ean nghi\u1ec7p c\u1ee7a ch\u00fang t\u00f4i mang \u0111\u1ebfn hi\u1ec7u qu\u1ea3 t\u1ed1i \u01b0u v\u01b0\u1ee3t tr\u1ed9i, kh\u00f4ng c\u00f3 \u0111\u1ed1i th\u1ee7.<span class=\"Apple-converted-space\">\u00a0<\/span><\/p><p><b>\u0110\u1ec3 bi\u1ebft th\u00eam th\u00f4ng tin:<\/b><strong><br \/><a href=\"https:\/\/ensystex.com.vn\/wp-content\/uploads\/2026\/03\/BROV2212-1.02-03.26-Vectothor-Brochure_v12_EVN-v6_eml_compressed_compressed.pdf\" target=\"_blank\" rel=\"noopener\">\u203a Brochure s\u1ea3n ph\u1ea9m<\/a><br \/><\/strong><\/p><\/div>\t\t\t\t\t\t\t\t<\/div>\n\t\t\t\t<\/div>\n\t\t\t\t<div class=\"elementor-element elementor-element-a944e57 elementor-widget elementor-widget-text-editor\" data-id=\"a944e57\" data-element_type=\"widget\" data-widget_type=\"text-editor.default\">\n\t\t\t\t<div class=\"elementor-widget-container\">\n\t\t\t\t\t\t\t\t\t<p><a href=\"https:\/\/ensystex.com.vn\/vi\/vectothor-flying-insect-killer-light-traps\/\">\u2190 Tr\u1edf l\u1ea1i<\/a><\/p>\t\t\t\t\t\t\t\t<\/div>\n\t\t\t\t<\/div>\n\t\t\t\t<\/div>\n\t\t\t\t\t<\/div>\n\t\t\t\t<\/div>\n\t\t\t\t<\/div>","protected":false},"excerpt":{"rendered":"<p>VECTOTHOR\u00ae Flying Insect Killer Light Traps Visit www.Vectothor.com for full product range Leading edge solutions that guarantee the highest catch rates make VECTOTHOR Flying Insect Killer Light Traps the premium choice for HACCP food management programs, the hospitality industry, hospitals, indeed for anyone who wants peak performance in their flying insect management program.\u00a0 Our premium&#8230;<\/p>","protected":false},"author":1,"featured_media":0,"parent":0,"menu_order":0,"comment_status":"closed","ping_status":"closed","template":"","meta":{"_monsterinsights_skip_tracking":false,"_monsterinsights_sitenote_active":false,"_monsterinsights_sitenote_note":"","_monsterinsights_sitenote_category":0,"_kad_post_transparent":"","_kad_post_title":"hide","_kad_post_layout":"fullwidth","_kad_post_sidebar_id":"","_kad_post_content_style":"unboxed","_kad_post_vertical_padding":"hide","_kad_post_feature":"hide","_kad_post_feature_position":"","_kad_post_header":false,"_kad_post_footer":false,"footnotes":""},"class_list":["post-1128","page","type-page","status-publish","hentry"],"aioseo_notices":[],"_links":{"self":[{"href":"https:\/\/ensystex.com.vn\/vi\/wp-json\/wp\/v2\/pages\/1128","targetHints":{"allow":["GET"]}}],"collection":[{"href":"https:\/\/ensystex.com.vn\/vi\/wp-json\/wp\/v2\/pages"}],"about":[{"href":"https:\/\/ensystex.com.vn\/vi\/wp-json\/wp\/v2\/types\/page"}],"author":[{"embeddable":true,"href":"https:\/\/ensystex.com.vn\/vi\/wp-json\/wp\/v2\/users\/1"}],"replies":[{"embeddable":true,"href":"https:\/\/ensystex.com.vn\/vi\/wp-json\/wp\/v2\/comments?post=1128"}],"version-history":[{"count":85,"href":"https:\/\/ensystex.com.vn\/vi\/wp-json\/wp\/v2\/pages\/1128\/revisions"}],"predecessor-version":[{"id":2621,"href":"https:\/\/ensystex.com.vn\/vi\/wp-json\/wp\/v2\/pages\/1128\/revisions\/2621"}],"wp:attachment":[{"href":"https:\/\/ensystex.com.vn\/vi\/wp-json\/wp\/v2\/media?parent=1128"}],"curies":[{"name":"wp","href":"https:\/\/api.w.org\/{rel}","templated":true}]}}